{"id":32339,"date":"2014-12-19T07:52:50","date_gmt":"2014-12-19T07:52:50","guid":{"rendered":"https:\/\/www.antwerpor.com\/18k-gold\/custom-order\/molar-de-diamante-de-ouro-amarelo-de-0-40-quilate\/"},"modified":"2018-10-16T14:14:44","modified_gmt":"2018-10-16T14:14:44","slug":"molar-de-diamante-de-ouro-amarelo-de-0-40-quilate","status":"publish","type":"product","link":"https:\/\/www.antwerpor.com\/pt-pt\/18k-gold\/colares-de-diamante\/molar-de-diamante-de-ouro-amarelo-de-0-40-quilate\/","title":{"rendered":"Molar de diamante de ouro amarelo de 0.40 quilate"},"content":{"rendered":"","protected":false},"excerpt":{"rendered":"<p>Este peculiar colar de diamantes \u00e9 composto de 18 quilates de ouro amarelo. O colar de diamantes que voc\u00ea est\u00e1 vendo no momento Impressiona seus observadores com sua sofistica\u00e7\u00e3o E propociona mais classe para qualquer look que voc\u00ea vestir.[video width=\"1280\" height=\"720\" mp4=\"https:\/\/s3.amazonaws.com\/antwerporone\/video\/necklaces\/0.40+Ct+Diamond+Pendant+in+18K+White+and+Yellow+Gold+Mix.mp4\"][\/video] [&#8230;]<\/p>\n","protected":false},"featured_media":7750,"template":"","meta":{"_acf_changed":false},"product_brand":[],"product_cat":[201],"product_tag":[659,626,637],"class_list":{"0":"post-32339","1":"product","2":"type-product","3":"status-publish","4":"has-post-thumbnail","6":"product_cat-colares-de-diamante","7":"product_tag-colares-de-diamante","8":"product_tag-colares-de-diamante-e-ouro-amarelo","9":"product_tag-colares-de-diamante-de-ouro-18k","10":"odd","12":"first","13":"instock","14":"sold-individually","15":"taxable","16":"shipping-taxable","17":"purchasable","18":"product-type-simple"},"acf":[],"_links":{"self":[{"href":"https:\/\/www.antwerpor.com\/pt-pt\/wp-json\/wp\/v2\/product\/32339","targetHints":{"allow":["GET"]}}],"collection":[{"href":"https:\/\/www.antwerpor.com\/pt-pt\/wp-json\/wp\/v2\/product"}],"about":[{"href":"https:\/\/www.antwerpor.com\/pt-pt\/wp-json\/wp\/v2\/types\/product"}],"wp:featuredmedia":[{"embeddable":true,"href":"https:\/\/www.antwerpor.com\/pt-pt\/wp-json\/wp\/v2\/media\/7750"}],"wp:attachment":[{"href":"https:\/\/www.antwerpor.com\/pt-pt\/wp-json\/wp\/v2\/media?parent=32339"}],"wp:term":[{"taxonomy":"product_brand","embeddable":true,"href":"https:\/\/www.antwerpor.com\/pt-pt\/wp-json\/wp\/v2\/product_brand?post=32339"},{"taxonomy":"product_cat","embeddable":true,"href":"https:\/\/www.antwerpor.com\/pt-pt\/wp-json\/wp\/v2\/product_cat?post=32339"},{"taxonomy":"product_tag","embeddable":true,"href":"https:\/\/www.antwerpor.com\/pt-pt\/wp-json\/wp\/v2\/product_tag?post=32339"}],"curies":[{"name":"wp","href":"https:\/\/api.w.org\/{rel}","templated":true}]}}