{"id":32331,"date":"2014-12-19T07:53:54","date_gmt":"2014-12-19T07:53:54","guid":{"rendered":"https:\/\/www.antwerpor.com\/18k-gold\/custom-order\/colar-de-diamante-de-ouro-amarelo-de-0-38-quilate\/"},"modified":"2014-12-19T07:53:54","modified_gmt":"2014-12-19T07:53:54","slug":"colar-de-diamante-de-ouro-amarelo-de-0-38-quilate","status":"publish","type":"product","link":"https:\/\/www.antwerpor.com\/pt-pt\/18k-gold\/colares-de-diamante\/colar-de-diamante-de-ouro-amarelo-de-0-38-quilate\/","title":{"rendered":"Colar de diamante de ouro amarelo de 0.38 quilate"},"content":{"rendered":"","protected":false},"excerpt":{"rendered":"<p>Este encantador colar de diamantes \u00e9 composto de 18 quilates de ouro amarelo. O colar de diamantes que voc\u00ea est\u00e1 vendo no momento \u00c9 uma joia que realmente se destaca, e voc\u00ea com certeza ser\u00e1 notada E deixa qualquer look que voc\u00ea vestir mais refinado.  [&#8230;]<\/p>\n","protected":false},"featured_media":7736,"template":"","meta":{"_acf_changed":false},"product_brand":[],"product_cat":[201],"product_tag":[659,626,637],"class_list":{"0":"post-32331","1":"product","2":"type-product","3":"status-publish","4":"has-post-thumbnail","6":"product_cat-colares-de-diamante","7":"product_tag-colares-de-diamante","8":"product_tag-colares-de-diamante-e-ouro-amarelo","9":"product_tag-colares-de-diamante-de-ouro-18k","10":"odd","12":"first","13":"outofstock","14":"sold-individually","15":"taxable","16":"shipping-taxable","17":"purchasable","18":"product-type-simple"},"acf":[],"_links":{"self":[{"href":"https:\/\/www.antwerpor.com\/pt-pt\/wp-json\/wp\/v2\/product\/32331","targetHints":{"allow":["GET"]}}],"collection":[{"href":"https:\/\/www.antwerpor.com\/pt-pt\/wp-json\/wp\/v2\/product"}],"about":[{"href":"https:\/\/www.antwerpor.com\/pt-pt\/wp-json\/wp\/v2\/types\/product"}],"wp:featuredmedia":[{"embeddable":true,"href":"https:\/\/www.antwerpor.com\/pt-pt\/wp-json\/wp\/v2\/media\/7736"}],"wp:attachment":[{"href":"https:\/\/www.antwerpor.com\/pt-pt\/wp-json\/wp\/v2\/media?parent=32331"}],"wp:term":[{"taxonomy":"product_brand","embeddable":true,"href":"https:\/\/www.antwerpor.com\/pt-pt\/wp-json\/wp\/v2\/product_brand?post=32331"},{"taxonomy":"product_cat","embeddable":true,"href":"https:\/\/www.antwerpor.com\/pt-pt\/wp-json\/wp\/v2\/product_cat?post=32331"},{"taxonomy":"product_tag","embeddable":true,"href":"https:\/\/www.antwerpor.com\/pt-pt\/wp-json\/wp\/v2\/product_tag?post=32331"}],"curies":[{"name":"wp","href":"https:\/\/api.w.org\/{rel}","templated":true}]}}