{"id":32324,"date":"2014-12-19T08:01:23","date_gmt":"2014-12-19T08:01:23","guid":{"rendered":"https:\/\/www.antwerpor.com\/18k-gold\/custom-order\/colar-de-diamante-de-ouro-branco-de-0-30-quilate\/"},"modified":"2014-12-19T08:01:23","modified_gmt":"2014-12-19T08:01:23","slug":"colar-de-diamante-de-ouro-branco-de-0-30-quilate","status":"publish","type":"product","link":"https:\/\/www.antwerpor.com\/pt-pt\/18k-gold\/colares-de-diamante\/colar-de-diamante-de-ouro-branco-de-0-30-quilate\/","title":{"rendered":"Colar de diamante de ouro branco de 0.30 quilate"},"content":{"rendered":"","protected":false},"excerpt":{"rendered":"<p>Este elegante colar de diamantes \u00e9 composto de 18 quilates de ouro branco. O colar de diamantes que voc\u00ea est\u00e1 vendo no momento Possui um lindo brilho em todos os \u00e2ngulos E Foi feita \u00e0 m\u00e3o com perfei\u00e7\u00e3o.[video width=\"1280\" height=\"720\" mp4=\"https:\/\/s3.amazonaws.com\/antwerporone\/video\/necklaces\/0.30+Ct+18K+White+Gold+Diamond+Pendant.mp4\"][\/video]  [&#8230;]<\/p>\n","protected":false},"featured_media":7708,"template":"","meta":{"_acf_changed":false},"product_brand":[],"product_cat":[201],"product_tag":[659,630,637],"class_list":{"0":"post-32324","1":"product","2":"type-product","3":"status-publish","4":"has-post-thumbnail","6":"product_cat-colares-de-diamante","7":"product_tag-colares-de-diamante","8":"product_tag-colares-de-diamante-e-ouro-branco","9":"product_tag-colares-de-diamante-de-ouro-18k","10":"odd","12":"first","13":"outofstock","14":"sold-individually","15":"taxable","16":"shipping-taxable","17":"purchasable","18":"product-type-simple"},"acf":[],"_links":{"self":[{"href":"https:\/\/www.antwerpor.com\/pt-pt\/wp-json\/wp\/v2\/product\/32324","targetHints":{"allow":["GET"]}}],"collection":[{"href":"https:\/\/www.antwerpor.com\/pt-pt\/wp-json\/wp\/v2\/product"}],"about":[{"href":"https:\/\/www.antwerpor.com\/pt-pt\/wp-json\/wp\/v2\/types\/product"}],"wp:featuredmedia":[{"embeddable":true,"href":"https:\/\/www.antwerpor.com\/pt-pt\/wp-json\/wp\/v2\/media\/7708"}],"wp:attachment":[{"href":"https:\/\/www.antwerpor.com\/pt-pt\/wp-json\/wp\/v2\/media?parent=32324"}],"wp:term":[{"taxonomy":"product_brand","embeddable":true,"href":"https:\/\/www.antwerpor.com\/pt-pt\/wp-json\/wp\/v2\/product_brand?post=32324"},{"taxonomy":"product_cat","embeddable":true,"href":"https:\/\/www.antwerpor.com\/pt-pt\/wp-json\/wp\/v2\/product_cat?post=32324"},{"taxonomy":"product_tag","embeddable":true,"href":"https:\/\/www.antwerpor.com\/pt-pt\/wp-json\/wp\/v2\/product_tag?post=32324"}],"curies":[{"name":"wp","href":"https:\/\/api.w.org\/{rel}","templated":true}]}}