{"id":32303,"date":"2015-04-13T10:01:55","date_gmt":"2015-04-13T10:01:55","guid":{"rendered":"https:\/\/www.antwerpor.com\/18k-gold\/custom-order\/colar-de-diamante-de-ouro-branco-de-3-02-quilate\/"},"modified":"2015-04-13T10:01:55","modified_gmt":"2015-04-13T10:01:55","slug":"colar-de-diamante-de-ouro-branco-de-3-02-quilate","status":"publish","type":"product","link":"https:\/\/www.antwerpor.com\/pt-pt\/18k-gold\/colares-de-diamante\/colar-de-diamante-de-ouro-branco-de-3-02-quilate\/","title":{"rendered":"Colar de diamante de ouro branco de 3.02 quilate"},"content":{"rendered":"","protected":false},"excerpt":{"rendered":"<p>Este deslumbrante colar de diamantes \u00e9 composto de 18 quilates de ouro branco. O colar de diamantes que voc\u00ea est\u00e1 vendo no momento Possui um lindo brilho em todos os \u00e2ngulos E impressiona quem a v\u00ea com sua sofistica\u00e7\u00e3o. [&#8230;]<\/p>\n","protected":false},"featured_media":10428,"template":"","meta":{"_acf_changed":false},"product_brand":[],"product_cat":[201],"product_tag":[659,630,637],"class_list":{"0":"post-32303","1":"product","2":"type-product","3":"status-publish","4":"has-post-thumbnail","6":"product_cat-colares-de-diamante","7":"product_tag-colares-de-diamante","8":"product_tag-colares-de-diamante-e-ouro-branco","9":"product_tag-colares-de-diamante-de-ouro-18k","10":"odd","12":"first","13":"instock","14":"sold-individually","15":"taxable","16":"shipping-taxable","17":"purchasable","18":"product-type-simple"},"acf":[],"_links":{"self":[{"href":"https:\/\/www.antwerpor.com\/pt-pt\/wp-json\/wp\/v2\/product\/32303","targetHints":{"allow":["GET"]}}],"collection":[{"href":"https:\/\/www.antwerpor.com\/pt-pt\/wp-json\/wp\/v2\/product"}],"about":[{"href":"https:\/\/www.antwerpor.com\/pt-pt\/wp-json\/wp\/v2\/types\/product"}],"wp:featuredmedia":[{"embeddable":true,"href":"https:\/\/www.antwerpor.com\/pt-pt\/wp-json\/wp\/v2\/media\/10428"}],"wp:attachment":[{"href":"https:\/\/www.antwerpor.com\/pt-pt\/wp-json\/wp\/v2\/media?parent=32303"}],"wp:term":[{"taxonomy":"product_brand","embeddable":true,"href":"https:\/\/www.antwerpor.com\/pt-pt\/wp-json\/wp\/v2\/product_brand?post=32303"},{"taxonomy":"product_cat","embeddable":true,"href":"https:\/\/www.antwerpor.com\/pt-pt\/wp-json\/wp\/v2\/product_cat?post=32303"},{"taxonomy":"product_tag","embeddable":true,"href":"https:\/\/www.antwerpor.com\/pt-pt\/wp-json\/wp\/v2\/product_tag?post=32303"}],"curies":[{"name":"wp","href":"https:\/\/api.w.org\/{rel}","templated":true}]}}