{"id":32265,"date":"2016-07-14T02:58:05","date_gmt":"2016-07-14T02:58:05","guid":{"rendered":"https:\/\/www.antwerpor.com\/18k-gold\/custom-order\/colar-de-diamante-de-ouro-rosa-de-0-15-quilate\/"},"modified":"2018-10-16T14:14:32","modified_gmt":"2018-10-16T14:14:32","slug":"colar-de-diamante-de-ouro-rosa-de-0-15-quilate","status":"publish","type":"product","link":"https:\/\/www.antwerpor.com\/pt-pt\/18k-gold\/colares-de-diamante\/colar-de-diamante-de-ouro-rosa-de-0-15-quilate\/","title":{"rendered":"Colar de diamante de ouro rosa de 0.15 quilate"},"content":{"rendered":"","protected":false},"excerpt":{"rendered":"<p>Este art\u00edstico colar de diamantes \u00e9 composto de 18 quilates de ouro rosa. O colar de diamantes que voc\u00ea est\u00e1 vendo no momento Foi feito \u00e0 m\u00e3o por experts E \u00e9 perfeita para um estilo casual.[video width=\"1280\" height=\"720\" mp4=\"https:\/\/s3.amazonaws.com\/antwerporone\/video\/necklaces\/The+Black+Diamond+Butterfly+Necklace-Pendant+in+Rose+Gold.mp4\"][\/video]  [&#8230;]<\/p>\n","protected":false},"featured_media":11793,"template":"","meta":{"_acf_changed":false},"product_brand":[],"product_cat":[201],"product_tag":[659,637,621,656],"class_list":{"0":"post-32265","1":"product","2":"type-product","3":"status-publish","4":"has-post-thumbnail","6":"product_cat-colares-de-diamante","7":"product_tag-colares-de-diamante","8":"product_tag-colares-de-diamante-de-ouro-18k","9":"product_tag-colares-de-diamante-e-ouro-rosa","10":"product_tag-joias-com-diamantes-negros","11":"odd","13":"first","14":"instock","15":"sale","16":"sold-individually","17":"taxable","18":"shipping-taxable","19":"purchasable","20":"product-type-simple"},"acf":[],"_links":{"self":[{"href":"https:\/\/www.antwerpor.com\/pt-pt\/wp-json\/wp\/v2\/product\/32265","targetHints":{"allow":["GET"]}}],"collection":[{"href":"https:\/\/www.antwerpor.com\/pt-pt\/wp-json\/wp\/v2\/product"}],"about":[{"href":"https:\/\/www.antwerpor.com\/pt-pt\/wp-json\/wp\/v2\/types\/product"}],"wp:featuredmedia":[{"embeddable":true,"href":"https:\/\/www.antwerpor.com\/pt-pt\/wp-json\/wp\/v2\/media\/11793"}],"wp:attachment":[{"href":"https:\/\/www.antwerpor.com\/pt-pt\/wp-json\/wp\/v2\/media?parent=32265"}],"wp:term":[{"taxonomy":"product_brand","embeddable":true,"href":"https:\/\/www.antwerpor.com\/pt-pt\/wp-json\/wp\/v2\/product_brand?post=32265"},{"taxonomy":"product_cat","embeddable":true,"href":"https:\/\/www.antwerpor.com\/pt-pt\/wp-json\/wp\/v2\/product_cat?post=32265"},{"taxonomy":"product_tag","embeddable":true,"href":"https:\/\/www.antwerpor.com\/pt-pt\/wp-json\/wp\/v2\/product_tag?post=32265"}],"curies":[{"name":"wp","href":"https:\/\/api.w.org\/{rel}","templated":true}]}}