{"id":32222,"date":"2016-09-29T15:36:13","date_gmt":"2016-09-29T15:36:13","guid":{"rendered":"https:\/\/www.antwerpor.com\/18k-gold\/custom-order\/colar-de-diamante-de-ouro-amarelo-de-0-31-quilate\/"},"modified":"2018-02-26T15:45:46","modified_gmt":"2018-02-26T15:45:46","slug":"colar-de-diamante-de-ouro-branco-de-0-31-quilate","status":"publish","type":"product","link":"https:\/\/www.antwerpor.com\/pt-pt\/18k-gold\/colares-de-diamante\/colar-de-diamante-de-ouro-branco-de-0-31-quilate\/","title":{"rendered":"Colar de diamante de ouro branco de 0.31 quilate"},"content":{"rendered":"","protected":false},"excerpt":{"rendered":"<p>Este lindo bracelete de diamantes \u00e9 composto de 18 quilates de ouro branco. O bracelete de diamantes que voc\u00ea est\u00e1 vendo no momento Impressiona seus observadores com sua sofistica\u00e7\u00e3o E Foi feita \u00e0 m\u00e3o com perfei\u00e7\u00e3o.[video width=\"1280\" height=\"720\" mp4=\"https:\/\/s3.amazonaws.com\/antwerporone\/video\/Amethyst+White+Gold+0.31+Ct+Diamond+Necklace.mp4\"][\/video]  [&#8230;]<\/p>\n","protected":false},"featured_media":3406,"template":"","meta":{"_acf_changed":false},"product_brand":[],"product_cat":[201],"product_tag":[659,630,637,651],"class_list":{"0":"post-32222","1":"product","2":"type-product","3":"status-publish","4":"has-post-thumbnail","6":"product_cat-colares-de-diamante","7":"product_tag-colares-de-diamante","8":"product_tag-colares-de-diamante-e-ouro-branco","9":"product_tag-colares-de-diamante-de-ouro-18k","10":"product_tag-joia-de-diamante-amethyst","11":"odd","13":"first","14":"outofstock","15":"sold-individually","16":"taxable","17":"shipping-taxable","18":"purchasable","19":"product-type-simple"},"acf":[],"_links":{"self":[{"href":"https:\/\/www.antwerpor.com\/pt-pt\/wp-json\/wp\/v2\/product\/32222","targetHints":{"allow":["GET"]}}],"collection":[{"href":"https:\/\/www.antwerpor.com\/pt-pt\/wp-json\/wp\/v2\/product"}],"about":[{"href":"https:\/\/www.antwerpor.com\/pt-pt\/wp-json\/wp\/v2\/types\/product"}],"wp:featuredmedia":[{"embeddable":true,"href":"https:\/\/www.antwerpor.com\/pt-pt\/wp-json\/wp\/v2\/media\/3406"}],"wp:attachment":[{"href":"https:\/\/www.antwerpor.com\/pt-pt\/wp-json\/wp\/v2\/media?parent=32222"}],"wp:term":[{"taxonomy":"product_brand","embeddable":true,"href":"https:\/\/www.antwerpor.com\/pt-pt\/wp-json\/wp\/v2\/product_brand?post=32222"},{"taxonomy":"product_cat","embeddable":true,"href":"https:\/\/www.antwerpor.com\/pt-pt\/wp-json\/wp\/v2\/product_cat?post=32222"},{"taxonomy":"product_tag","embeddable":true,"href":"https:\/\/www.antwerpor.com\/pt-pt\/wp-json\/wp\/v2\/product_tag?post=32222"}],"curies":[{"name":"wp","href":"https:\/\/api.w.org\/{rel}","templated":true}]}}