{"id":32215,"date":"2016-09-29T15:36:13","date_gmt":"2016-09-29T15:36:13","guid":{"rendered":"https:\/\/www.antwerpor.com\/18k-gold\/custom-order\/colar-de-diamante-de-ouro-amarelo-de-0-17-quilate\/"},"modified":"2016-09-29T15:36:13","modified_gmt":"2016-09-29T15:36:13","slug":"colar-de-diamante-de-ouro-amarelo-de-0-17-quilate","status":"publish","type":"product","link":"https:\/\/www.antwerpor.com\/pt-pt\/18k-gold\/colares-de-diamante\/colar-de-diamante-de-ouro-amarelo-de-0-17-quilate\/","title":{"rendered":"Colar de diamante de ouro amarelo de 0.17 quilate"},"content":{"rendered":"","protected":false},"excerpt":{"rendered":"<p>Este encantador bracelete de diamantes \u00e9 composto de 18 quilates de ouro amarelo. O bracelete de diamantes que voc\u00ea est\u00e1 vendo no momento \u00c9 considerado um tesouro eterno E foi feita \u00e0 m\u00e3o para maior qualidade.[video width=\"1280\" height=\"720\" mp4=\"https:\/\/s3.amazonaws.com\/antwerporone\/video\/0.64+Ct+Ruby+0.17+Ct+Yellow+Gold+Diamond+Necklace.mp4\"][\/video] [&#8230;]<\/p>\n","protected":false},"featured_media":12061,"template":"","meta":{"_acf_changed":false},"product_brand":[],"product_cat":[201],"product_tag":[659,626,637],"class_list":{"0":"post-32215","1":"product","2":"type-product","3":"status-publish","4":"has-post-thumbnail","6":"product_cat-colares-de-diamante","7":"product_tag-colares-de-diamante","8":"product_tag-colares-de-diamante-e-ouro-amarelo","9":"product_tag-colares-de-diamante-de-ouro-18k","10":"odd","12":"first","13":"instock","14":"sold-individually","15":"taxable","16":"shipping-taxable","17":"purchasable","18":"product-type-simple"},"acf":[],"_links":{"self":[{"href":"https:\/\/www.antwerpor.com\/pt-pt\/wp-json\/wp\/v2\/product\/32215","targetHints":{"allow":["GET"]}}],"collection":[{"href":"https:\/\/www.antwerpor.com\/pt-pt\/wp-json\/wp\/v2\/product"}],"about":[{"href":"https:\/\/www.antwerpor.com\/pt-pt\/wp-json\/wp\/v2\/types\/product"}],"wp:featuredmedia":[{"embeddable":true,"href":"https:\/\/www.antwerpor.com\/pt-pt\/wp-json\/wp\/v2\/media\/12061"}],"wp:attachment":[{"href":"https:\/\/www.antwerpor.com\/pt-pt\/wp-json\/wp\/v2\/media?parent=32215"}],"wp:term":[{"taxonomy":"product_brand","embeddable":true,"href":"https:\/\/www.antwerpor.com\/pt-pt\/wp-json\/wp\/v2\/product_brand?post=32215"},{"taxonomy":"product_cat","embeddable":true,"href":"https:\/\/www.antwerpor.com\/pt-pt\/wp-json\/wp\/v2\/product_cat?post=32215"},{"taxonomy":"product_tag","embeddable":true,"href":"https:\/\/www.antwerpor.com\/pt-pt\/wp-json\/wp\/v2\/product_tag?post=32215"}],"curies":[{"name":"wp","href":"https:\/\/api.w.org\/{rel}","templated":true}]}}