{"id":32201,"date":"2014-12-15T13:02:38","date_gmt":"2014-12-15T13:02:38","guid":{"rendered":"https:\/\/www.antwerpor.com\/18k-gold\/custom-order\/1-42-anel-de-diamante-de-ouro-amarelo-carats\/"},"modified":"2018-02-26T15:24:32","modified_gmt":"2018-02-26T15:24:32","slug":"bracelete-de-diamante-de-ouro-amarelo-142-carats","status":"publish","type":"product","link":"https:\/\/www.antwerpor.com\/pt-pt\/18k-gold\/pulseiras-de-diamante\/bracelete-de-diamante-de-ouro-amarelo-142-carats\/","title":{"rendered":"Bracelete de Diamante de Ouro Amarelo 1,42 Carats"},"content":{"rendered":"","protected":false},"excerpt":{"rendered":"<p>Este lindo bracelete de diamantes \u00e9 composto de 18 quilates de ouro amarelo. O bracelete de diamantes que voc\u00ea est\u00e1 vendo no momento Vai deslumbrar aqueles que olharem para ele E \u00e9 perfeita para uma festa black tie.  [&#8230;]<\/p>\n","protected":false},"featured_media":11478,"template":"","meta":{"_acf_changed":false},"product_brand":[],"product_cat":[192],"product_tag":[591,560,562],"class_list":{"0":"post-32201","1":"product","2":"type-product","3":"status-publish","4":"has-post-thumbnail","6":"product_cat-pulseiras-de-diamante","7":"product_tag-braceletes-de-diamante-de-ouro-amarelo","8":"product_tag-pulseiras-de-diamante","9":"product_tag-pulseiras-de-diamante-de-ouro-18k","10":"odd","12":"first","13":"instock","14":"sale","15":"sold-individually","16":"taxable","17":"shipping-taxable","18":"purchasable","19":"product-type-simple"},"acf":[],"_links":{"self":[{"href":"https:\/\/www.antwerpor.com\/pt-pt\/wp-json\/wp\/v2\/product\/32201","targetHints":{"allow":["GET"]}}],"collection":[{"href":"https:\/\/www.antwerpor.com\/pt-pt\/wp-json\/wp\/v2\/product"}],"about":[{"href":"https:\/\/www.antwerpor.com\/pt-pt\/wp-json\/wp\/v2\/types\/product"}],"wp:featuredmedia":[{"embeddable":true,"href":"https:\/\/www.antwerpor.com\/pt-pt\/wp-json\/wp\/v2\/media\/11478"}],"wp:attachment":[{"href":"https:\/\/www.antwerpor.com\/pt-pt\/wp-json\/wp\/v2\/media?parent=32201"}],"wp:term":[{"taxonomy":"product_brand","embeddable":true,"href":"https:\/\/www.antwerpor.com\/pt-pt\/wp-json\/wp\/v2\/product_brand?post=32201"},{"taxonomy":"product_cat","embeddable":true,"href":"https:\/\/www.antwerpor.com\/pt-pt\/wp-json\/wp\/v2\/product_cat?post=32201"},{"taxonomy":"product_tag","embeddable":true,"href":"https:\/\/www.antwerpor.com\/pt-pt\/wp-json\/wp\/v2\/product_tag?post=32201"}],"curies":[{"name":"wp","href":"https:\/\/api.w.org\/{rel}","templated":true}]}}