{"id":32161,"date":"2014-12-16T00:32:13","date_gmt":"2014-12-16T00:32:13","guid":{"rendered":"https:\/\/www.antwerpor.com\/18k-gold\/custom-order\/pulseira-de-diamante-de-ouro-de-0-08-quilates\/"},"modified":"2014-12-16T00:32:13","modified_gmt":"2014-12-16T00:32:13","slug":"pulseira-de-diamante-de-ouro-de-0-08-quilates","status":"publish","type":"product","link":"https:\/\/www.antwerpor.com\/pt-pt\/18k-gold\/pulseiras-de-diamante\/pulseira-de-diamante-de-ouro-de-0-08-quilates\/","title":{"rendered":"Pulseira de diamante de ouro de 0.08 quilates"},"content":{"rendered":"","protected":false},"excerpt":{"rendered":"<p>Este belo bracelete de diamantes \u00e9 composto de 18 quilates de ouro branco. O bracelete de diamantes que voc\u00ea est\u00e1 vendo no momento Foi feito \u00e0 m\u00e3o por experts E chama a aten\u00e7\u00e3o das pessoas.<\/p>\n<div class=\"youtube\"><iframe loading=\"lazy\" class=\"youtube\" src=\"https:\/\/www.youtube-nocookie.com\/embed\/dqzH9H9K8ao?rel=0&amp;showinfo=0;vq=hd1080;autoplay=1\" width=\"300\" height=\"150\" frameborder=\"0\" allowfullscreen=\"allowfullscreen\"><\/iframe><\/div>\n<p> [&#8230;]<\/p>\n","protected":false},"featured_media":7519,"template":"","meta":{"_acf_changed":false},"product_brand":[],"product_cat":[192],"product_tag":[585,560,562],"class_list":{"0":"post-32161","1":"product","2":"type-product","3":"status-publish","4":"has-post-thumbnail","6":"product_cat-pulseiras-de-diamante","7":"product_tag-brincos-de-diamante-e-ouro-branco","8":"product_tag-pulseiras-de-diamante","9":"product_tag-pulseiras-de-diamante-de-ouro-18k","10":"odd","12":"first","13":"outofstock","14":"sold-individually","15":"taxable","16":"shipping-taxable","17":"purchasable","18":"product-type-simple"},"acf":[],"_links":{"self":[{"href":"https:\/\/www.antwerpor.com\/pt-pt\/wp-json\/wp\/v2\/product\/32161","targetHints":{"allow":["GET"]}}],"collection":[{"href":"https:\/\/www.antwerpor.com\/pt-pt\/wp-json\/wp\/v2\/product"}],"about":[{"href":"https:\/\/www.antwerpor.com\/pt-pt\/wp-json\/wp\/v2\/types\/product"}],"wp:featuredmedia":[{"embeddable":true,"href":"https:\/\/www.antwerpor.com\/pt-pt\/wp-json\/wp\/v2\/media\/7519"}],"wp:attachment":[{"href":"https:\/\/www.antwerpor.com\/pt-pt\/wp-json\/wp\/v2\/media?parent=32161"}],"wp:term":[{"taxonomy":"product_brand","embeddable":true,"href":"https:\/\/www.antwerpor.com\/pt-pt\/wp-json\/wp\/v2\/product_brand?post=32161"},{"taxonomy":"product_cat","embeddable":true,"href":"https:\/\/www.antwerpor.com\/pt-pt\/wp-json\/wp\/v2\/product_cat?post=32161"},{"taxonomy":"product_tag","embeddable":true,"href":"https:\/\/www.antwerpor.com\/pt-pt\/wp-json\/wp\/v2\/product_tag?post=32161"}],"curies":[{"name":"wp","href":"https:\/\/api.w.org\/{rel}","templated":true}]}}