{"id":32133,"date":"2014-12-16T01:37:23","date_gmt":"2014-12-16T01:37:23","guid":{"rendered":"https:\/\/www.antwerpor.com\/18k-gold\/custom-order\/pulseira-de-diamante-de-ouro-de-0-19-quilates-2\/"},"modified":"2018-02-24T23:50:41","modified_gmt":"2018-02-24T23:50:41","slug":"pulseira-de-diamante-de-ouro-de-0-19-quilates-2","status":"publish","type":"product","link":"https:\/\/www.antwerpor.com\/pt-pt\/18k-gold\/pulseiras-de-diamante\/pulseira-de-diamante-de-ouro-de-0-19-quilates-2\/","title":{"rendered":"Pulseira de diamante de ouro de 0.19 quilates"},"content":{"rendered":"","protected":false},"excerpt":{"rendered":"<p>Este encantador bracelete de diamantes \u00e9 composto de 18 quilates de ouro amarelo. O bracelete de diamantes que voc\u00ea est\u00e1 vendo no momento \u00c9 uma joia que realmente se destaca, e voc\u00ea com certeza ser\u00e1 notada E est\u00e1 destinada a deslumbrar aqueles que a veem.  [&#8230;]<\/p>\n","protected":false},"featured_media":7463,"template":"","meta":{"_acf_changed":false},"product_brand":[],"product_cat":[192],"product_tag":[591,560,562],"class_list":{"0":"post-32133","1":"product","2":"type-product","3":"status-publish","4":"has-post-thumbnail","6":"product_cat-pulseiras-de-diamante","7":"product_tag-braceletes-de-diamante-de-ouro-amarelo","8":"product_tag-pulseiras-de-diamante","9":"product_tag-pulseiras-de-diamante-de-ouro-18k","10":"odd","12":"first","13":"outofstock","14":"sale","15":"featured","16":"sold-individually","17":"taxable","18":"shipping-taxable","19":"purchasable","20":"product-type-simple"},"acf":[],"_links":{"self":[{"href":"https:\/\/www.antwerpor.com\/pt-pt\/wp-json\/wp\/v2\/product\/32133","targetHints":{"allow":["GET"]}}],"collection":[{"href":"https:\/\/www.antwerpor.com\/pt-pt\/wp-json\/wp\/v2\/product"}],"about":[{"href":"https:\/\/www.antwerpor.com\/pt-pt\/wp-json\/wp\/v2\/types\/product"}],"wp:featuredmedia":[{"embeddable":true,"href":"https:\/\/www.antwerpor.com\/pt-pt\/wp-json\/wp\/v2\/media\/7463"}],"wp:attachment":[{"href":"https:\/\/www.antwerpor.com\/pt-pt\/wp-json\/wp\/v2\/media?parent=32133"}],"wp:term":[{"taxonomy":"product_brand","embeddable":true,"href":"https:\/\/www.antwerpor.com\/pt-pt\/wp-json\/wp\/v2\/product_brand?post=32133"},{"taxonomy":"product_cat","embeddable":true,"href":"https:\/\/www.antwerpor.com\/pt-pt\/wp-json\/wp\/v2\/product_cat?post=32133"},{"taxonomy":"product_tag","embeddable":true,"href":"https:\/\/www.antwerpor.com\/pt-pt\/wp-json\/wp\/v2\/product_tag?post=32133"}],"curies":[{"name":"wp","href":"https:\/\/api.w.org\/{rel}","templated":true}]}}