{"id":32048,"date":"2015-12-03T01:07:58","date_gmt":"2015-12-03T01:07:58","guid":{"rendered":"https:\/\/www.antwerpor.com\/18k-gold\/custom-order\/pulseira-de-diamante-de-ouro-de-0-38-quilates\/"},"modified":"2015-12-03T01:07:58","modified_gmt":"2015-12-03T01:07:58","slug":"pulseira-de-diamante-de-ouro-de-0-38-quilates","status":"publish","type":"product","link":"https:\/\/www.antwerpor.com\/pt-pt\/18k-gold\/pulseiras-de-diamante\/pulseira-de-diamante-de-ouro-de-0-38-quilates\/","title":{"rendered":"Pulseira de diamante de ouro de 0.38 quilates"},"content":{"rendered":"","protected":false},"excerpt":{"rendered":"<p>Este lindo bracelete de diamantes \u00e9 composto de 18 quilates de ouro branco. O bracelete de diamantes que voc\u00ea est\u00e1 vendo no momento \u00c9 o mais novo modelo da \u00faltima moda E sendo artesanalmente feita com perfei\u00e7\u00e3o.<\/p>\n<div class=\"youtube\"> <iframe class=\"youtube\" src=\"https:\/\/www.youtube-nocookie.com\/embed\/r6n1uwMAGio?rel=0&amp;showinfo=0;vq=hd1080;autoplay=1\" frameborder=\"0\" allowfullscreen><\/iframe> <\/div>\n<p>  [&#8230;]<\/p>\n","protected":false},"featured_media":11114,"template":"","meta":{"_acf_changed":false},"product_brand":[],"product_cat":[192],"product_tag":[585,560,562],"class_list":{"0":"post-32048","1":"product","2":"type-product","3":"status-publish","4":"has-post-thumbnail","6":"product_cat-pulseiras-de-diamante","7":"product_tag-brincos-de-diamante-e-ouro-branco","8":"product_tag-pulseiras-de-diamante","9":"product_tag-pulseiras-de-diamante-de-ouro-18k","10":"odd","12":"first","13":"outofstock","14":"featured","15":"sold-individually","16":"taxable","17":"shipping-taxable","18":"purchasable","19":"product-type-simple"},"acf":[],"_links":{"self":[{"href":"https:\/\/www.antwerpor.com\/pt-pt\/wp-json\/wp\/v2\/product\/32048","targetHints":{"allow":["GET"]}}],"collection":[{"href":"https:\/\/www.antwerpor.com\/pt-pt\/wp-json\/wp\/v2\/product"}],"about":[{"href":"https:\/\/www.antwerpor.com\/pt-pt\/wp-json\/wp\/v2\/types\/product"}],"wp:featuredmedia":[{"embeddable":true,"href":"https:\/\/www.antwerpor.com\/pt-pt\/wp-json\/wp\/v2\/media\/11114"}],"wp:attachment":[{"href":"https:\/\/www.antwerpor.com\/pt-pt\/wp-json\/wp\/v2\/media?parent=32048"}],"wp:term":[{"taxonomy":"product_brand","embeddable":true,"href":"https:\/\/www.antwerpor.com\/pt-pt\/wp-json\/wp\/v2\/product_brand?post=32048"},{"taxonomy":"product_cat","embeddable":true,"href":"https:\/\/www.antwerpor.com\/pt-pt\/wp-json\/wp\/v2\/product_cat?post=32048"},{"taxonomy":"product_tag","embeddable":true,"href":"https:\/\/www.antwerpor.com\/pt-pt\/wp-json\/wp\/v2\/product_tag?post=32048"}],"curies":[{"name":"wp","href":"https:\/\/api.w.org\/{rel}","templated":true}]}}