{"id":32034,"date":"2015-12-03T01:20:37","date_gmt":"2015-12-03T01:20:37","guid":{"rendered":"https:\/\/www.antwerpor.com\/18k-gold\/custom-order\/pulseira-de-diamante-de-ouro-amarelo-de-0-07-quilate\/"},"modified":"2015-12-03T01:20:37","modified_gmt":"2015-12-03T01:20:37","slug":"pulseira-de-diamante-de-ouro-amarelo-de-0-07-quilate","status":"publish","type":"product","link":"https:\/\/www.antwerpor.com\/pt-pt\/18k-gold\/pulseiras-de-diamante\/pulseira-de-diamante-de-ouro-amarelo-de-0-07-quilate\/","title":{"rendered":"Pulseira de diamante de ouro amarelo de 0.07 quilate"},"content":{"rendered":"","protected":false},"excerpt":{"rendered":"<p>Este charmoso bracelete de diamantes \u00e9 composto de 18 quilates de ouro amarelo. O bracelete de diamantes que voc\u00ea est\u00e1 vendo no momento Foi feito \u00e0 m\u00e3o por experts E \u00e9 uma pe\u00e7a ousada e arrojada.  [&#8230;]<\/p>\n","protected":false},"featured_media":11142,"template":"","meta":{"_acf_changed":false},"product_brand":[],"product_cat":[192],"product_tag":[591,560,562],"class_list":{"0":"post-32034","1":"product","2":"type-product","3":"status-publish","4":"has-post-thumbnail","6":"product_cat-pulseiras-de-diamante","7":"product_tag-braceletes-de-diamante-de-ouro-amarelo","8":"product_tag-pulseiras-de-diamante","9":"product_tag-pulseiras-de-diamante-de-ouro-18k","10":"odd","12":"first","13":"instock","14":"sold-individually","15":"taxable","16":"shipping-taxable","17":"purchasable","18":"product-type-simple"},"acf":[],"_links":{"self":[{"href":"https:\/\/www.antwerpor.com\/pt-pt\/wp-json\/wp\/v2\/product\/32034","targetHints":{"allow":["GET"]}}],"collection":[{"href":"https:\/\/www.antwerpor.com\/pt-pt\/wp-json\/wp\/v2\/product"}],"about":[{"href":"https:\/\/www.antwerpor.com\/pt-pt\/wp-json\/wp\/v2\/types\/product"}],"wp:featuredmedia":[{"embeddable":true,"href":"https:\/\/www.antwerpor.com\/pt-pt\/wp-json\/wp\/v2\/media\/11142"}],"wp:attachment":[{"href":"https:\/\/www.antwerpor.com\/pt-pt\/wp-json\/wp\/v2\/media?parent=32034"}],"wp:term":[{"taxonomy":"product_brand","embeddable":true,"href":"https:\/\/www.antwerpor.com\/pt-pt\/wp-json\/wp\/v2\/product_brand?post=32034"},{"taxonomy":"product_cat","embeddable":true,"href":"https:\/\/www.antwerpor.com\/pt-pt\/wp-json\/wp\/v2\/product_cat?post=32034"},{"taxonomy":"product_tag","embeddable":true,"href":"https:\/\/www.antwerpor.com\/pt-pt\/wp-json\/wp\/v2\/product_tag?post=32034"}],"curies":[{"name":"wp","href":"https:\/\/api.w.org\/{rel}","templated":true}]}}