{"id":32013,"date":"2016-02-03T03:06:24","date_gmt":"2016-02-03T03:06:24","guid":{"rendered":"https:\/\/www.antwerpor.com\/18k-gold\/custom-order\/pulseira-de-diamante-de-ouro-de-0-01-quilates\/"},"modified":"2018-02-23T13:18:56","modified_gmt":"2018-02-23T13:18:56","slug":"pulseira-de-diamante-de-ouro-de-0-01-quilates","status":"publish","type":"product","link":"https:\/\/www.antwerpor.com\/pt-pt\/18k-gold\/pulseiras-de-diamante\/pulseira-de-diamante-de-ouro-de-0-01-quilates\/","title":{"rendered":"Pulseira de diamante de ouro de 0.01 quilates"},"content":{"rendered":"","protected":false},"excerpt":{"rendered":"<p>Este belo bracelete de diamantes \u00e9 composto de 18 quilates de ouro branco. O bracelete de diamantes que voc\u00ea est\u00e1 vendo no momento Foi feito \u00e0 m\u00e3o por experts E iluminar\u00e1 o estilo de quem a usa.\u0647\u0630\u0627 \u062c\u0645\u064a\u0644\u0633\u0648\u0627\u0631 \u0623\u0644\u0645\u0627\u0633 \u0645\u0635\u0646\u0648\u0639 \u0645\u0646 18 \u0642\u064a\u0631\u0627\u0637 \u0630\u0647\u0628 \u0623\u0628\u064a\u0636\u0627\u0644 \u0633\u0648\u0627\u0631 \u0623\u0644\u0645\u0627\u0633 \u0623\u0646\u062a \u062d\u0627\u0644\u064a\u0627\u064b \u062a\u0639\u0631\u0636\u064a\u0646 \u0645\u0635\u0646\u0648\u0639\u0629 \u064a\u062f\u0648\u064a\u0627\u064b \u0628\u0625\u062a\u0642\u0627\u0646 \u0645\u0646 \u0642\u0628\u0644 \u062e\u0628\u0631\u0627\u0621 \u0648 \u0645\u0635\u0645\u0645\u0629 \u0644\u062a\u0639\u0637\u064a \u0645\u0638\u0647\u0631 \u0645\u0634\u0631\u0642 \u0644\u0645\u0646 \u062a\u0631\u062a\u062f\u064a\u0647\u0627 [&#8230;]<\/p>\n","protected":false},"featured_media":11394,"template":"","meta":{"_acf_changed":false},"product_brand":[],"product_cat":[192],"product_tag":[585,560,562],"class_list":{"0":"post-32013","1":"product","2":"type-product","3":"status-publish","4":"has-post-thumbnail","6":"product_cat-pulseiras-de-diamante","7":"product_tag-brincos-de-diamante-e-ouro-branco","8":"product_tag-pulseiras-de-diamante","9":"product_tag-pulseiras-de-diamante-de-ouro-18k","10":"odd","12":"first","13":"instock","14":"featured","15":"sold-individually","16":"taxable","17":"shipping-taxable","18":"purchasable","19":"product-type-simple"},"acf":[],"_links":{"self":[{"href":"https:\/\/www.antwerpor.com\/pt-pt\/wp-json\/wp\/v2\/product\/32013","targetHints":{"allow":["GET"]}}],"collection":[{"href":"https:\/\/www.antwerpor.com\/pt-pt\/wp-json\/wp\/v2\/product"}],"about":[{"href":"https:\/\/www.antwerpor.com\/pt-pt\/wp-json\/wp\/v2\/types\/product"}],"wp:featuredmedia":[{"embeddable":true,"href":"https:\/\/www.antwerpor.com\/pt-pt\/wp-json\/wp\/v2\/media\/11394"}],"wp:attachment":[{"href":"https:\/\/www.antwerpor.com\/pt-pt\/wp-json\/wp\/v2\/media?parent=32013"}],"wp:term":[{"taxonomy":"product_brand","embeddable":true,"href":"https:\/\/www.antwerpor.com\/pt-pt\/wp-json\/wp\/v2\/product_brand?post=32013"},{"taxonomy":"product_cat","embeddable":true,"href":"https:\/\/www.antwerpor.com\/pt-pt\/wp-json\/wp\/v2\/product_cat?post=32013"},{"taxonomy":"product_tag","embeddable":true,"href":"https:\/\/www.antwerpor.com\/pt-pt\/wp-json\/wp\/v2\/product_tag?post=32013"}],"curies":[{"name":"wp","href":"https:\/\/api.w.org\/{rel}","templated":true}]}}