{"id":31992,"date":"2016-02-04T11:37:19","date_gmt":"2016-02-04T11:37:19","guid":{"rendered":"https:\/\/www.antwerpor.com\/18k-gold\/custom-order\/pulseira-de-diamante-de-ouro-de-0-55-quilates\/"},"modified":"2018-10-16T13:33:35","modified_gmt":"2018-10-16T13:33:35","slug":"pulseira-de-diamante-de-ouro-de-0-55-quilates","status":"publish","type":"product","link":"https:\/\/www.antwerpor.com\/pt-pt\/18k-gold\/pulseiras-de-diamante\/pulseira-de-diamante-de-ouro-de-0-55-quilates\/","title":{"rendered":"Pulseira de diamante de ouro de 0.55 quilates"},"content":{"rendered":"","protected":false},"excerpt":{"rendered":"<p>Este belo bracelete de diamantes \u00e9 composto de 18 quilates de ouro branco. O bracelete de diamantes que voc\u00ea est\u00e1 vendo no momento \u00c9 considerado um tesouro eterno E foi feita \u00e0 m\u00e3o para maior qualidade. [&#8230;]<\/p>\n","protected":false},"featured_media":11485,"template":"","meta":{"_acf_changed":false},"product_brand":[],"product_cat":[192],"product_tag":[585,560,562],"class_list":{"0":"post-31992","1":"product","2":"type-product","3":"status-publish","4":"has-post-thumbnail","6":"product_cat-pulseiras-de-diamante","7":"product_tag-brincos-de-diamante-e-ouro-branco","8":"product_tag-pulseiras-de-diamante","9":"product_tag-pulseiras-de-diamante-de-ouro-18k","10":"odd","12":"first","13":"outofstock","14":"sold-individually","15":"taxable","16":"shipping-taxable","17":"purchasable","18":"product-type-simple"},"acf":[],"_links":{"self":[{"href":"https:\/\/www.antwerpor.com\/pt-pt\/wp-json\/wp\/v2\/product\/31992","targetHints":{"allow":["GET"]}}],"collection":[{"href":"https:\/\/www.antwerpor.com\/pt-pt\/wp-json\/wp\/v2\/product"}],"about":[{"href":"https:\/\/www.antwerpor.com\/pt-pt\/wp-json\/wp\/v2\/types\/product"}],"wp:featuredmedia":[{"embeddable":true,"href":"https:\/\/www.antwerpor.com\/pt-pt\/wp-json\/wp\/v2\/media\/11485"}],"wp:attachment":[{"href":"https:\/\/www.antwerpor.com\/pt-pt\/wp-json\/wp\/v2\/media?parent=31992"}],"wp:term":[{"taxonomy":"product_brand","embeddable":true,"href":"https:\/\/www.antwerpor.com\/pt-pt\/wp-json\/wp\/v2\/product_brand?post=31992"},{"taxonomy":"product_cat","embeddable":true,"href":"https:\/\/www.antwerpor.com\/pt-pt\/wp-json\/wp\/v2\/product_cat?post=31992"},{"taxonomy":"product_tag","embeddable":true,"href":"https:\/\/www.antwerpor.com\/pt-pt\/wp-json\/wp\/v2\/product_tag?post=31992"}],"curies":[{"name":"wp","href":"https:\/\/api.w.org\/{rel}","templated":true}]}}