{"id":31985,"date":"2016-07-14T12:22:51","date_gmt":"2016-07-14T12:22:51","guid":{"rendered":"https:\/\/www.antwerpor.com\/18k-gold\/custom-order\/bracelete-de-diamante-de-ouro-branco-de-0-77-quilate\/"},"modified":"2018-10-16T13:26:39","modified_gmt":"2018-10-16T13:26:39","slug":"bracelete-de-diamante-de-ouro-branco-de-0-77-quilate","status":"publish","type":"product","link":"https:\/\/www.antwerpor.com\/pt-pt\/18k-gold\/pulseiras-de-diamante\/bracelete-de-diamante-de-ouro-branco-de-0-77-quilate\/","title":{"rendered":"Bracelete de diamante de ouro branco de 0.77 quilate"},"content":{"rendered":"","protected":false},"excerpt":{"rendered":"<p>Este irresist\u00edvel bracelete de diamantes \u00e9 composto de 18 quilates de ouro rosa. O bracelete de diamantes que voc\u00ea est\u00e1 vendo no momento \u00c9 o mais novo modelo da \u00faltima moda E \u00e9 perfeita para um estilo luxuoso.<\/p>\n<div class=\"youtube\"><iframe loading=\"lazy\" class=\"youtube\" src=\"https:\/\/www.youtube-nocookie.com\/embed\/8m7Yc4MzqZo?rel=0&#038;showinfo=0;vq=hd1080;autoplay=1\" width=\"300\" height=\"150\" frameborder=\"0\" allowfullscreen=\"allowfullscreen\"><\/iframe><\/div>\n<p> [&#8230;]<\/p>\n","protected":false},"featured_media":11807,"template":"","meta":{"_acf_changed":false},"product_brand":[],"product_cat":[192],"product_tag":[561,560,562],"class_list":{"0":"post-31985","1":"product","2":"type-product","3":"status-publish","4":"has-post-thumbnail","6":"product_cat-pulseiras-de-diamante","7":"product_tag-pulseira-de-diamante-e-ouro-rosa","8":"product_tag-pulseiras-de-diamante","9":"product_tag-pulseiras-de-diamante-de-ouro-18k","10":"odd","12":"first","13":"instock","14":"sold-individually","15":"taxable","16":"shipping-taxable","17":"purchasable","18":"product-type-simple"},"acf":[],"_links":{"self":[{"href":"https:\/\/www.antwerpor.com\/pt-pt\/wp-json\/wp\/v2\/product\/31985","targetHints":{"allow":["GET"]}}],"collection":[{"href":"https:\/\/www.antwerpor.com\/pt-pt\/wp-json\/wp\/v2\/product"}],"about":[{"href":"https:\/\/www.antwerpor.com\/pt-pt\/wp-json\/wp\/v2\/types\/product"}],"wp:featuredmedia":[{"embeddable":true,"href":"https:\/\/www.antwerpor.com\/pt-pt\/wp-json\/wp\/v2\/media\/11807"}],"wp:attachment":[{"href":"https:\/\/www.antwerpor.com\/pt-pt\/wp-json\/wp\/v2\/media?parent=31985"}],"wp:term":[{"taxonomy":"product_brand","embeddable":true,"href":"https:\/\/www.antwerpor.com\/pt-pt\/wp-json\/wp\/v2\/product_brand?post=31985"},{"taxonomy":"product_cat","embeddable":true,"href":"https:\/\/www.antwerpor.com\/pt-pt\/wp-json\/wp\/v2\/product_cat?post=31985"},{"taxonomy":"product_tag","embeddable":true,"href":"https:\/\/www.antwerpor.com\/pt-pt\/wp-json\/wp\/v2\/product_tag?post=31985"}],"curies":[{"name":"wp","href":"https:\/\/api.w.org\/{rel}","templated":true}]}}