{"id":31972,"date":"2016-07-16T01:13:09","date_gmt":"2016-07-16T01:13:09","guid":{"rendered":"https:\/\/www.antwerpor.com\/18k-gold\/custom-order\/bracelete-de-diamante-de-ouro-branco-de-1-32-quilate\/"},"modified":"2018-02-23T09:00:35","modified_gmt":"2018-02-23T09:00:35","slug":"bracelete-de-diamante-de-ouro-branco-de-1-32-quilate","status":"publish","type":"product","link":"https:\/\/www.antwerpor.com\/pt-pt\/18k-gold\/pulseiras-de-diamante\/bracelete-de-diamante-de-ouro-branco-de-1-32-quilate\/","title":{"rendered":"Bracelete de diamante de ouro branco de 1.32 quilate"},"content":{"rendered":"","protected":false},"excerpt":{"rendered":"<p>Este arrebatador bracelete de diamantes \u00e9 composto de 18 quilates de ouro rosa. O bracelete de diamantes que voc\u00ea est\u00e1 vendo no momento \u00c9 o acess\u00f3rio perfeito para uma festa black tie E propociona mais classe para qualquer look que voc\u00ea vestir.<\/p>\n<div class=\"youtube\"> <iframe class=\"youtube\" src=\"https:\/\/www.youtube-nocookie.com\/embed\/-wanXVwlBPA?rel=0&amp;showinfo=0;vq=hd1080;autoplay=1\" frameborder=\"0\" allowfullscreen><\/iframe> <\/div>\n<p> [&#8230;]<\/p>\n","protected":false},"featured_media":3393,"template":"","meta":{"_acf_changed":false},"product_brand":[],"product_cat":[192],"product_tag":[561,560,562],"class_list":{"0":"post-31972","1":"product","2":"type-product","3":"status-publish","4":"has-post-thumbnail","6":"product_cat-pulseiras-de-diamante","7":"product_tag-pulseira-de-diamante-e-ouro-rosa","8":"product_tag-pulseiras-de-diamante","9":"product_tag-pulseiras-de-diamante-de-ouro-18k","10":"odd","12":"first","13":"outofstock","14":"sold-individually","15":"taxable","16":"shipping-taxable","17":"purchasable","18":"product-type-simple"},"acf":[],"_links":{"self":[{"href":"https:\/\/www.antwerpor.com\/pt-pt\/wp-json\/wp\/v2\/product\/31972","targetHints":{"allow":["GET"]}}],"collection":[{"href":"https:\/\/www.antwerpor.com\/pt-pt\/wp-json\/wp\/v2\/product"}],"about":[{"href":"https:\/\/www.antwerpor.com\/pt-pt\/wp-json\/wp\/v2\/types\/product"}],"wp:featuredmedia":[{"embeddable":true,"href":"https:\/\/www.antwerpor.com\/pt-pt\/wp-json\/wp\/v2\/media\/3393"}],"wp:attachment":[{"href":"https:\/\/www.antwerpor.com\/pt-pt\/wp-json\/wp\/v2\/media?parent=31972"}],"wp:term":[{"taxonomy":"product_brand","embeddable":true,"href":"https:\/\/www.antwerpor.com\/pt-pt\/wp-json\/wp\/v2\/product_brand?post=31972"},{"taxonomy":"product_cat","embeddable":true,"href":"https:\/\/www.antwerpor.com\/pt-pt\/wp-json\/wp\/v2\/product_cat?post=31972"},{"taxonomy":"product_tag","embeddable":true,"href":"https:\/\/www.antwerpor.com\/pt-pt\/wp-json\/wp\/v2\/product_tag?post=31972"}],"curies":[{"name":"wp","href":"https:\/\/api.w.org\/{rel}","templated":true}]}}