{"id":31738,"date":"2014-12-15T22:57:02","date_gmt":"2014-12-15T22:57:02","guid":{"rendered":"https:\/\/www.antwerpor.com\/18k-gold\/custom-order\/0-78-quilates-de-ouro-branco-anel-de-diamante\/"},"modified":"2018-02-22T19:04:00","modified_gmt":"2018-02-22T19:04:00","slug":"0-78-quilates-de-ouro-branco-anel-de-diamante","status":"publish","type":"product","link":"https:\/\/www.antwerpor.com\/pt-pt\/18k-gold\/aneis-de-diamante\/0-78-quilates-de-ouro-branco-anel-de-diamante\/","title":{"rendered":"0.78 quilates de ouro branco anel de diamante"},"content":{"rendered":"","protected":false},"excerpt":{"rendered":"<p>Este art\u00edstico anel de diamantes \u00e9 composto de 18 quilates de ouro branco. O anel de diamantes que voc\u00ea est\u00e1 vendo no momento Foi feito artesanalmente pelas m\u00e3os de experts E \u00e9 perfeita para uma festa black tie.  [&#8230;]<\/p>\n","protected":false},"featured_media":6896,"template":"","meta":{"_acf_changed":false},"product_brand":[],"product_cat":[209],"product_tag":[671,616,641],"class_list":{"0":"post-31738","1":"product","2":"type-product","3":"status-publish","4":"has-post-thumbnail","6":"product_cat-aneis-de-diamante","7":"product_tag-aneis-de-diamante","8":"product_tag-aneis-de-diamante-de-ouro-branco","9":"product_tag-aneis-de-diamante-de-ouro-18k","10":"pa_ring-size-f-pt-pt","11":"pa_ring-size-uk-g--usa-3-1-2-pt-pt","12":"pa_ring-size-g-pt-pt","13":"pa_ring-size-uk-h--usa-4-pt-pt","14":"pa_ring-size-uk-h-usa-3-3-4-pt-pt","15":"pa_ring-size-uk-i-usa-4-1-4-pt-pt","16":"pa_ring-size-uk-j--usa-5-pt-pt","17":"pa_ring-size-uk-j-usa-4-5-8-pt-pt","18":"pa_ring-size-uk-k-usa-5-1-4-pt-pt","19":"pa_ring-size-uk-l--usa-6-pt-pt","20":"pa_ring-size-uk-l-usa-5-1-2-pt-pt","21":"pa_ring-size-uk-m--usa-6-1-2-pt-pt","22":"pa_ring-size-uk-n--usa-7-pt-pt","23":"pa_ring-size-uk-o--usa-7-1-2-pt-pt","24":"pa_ring-size-uk-o-usa-7-1-4-pt-pt","25":"pa_ring-size-uk-p--usa-8-pt-pt","26":"pa_ring-size-uk-p-usa-7-3-4-pt-pt","27":"pa_ring-size-uk-q--usa-8-1-2-pt-pt","28":"pa_ring-size-uk-q-usa-8-1-3-pt-pt","29":"pa_ring-size-uk-r--usa-9-pt-pt","30":"pa_ring-size-uk-r-usa-8-3-4-pt-pt","31":"pa_ring-size-uk-s-usa-9-1-4-pt-pt","32":"odd","34":"first","35":"outofstock","36":"sold-individually","37":"taxable","38":"shipping-taxable","39":"product-type-variable"},"acf":[],"_links":{"self":[{"href":"https:\/\/www.antwerpor.com\/pt-pt\/wp-json\/wp\/v2\/product\/31738","targetHints":{"allow":["GET"]}}],"collection":[{"href":"https:\/\/www.antwerpor.com\/pt-pt\/wp-json\/wp\/v2\/product"}],"about":[{"href":"https:\/\/www.antwerpor.com\/pt-pt\/wp-json\/wp\/v2\/types\/product"}],"wp:featuredmedia":[{"embeddable":true,"href":"https:\/\/www.antwerpor.com\/pt-pt\/wp-json\/wp\/v2\/media\/6896"}],"wp:attachment":[{"href":"https:\/\/www.antwerpor.com\/pt-pt\/wp-json\/wp\/v2\/media?parent=31738"}],"wp:term":[{"taxonomy":"product_brand","embeddable":true,"href":"https:\/\/www.antwerpor.com\/pt-pt\/wp-json\/wp\/v2\/product_brand?post=31738"},{"taxonomy":"product_cat","embeddable":true,"href":"https:\/\/www.antwerpor.com\/pt-pt\/wp-json\/wp\/v2\/product_cat?post=31738"},{"taxonomy":"product_tag","embeddable":true,"href":"https:\/\/www.antwerpor.com\/pt-pt\/wp-json\/wp\/v2\/product_tag?post=31738"}],"curies":[{"name":"wp","href":"https:\/\/api.w.org\/{rel}","templated":true}]}}