{"id":31566,"date":"2016-02-04T13:31:22","date_gmt":"2016-02-04T13:31:22","guid":{"rendered":"https:\/\/www.antwerpor.com\/18k-gold\/custom-order\/1-49-quilates-de-ouro-branco-anel-de-diamante\/"},"modified":"2018-02-22T18:53:21","modified_gmt":"2018-02-22T18:53:21","slug":"1-49-quilates-de-ouro-branco-anel-de-diamante","status":"publish","type":"product","link":"https:\/\/www.antwerpor.com\/pt-pt\/18k-gold\/aneis-de-diamante\/1-49-quilates-de-ouro-branco-anel-de-diamante\/","title":{"rendered":"1.49 quilates de ouro branco anel de diamante"},"content":{"rendered":"","protected":false},"excerpt":{"rendered":"<p>Este magn\u00edfico anel de diamantes \u00e9 composto de 18 quilates de ouro branco. O anel de diamantes que voc\u00ea est\u00e1 vendo no momento Vai deslumbrar aqueles que olharem para ele E brilha de v\u00e1rios \u00e2ngulos diferentes.  [&#8230;]<\/p>\n","protected":false},"featured_media":11534,"template":"","meta":{"_acf_changed":false},"product_brand":[],"product_cat":[209],"product_tag":[671,616,641],"class_list":{"0":"post-31566","1":"product","2":"type-product","3":"status-publish","4":"has-post-thumbnail","6":"product_cat-aneis-de-diamante","7":"product_tag-aneis-de-diamante","8":"product_tag-aneis-de-diamante-de-ouro-branco","9":"product_tag-aneis-de-diamante-de-ouro-18k","10":"odd","12":"first","13":"outofstock","14":"sold-individually","15":"taxable","16":"shipping-taxable","17":"purchasable","18":"product-type-simple"},"acf":[],"_links":{"self":[{"href":"https:\/\/www.antwerpor.com\/pt-pt\/wp-json\/wp\/v2\/product\/31566","targetHints":{"allow":["GET"]}}],"collection":[{"href":"https:\/\/www.antwerpor.com\/pt-pt\/wp-json\/wp\/v2\/product"}],"about":[{"href":"https:\/\/www.antwerpor.com\/pt-pt\/wp-json\/wp\/v2\/types\/product"}],"wp:featuredmedia":[{"embeddable":true,"href":"https:\/\/www.antwerpor.com\/pt-pt\/wp-json\/wp\/v2\/media\/11534"}],"wp:attachment":[{"href":"https:\/\/www.antwerpor.com\/pt-pt\/wp-json\/wp\/v2\/media?parent=31566"}],"wp:term":[{"taxonomy":"product_brand","embeddable":true,"href":"https:\/\/www.antwerpor.com\/pt-pt\/wp-json\/wp\/v2\/product_brand?post=31566"},{"taxonomy":"product_cat","embeddable":true,"href":"https:\/\/www.antwerpor.com\/pt-pt\/wp-json\/wp\/v2\/product_cat?post=31566"},{"taxonomy":"product_tag","embeddable":true,"href":"https:\/\/www.antwerpor.com\/pt-pt\/wp-json\/wp\/v2\/product_tag?post=31566"}],"curies":[{"name":"wp","href":"https:\/\/api.w.org\/{rel}","templated":true}]}}