{"id":31332,"date":"2014-12-22T00:06:30","date_gmt":"2014-12-22T00:06:30","guid":{"rendered":"https:\/\/www.antwerpor.com\/18k-gold\/custom-order\/brincos-de-diamante-de-ouro-rosa-de-0-30-quil-estrela\/"},"modified":"2019-08-03T09:36:23","modified_gmt":"2019-08-03T09:36:23","slug":"brincos-de-diamante-de-ouro-rosa-de-0-30-quil-estrela","status":"publish","type":"product","link":"https:\/\/www.antwerpor.com\/pt-pt\/18k-gold\/brincos-de-diamante\/brincos-de-diamante-de-ouro-rosa-de-0-30-quil-estrela\/","title":{"rendered":"Brincos de diamante de ouro rosa de 0.30 quil estrela"},"content":{"rendered":"","protected":false},"excerpt":{"rendered":"<p>Este art\u00edstico par de brincos de diamantes \u00e9 composto de 18 quilates de ouro rosa. O par de brincos de diamantes \u00c9 uma joia que realmente se destaca, e voc\u00ea com certeza ser\u00e1 notada E deixa qualquer look que voc\u00ea vestir mais refinado. [&#8230;]<\/p>\n","protected":false},"featured_media":8216,"template":"","meta":{"_acf_changed":false},"product_brand":[],"product_cat":[196],"product_tag":[218,214,600,656],"class_list":{"0":"post-31332","1":"product","2":"type-product","3":"status-publish","4":"has-post-thumbnail","6":"product_cat-brincos-de-diamante","7":"product_tag-brincos-de-diamante","8":"product_tag-brincos-de-diamante-de-ouro-18k","9":"product_tag-brincos-de-diamante-de-ouro-rosa","10":"product_tag-joias-com-diamantes-negros","11":"odd","13":"first","14":"outofstock","15":"sold-individually","16":"taxable","17":"shipping-taxable","18":"purchasable","19":"product-type-simple"},"acf":[],"_links":{"self":[{"href":"https:\/\/www.antwerpor.com\/pt-pt\/wp-json\/wp\/v2\/product\/31332","targetHints":{"allow":["GET"]}}],"collection":[{"href":"https:\/\/www.antwerpor.com\/pt-pt\/wp-json\/wp\/v2\/product"}],"about":[{"href":"https:\/\/www.antwerpor.com\/pt-pt\/wp-json\/wp\/v2\/types\/product"}],"wp:featuredmedia":[{"embeddable":true,"href":"https:\/\/www.antwerpor.com\/pt-pt\/wp-json\/wp\/v2\/media\/8216"}],"wp:attachment":[{"href":"https:\/\/www.antwerpor.com\/pt-pt\/wp-json\/wp\/v2\/media?parent=31332"}],"wp:term":[{"taxonomy":"product_brand","embeddable":true,"href":"https:\/\/www.antwerpor.com\/pt-pt\/wp-json\/wp\/v2\/product_brand?post=31332"},{"taxonomy":"product_cat","embeddable":true,"href":"https:\/\/www.antwerpor.com\/pt-pt\/wp-json\/wp\/v2\/product_cat?post=31332"},{"taxonomy":"product_tag","embeddable":true,"href":"https:\/\/www.antwerpor.com\/pt-pt\/wp-json\/wp\/v2\/product_tag?post=31332"}],"curies":[{"name":"wp","href":"https:\/\/api.w.org\/{rel}","templated":true}]}}