{"id":31304,"date":"2014-12-22T00:08:25","date_gmt":"2014-12-22T00:08:25","guid":{"rendered":"https:\/\/www.antwerpor.com\/18k-gold\/custom-order\/brincos-de-diamante-de-ouro-rosa-de-0-50-quil-estrela-2\/"},"modified":"2018-02-22T19:25:32","modified_gmt":"2018-02-22T19:25:32","slug":"brincos-de-diamante-de-ouro-rosa-de-0-35-quil-estrelas","status":"publish","type":"product","link":"https:\/\/www.antwerpor.com\/pt-pt\/18k-gold\/brincos-de-diamante\/brincos-de-diamante-de-ouro-rosa-de-0-35-quil-estrelas\/","title":{"rendered":"Brincos de diamante de ouro rosa de 0.35 quil estrelas"},"content":{"rendered":"","protected":false},"excerpt":{"rendered":"<p>Este sedutor par de brincos de diamantes \u00e9 composto de 18 quilates de ouro rosa. O par de brincos de diamantes que voc\u00ea est\u00e1 vendo no momento \u00c9 o mais novo modelo da \u00faltima moda E deslumbra aqueles que a veem com seu requinte.[video width=\"1280\" height=\"720\" mp4=\"https:\/\/s3.amazonaws.com\/antwerporone\/video\/earrings\/0.35+Ct+Diamond+Earrings+With+0.87+Ct+Amethyst+Made+of+18K+Rose+Gold.mp4\"][\/video] [&#8230;]<\/p>\n","protected":false},"featured_media":8156,"template":"","meta":{"_acf_changed":false},"product_brand":[],"product_cat":[196],"product_tag":[218,214,600,651],"class_list":{"0":"post-31304","1":"product","2":"type-product","3":"status-publish","4":"has-post-thumbnail","6":"product_cat-brincos-de-diamante","7":"product_tag-brincos-de-diamante","8":"product_tag-brincos-de-diamante-de-ouro-18k","9":"product_tag-brincos-de-diamante-de-ouro-rosa","10":"product_tag-joia-de-diamante-amethyst","11":"odd","13":"first","14":"instock","15":"sold-individually","16":"taxable","17":"shipping-taxable","18":"purchasable","19":"product-type-simple"},"acf":[],"_links":{"self":[{"href":"https:\/\/www.antwerpor.com\/pt-pt\/wp-json\/wp\/v2\/product\/31304","targetHints":{"allow":["GET"]}}],"collection":[{"href":"https:\/\/www.antwerpor.com\/pt-pt\/wp-json\/wp\/v2\/product"}],"about":[{"href":"https:\/\/www.antwerpor.com\/pt-pt\/wp-json\/wp\/v2\/types\/product"}],"wp:featuredmedia":[{"embeddable":true,"href":"https:\/\/www.antwerpor.com\/pt-pt\/wp-json\/wp\/v2\/media\/8156"}],"wp:attachment":[{"href":"https:\/\/www.antwerpor.com\/pt-pt\/wp-json\/wp\/v2\/media?parent=31304"}],"wp:term":[{"taxonomy":"product_brand","embeddable":true,"href":"https:\/\/www.antwerpor.com\/pt-pt\/wp-json\/wp\/v2\/product_brand?post=31304"},{"taxonomy":"product_cat","embeddable":true,"href":"https:\/\/www.antwerpor.com\/pt-pt\/wp-json\/wp\/v2\/product_cat?post=31304"},{"taxonomy":"product_tag","embeddable":true,"href":"https:\/\/www.antwerpor.com\/pt-pt\/wp-json\/wp\/v2\/product_tag?post=31304"}],"curies":[{"name":"wp","href":"https:\/\/api.w.org\/{rel}","templated":true}]}}