{"id":31297,"date":"2014-12-22T00:09:11","date_gmt":"2014-12-22T00:09:11","guid":{"rendered":"https:\/\/www.antwerpor.com\/18k-gold\/custom-order\/brincos-de-diamante-de-ouro-branco-de-0-26-quilates-2\/"},"modified":"2018-02-22T19:25:32","modified_gmt":"2018-02-22T19:25:32","slug":"brincos-de-diamante-de-ouro-branco-de-0-26-quilates-2","status":"publish","type":"product","link":"https:\/\/www.antwerpor.com\/pt-pt\/18k-gold\/brincos-de-diamante\/brincos-de-diamante-de-ouro-branco-de-0-26-quilates-2\/","title":{"rendered":"Brincos de diamante de ouro branco de 0.26 quilates"},"content":{"rendered":"","protected":false},"excerpt":{"rendered":"<p>Este gracioso par de brincos de diamantes \u00e9 composto de 18 quilates de ouro branco. O par de brincos de diamantes que voc\u00ea est\u00e1 vendo no momento Possui um encanto simples, mas elegante E Foi feita \u00e0 m\u00e3o com perfei\u00e7\u00e3o.  [&#8230;]<\/p>\n","protected":false},"featured_media":8149,"template":"","meta":{"_acf_changed":false},"product_brand":[],"product_cat":[196],"product_tag":[218,214,232],"class_list":{"0":"post-31297","1":"product","2":"type-product","3":"status-publish","4":"has-post-thumbnail","6":"product_cat-brincos-de-diamante","7":"product_tag-brincos-de-diamante","8":"product_tag-brincos-de-diamante-de-ouro-18k","9":"product_tag-brincos-de-diamante-de-ouro-branco","10":"odd","12":"first","13":"instock","14":"sold-individually","15":"taxable","16":"shipping-taxable","17":"purchasable","18":"product-type-simple"},"acf":[],"_links":{"self":[{"href":"https:\/\/www.antwerpor.com\/pt-pt\/wp-json\/wp\/v2\/product\/31297","targetHints":{"allow":["GET"]}}],"collection":[{"href":"https:\/\/www.antwerpor.com\/pt-pt\/wp-json\/wp\/v2\/product"}],"about":[{"href":"https:\/\/www.antwerpor.com\/pt-pt\/wp-json\/wp\/v2\/types\/product"}],"wp:featuredmedia":[{"embeddable":true,"href":"https:\/\/www.antwerpor.com\/pt-pt\/wp-json\/wp\/v2\/media\/8149"}],"wp:attachment":[{"href":"https:\/\/www.antwerpor.com\/pt-pt\/wp-json\/wp\/v2\/media?parent=31297"}],"wp:term":[{"taxonomy":"product_brand","embeddable":true,"href":"https:\/\/www.antwerpor.com\/pt-pt\/wp-json\/wp\/v2\/product_brand?post=31297"},{"taxonomy":"product_cat","embeddable":true,"href":"https:\/\/www.antwerpor.com\/pt-pt\/wp-json\/wp\/v2\/product_cat?post=31297"},{"taxonomy":"product_tag","embeddable":true,"href":"https:\/\/www.antwerpor.com\/pt-pt\/wp-json\/wp\/v2\/product_tag?post=31297"}],"curies":[{"name":"wp","href":"https:\/\/api.w.org\/{rel}","templated":true}]}}