{"id":31227,"date":"2014-12-22T00:26:15","date_gmt":"2014-12-22T00:26:15","guid":{"rendered":"https:\/\/www.antwerpor.com\/18k-gold\/custom-order\/brincos-de-diamante-de-ouro-branco-de-1-22-quilates\/"},"modified":"2018-02-22T19:18:24","modified_gmt":"2018-02-22T19:18:24","slug":"brincos-de-diamante-de-ouro-branco-de-1-22-quilates","status":"publish","type":"product","link":"https:\/\/www.antwerpor.com\/pt-pt\/18k-gold\/brincos-de-diamante\/brincos-de-diamante-de-ouro-branco-de-1-22-quilates\/","title":{"rendered":"Brincos de diamante de ouro branco de 1.22 quilates"},"content":{"rendered":"","protected":false},"excerpt":{"rendered":"<p>Este art\u00edstico par de brincos de diamantes \u00e9 composto de 18 quilates de ouro branco. O par de brincos de diamantes que voc\u00ea est\u00e1 vendo no momento \u00c9 uma joia que realmente se destaca, e voc\u00ea com certeza ser\u00e1 notada E deixa qualquer look que voc\u00ea vestir mais refinado.[video width=\"1280\" height=\"720\" mp4=\"https:\/\/s3.amazonaws.com\/antwerporone\/video\/earrings\/MAH00966.mp4\"][\/video]  [&#8230;]<\/p>\n","protected":false},"featured_media":7988,"template":"","meta":{"_acf_changed":false},"product_brand":[],"product_cat":[196],"product_tag":[218,214,232],"class_list":{"0":"post-31227","1":"product","2":"type-product","3":"status-publish","4":"has-post-thumbnail","6":"product_cat-brincos-de-diamante","7":"product_tag-brincos-de-diamante","8":"product_tag-brincos-de-diamante-de-ouro-18k","9":"product_tag-brincos-de-diamante-de-ouro-branco","10":"odd","12":"first","13":"instock","14":"sale","15":"sold-individually","16":"taxable","17":"shipping-taxable","18":"purchasable","19":"product-type-simple"},"acf":[],"_links":{"self":[{"href":"https:\/\/www.antwerpor.com\/pt-pt\/wp-json\/wp\/v2\/product\/31227","targetHints":{"allow":["GET"]}}],"collection":[{"href":"https:\/\/www.antwerpor.com\/pt-pt\/wp-json\/wp\/v2\/product"}],"about":[{"href":"https:\/\/www.antwerpor.com\/pt-pt\/wp-json\/wp\/v2\/types\/product"}],"wp:featuredmedia":[{"embeddable":true,"href":"https:\/\/www.antwerpor.com\/pt-pt\/wp-json\/wp\/v2\/media\/7988"}],"wp:attachment":[{"href":"https:\/\/www.antwerpor.com\/pt-pt\/wp-json\/wp\/v2\/media?parent=31227"}],"wp:term":[{"taxonomy":"product_brand","embeddable":true,"href":"https:\/\/www.antwerpor.com\/pt-pt\/wp-json\/wp\/v2\/product_brand?post=31227"},{"taxonomy":"product_cat","embeddable":true,"href":"https:\/\/www.antwerpor.com\/pt-pt\/wp-json\/wp\/v2\/product_cat?post=31227"},{"taxonomy":"product_tag","embeddable":true,"href":"https:\/\/www.antwerpor.com\/pt-pt\/wp-json\/wp\/v2\/product_tag?post=31227"}],"curies":[{"name":"wp","href":"https:\/\/api.w.org\/{rel}","templated":true}]}}