{"id":31078,"date":"2016-12-03T02:15:53","date_gmt":"2016-12-03T02:15:53","guid":{"rendered":"https:\/\/www.antwerpor.com\/18k-gold\/custom-order\/pingente-de-diamante-de-ouro-branco-de-0-35-quilates\/"},"modified":"2018-02-22T19:15:35","modified_gmt":"2018-02-22T19:15:35","slug":"brincos-de-diamante-de-ouro-branco-de-0-35-quilates","status":"publish","type":"product","link":"https:\/\/www.antwerpor.com\/pt-pt\/18k-gold\/brincos-de-diamante\/brincos-de-diamante-de-ouro-branco-de-0-35-quilates\/","title":{"rendered":"Brincos de diamante de ouro branco de 0.35 quilates"},"content":{"rendered":"","protected":false},"excerpt":{"rendered":"<p>Este irresist\u00edvel par de brincos de diamantes \u00e9 composto de 18 quilates de ouro branco. O par de brincos de diamantes que voc\u00ea est\u00e1 vendo no momento \u00c9 uma joia que realmente se destaca, e voc\u00ea com certeza ser\u00e1 notada E reflete sua luz de v\u00e1rios \u00e2ngulos. [&#8230;]<\/p>\n","protected":false},"featured_media":12532,"template":"","meta":{"_acf_changed":false},"product_brand":[],"product_cat":[196],"product_tag":[218,214,232],"class_list":{"0":"post-31078","1":"product","2":"type-product","3":"status-publish","4":"has-post-thumbnail","6":"product_cat-brincos-de-diamante","7":"product_tag-brincos-de-diamante","8":"product_tag-brincos-de-diamante-de-ouro-18k","9":"product_tag-brincos-de-diamante-de-ouro-branco","10":"odd","12":"first","13":"instock","14":"sold-individually","15":"taxable","16":"shipping-taxable","17":"purchasable","18":"product-type-simple"},"acf":[],"_links":{"self":[{"href":"https:\/\/www.antwerpor.com\/pt-pt\/wp-json\/wp\/v2\/product\/31078","targetHints":{"allow":["GET"]}}],"collection":[{"href":"https:\/\/www.antwerpor.com\/pt-pt\/wp-json\/wp\/v2\/product"}],"about":[{"href":"https:\/\/www.antwerpor.com\/pt-pt\/wp-json\/wp\/v2\/types\/product"}],"wp:featuredmedia":[{"embeddable":true,"href":"https:\/\/www.antwerpor.com\/pt-pt\/wp-json\/wp\/v2\/media\/12532"}],"wp:attachment":[{"href":"https:\/\/www.antwerpor.com\/pt-pt\/wp-json\/wp\/v2\/media?parent=31078"}],"wp:term":[{"taxonomy":"product_brand","embeddable":true,"href":"https:\/\/www.antwerpor.com\/pt-pt\/wp-json\/wp\/v2\/product_brand?post=31078"},{"taxonomy":"product_cat","embeddable":true,"href":"https:\/\/www.antwerpor.com\/pt-pt\/wp-json\/wp\/v2\/product_cat?post=31078"},{"taxonomy":"product_tag","embeddable":true,"href":"https:\/\/www.antwerpor.com\/pt-pt\/wp-json\/wp\/v2\/product_tag?post=31078"}],"curies":[{"name":"wp","href":"https:\/\/api.w.org\/{rel}","templated":true}]}}