{"id":31064,"date":"2016-12-04T11:51:47","date_gmt":"2016-12-04T11:51:47","guid":{"rendered":"https:\/\/www.antwerpor.com\/18k-gold\/custom-order\/pingente-de-diamante-de-ouro-rosa-de-0-09-quilates\/"},"modified":"2018-10-16T12:53:01","modified_gmt":"2018-10-16T12:53:01","slug":"brincos-de-diamante-de-ouro-rosa-de-0-09-quil-estrelas","status":"publish","type":"product","link":"https:\/\/www.antwerpor.com\/pt-pt\/18k-gold\/brincos-de-diamante\/brincos-de-diamante-de-ouro-rosa-de-0-09-quil-estrelas\/","title":{"rendered":"Brincos de diamante de ouro rosa de 0.09 quil estrelas"},"content":{"rendered":"","protected":false},"excerpt":{"rendered":"<p>Este deslumbrante par de brincos de diamantes \u00e9 composto de 18 quilates de ouro rosa. O par de brincos de diamantes que voc\u00ea est\u00e1 vendo no momento Possui um encanto simples, mas elegante E sendo artesanalmente feita com perfei\u00e7\u00e3o.[video width=\"1280\" height=\"720\" mp4=\"https:\/\/s3.amazonaws.com\/antwerporone\/video\/earrings\/november-december-2016\/The+Rose+Gold+Star+Diamond+Earrings.mp4\"][\/video]  [&#8230;]<\/p>\n","protected":false},"featured_media":12634,"template":"","meta":{"_acf_changed":false},"product_brand":[],"product_cat":[196],"product_tag":[218,214,600],"class_list":{"0":"post-31064","1":"product","2":"type-product","3":"status-publish","4":"has-post-thumbnail","6":"product_cat-brincos-de-diamante","7":"product_tag-brincos-de-diamante","8":"product_tag-brincos-de-diamante-de-ouro-18k","9":"product_tag-brincos-de-diamante-de-ouro-rosa","10":"odd","12":"first","13":"outofstock","14":"sold-individually","15":"taxable","16":"shipping-taxable","17":"purchasable","18":"product-type-simple"},"acf":[],"_links":{"self":[{"href":"https:\/\/www.antwerpor.com\/pt-pt\/wp-json\/wp\/v2\/product\/31064","targetHints":{"allow":["GET"]}}],"collection":[{"href":"https:\/\/www.antwerpor.com\/pt-pt\/wp-json\/wp\/v2\/product"}],"about":[{"href":"https:\/\/www.antwerpor.com\/pt-pt\/wp-json\/wp\/v2\/types\/product"}],"wp:featuredmedia":[{"embeddable":true,"href":"https:\/\/www.antwerpor.com\/pt-pt\/wp-json\/wp\/v2\/media\/12634"}],"wp:attachment":[{"href":"https:\/\/www.antwerpor.com\/pt-pt\/wp-json\/wp\/v2\/media?parent=31064"}],"wp:term":[{"taxonomy":"product_brand","embeddable":true,"href":"https:\/\/www.antwerpor.com\/pt-pt\/wp-json\/wp\/v2\/product_brand?post=31064"},{"taxonomy":"product_cat","embeddable":true,"href":"https:\/\/www.antwerpor.com\/pt-pt\/wp-json\/wp\/v2\/product_cat?post=31064"},{"taxonomy":"product_tag","embeddable":true,"href":"https:\/\/www.antwerpor.com\/pt-pt\/wp-json\/wp\/v2\/product_tag?post=31064"}],"curies":[{"name":"wp","href":"https:\/\/api.w.org\/{rel}","templated":true}]}}