{"id":31013,"date":"2016-12-04T11:52:29","date_gmt":"2016-12-04T11:52:29","guid":{"rendered":"https:\/\/www.antwerpor.com\/18k-gold\/custom-order\/pingente-de-diamante-de-ouro-amarelo-de-0-16-quilates\/"},"modified":"2018-10-16T12:52:48","modified_gmt":"2018-10-16T12:52:48","slug":"brincos-de-diamante-de-ouro-amarelo-de-0-16-quilates","status":"publish","type":"product","link":"https:\/\/www.antwerpor.com\/pt-pt\/18k-gold\/brincos-de-diamante\/brincos-de-diamante-de-ouro-amarelo-de-0-16-quilates\/","title":{"rendered":"Brincos de diamante de ouro amarelo de 0.16 quilates"},"content":{"rendered":"","protected":false},"excerpt":{"rendered":"<p>Este magn\u00edfico par de brincos de diamantes \u00e9 composto de 18 quilates de ouro amarelo. O par de brincos de diamantes que voc\u00ea est\u00e1 vendo no momento Foi feito artesanalmente pelas m\u00e3os de experts E possui design impressionante. [&#8230;]<\/p>\n","protected":false},"featured_media":4158,"template":"","meta":{"_acf_changed":false},"product_brand":[],"product_cat":[196],"product_tag":[218,214,229],"class_list":{"0":"post-31013","1":"product","2":"type-product","3":"status-publish","4":"has-post-thumbnail","6":"product_cat-brincos-de-diamante","7":"product_tag-brincos-de-diamante","8":"product_tag-brincos-de-diamante-de-ouro-18k","9":"product_tag-brincos-de-diamante-ouro-amarelo","10":"odd","12":"first","13":"instock","14":"sold-individually","15":"taxable","16":"shipping-taxable","17":"purchasable","18":"product-type-simple"},"acf":[],"_links":{"self":[{"href":"https:\/\/www.antwerpor.com\/pt-pt\/wp-json\/wp\/v2\/product\/31013","targetHints":{"allow":["GET"]}}],"collection":[{"href":"https:\/\/www.antwerpor.com\/pt-pt\/wp-json\/wp\/v2\/product"}],"about":[{"href":"https:\/\/www.antwerpor.com\/pt-pt\/wp-json\/wp\/v2\/types\/product"}],"wp:featuredmedia":[{"embeddable":true,"href":"https:\/\/www.antwerpor.com\/pt-pt\/wp-json\/wp\/v2\/media\/4158"}],"wp:attachment":[{"href":"https:\/\/www.antwerpor.com\/pt-pt\/wp-json\/wp\/v2\/media?parent=31013"}],"wp:term":[{"taxonomy":"product_brand","embeddable":true,"href":"https:\/\/www.antwerpor.com\/pt-pt\/wp-json\/wp\/v2\/product_brand?post=31013"},{"taxonomy":"product_cat","embeddable":true,"href":"https:\/\/www.antwerpor.com\/pt-pt\/wp-json\/wp\/v2\/product_cat?post=31013"},{"taxonomy":"product_tag","embeddable":true,"href":"https:\/\/www.antwerpor.com\/pt-pt\/wp-json\/wp\/v2\/product_tag?post=31013"}],"curies":[{"name":"wp","href":"https:\/\/api.w.org\/{rel}","templated":true}]}}