{"id":30984,"date":"2014-12-19T07:46:29","date_gmt":"2014-12-19T07:46:29","guid":{"rendered":"https:\/\/www.antwerpor.com\/18k-gold\/custom-order\/pingente-de-diamante-de-ouro-branco-de-0-28-quilates\/"},"modified":"2018-10-16T13:59:06","modified_gmt":"2018-10-16T13:59:06","slug":"pingente-de-diamante-de-ouro-branco-de-0-28-quilates","status":"publish","type":"product","link":"https:\/\/www.antwerpor.com\/pt-pt\/18k-gold\/pingentes-de-diamante\/pingente-de-diamante-de-ouro-branco-de-0-28-quilates\/","title":{"rendered":"Pingente de diamante de ouro branco de 0.28 quilates"},"content":{"rendered":"","protected":false},"excerpt":{"rendered":"<p>Este art\u00edstico pingente de diamantes \u00e9 composto de 18 quilates de ouro branco. O pingente de diamantes que voc\u00ea est\u00e1 vendo no momento \u00c9 considerado um tesouro eterno E sendo artesanalmente feita com perfei\u00e7\u00e3o. [&#8230;]<\/p>\n","protected":false},"featured_media":11751,"template":"","meta":{"_acf_changed":false},"product_brand":[],"product_cat":[205],"product_tag":[665,575],"class_list":{"0":"post-30984","1":"product","2":"type-product","3":"status-publish","4":"has-post-thumbnail","6":"product_cat-pingentes-de-diamante","7":"product_tag-pingentes-de-diamante","8":"product_tag-pingentes-de-diamante-de-ouro-branco","9":"odd","11":"first","12":"instock","13":"sold-individually","14":"taxable","15":"shipping-taxable","16":"purchasable","17":"product-type-simple"},"acf":[],"_links":{"self":[{"href":"https:\/\/www.antwerpor.com\/pt-pt\/wp-json\/wp\/v2\/product\/30984","targetHints":{"allow":["GET"]}}],"collection":[{"href":"https:\/\/www.antwerpor.com\/pt-pt\/wp-json\/wp\/v2\/product"}],"about":[{"href":"https:\/\/www.antwerpor.com\/pt-pt\/wp-json\/wp\/v2\/types\/product"}],"wp:featuredmedia":[{"embeddable":true,"href":"https:\/\/www.antwerpor.com\/pt-pt\/wp-json\/wp\/v2\/media\/11751"}],"wp:attachment":[{"href":"https:\/\/www.antwerpor.com\/pt-pt\/wp-json\/wp\/v2\/media?parent=30984"}],"wp:term":[{"taxonomy":"product_brand","embeddable":true,"href":"https:\/\/www.antwerpor.com\/pt-pt\/wp-json\/wp\/v2\/product_brand?post=30984"},{"taxonomy":"product_cat","embeddable":true,"href":"https:\/\/www.antwerpor.com\/pt-pt\/wp-json\/wp\/v2\/product_cat?post=30984"},{"taxonomy":"product_tag","embeddable":true,"href":"https:\/\/www.antwerpor.com\/pt-pt\/wp-json\/wp\/v2\/product_tag?post=30984"}],"curies":[{"name":"wp","href":"https:\/\/api.w.org\/{rel}","templated":true}]}}