{"id":30942,"date":"2014-12-19T08:02:23","date_gmt":"2014-12-19T08:02:23","guid":{"rendered":"https:\/\/www.antwerpor.com\/18k-gold\/custom-order\/pingente-de-diamante-de-ouro-branco-de-0-24-quilates-2\/"},"modified":"2018-02-20T22:44:29","modified_gmt":"2018-02-20T22:44:29","slug":"pingente-de-diamante-de-ouro-branco-de-0-24-quilates-2","status":"publish","type":"product","link":"https:\/\/www.antwerpor.com\/pt-pt\/18k-gold\/pingentes-de-diamante\/pingente-de-diamante-de-ouro-branco-de-0-24-quilates-2\/","title":{"rendered":"Pingente de diamante de ouro rosa de 0.24 quilates"},"content":{"rendered":"","protected":false},"excerpt":{"rendered":"<p>Este glamouroso pingente de diamantes \u00e9 formado de 18 quilates de ouro rosa. O pingente de diamantes que voc\u00ea est\u00e1 vendo no momento Foi feito \u00e0 m\u00e3o por experts E deslumbra aqueles que a veem. [&#8230;]<\/p>\n","protected":false},"featured_media":10995,"template":"","meta":{"_acf_changed":false},"product_brand":[],"product_cat":[205],"product_tag":[665,646,569],"class_list":{"0":"post-30942","1":"product","2":"type-product","3":"status-publish","4":"has-post-thumbnail","6":"product_cat-pingentes-de-diamante","7":"product_tag-pingentes-de-diamante","8":"product_tag-pingentes-de-diamante-de-ouro-18k","9":"product_tag-pingentes-de-diamante-de-ouro-rosa","10":"odd","12":"first","13":"instock","14":"sold-individually","15":"taxable","16":"shipping-taxable","17":"purchasable","18":"product-type-simple"},"acf":[],"_links":{"self":[{"href":"https:\/\/www.antwerpor.com\/pt-pt\/wp-json\/wp\/v2\/product\/30942","targetHints":{"allow":["GET"]}}],"collection":[{"href":"https:\/\/www.antwerpor.com\/pt-pt\/wp-json\/wp\/v2\/product"}],"about":[{"href":"https:\/\/www.antwerpor.com\/pt-pt\/wp-json\/wp\/v2\/types\/product"}],"wp:featuredmedia":[{"embeddable":true,"href":"https:\/\/www.antwerpor.com\/pt-pt\/wp-json\/wp\/v2\/media\/10995"}],"wp:attachment":[{"href":"https:\/\/www.antwerpor.com\/pt-pt\/wp-json\/wp\/v2\/media?parent=30942"}],"wp:term":[{"taxonomy":"product_brand","embeddable":true,"href":"https:\/\/www.antwerpor.com\/pt-pt\/wp-json\/wp\/v2\/product_brand?post=30942"},{"taxonomy":"product_cat","embeddable":true,"href":"https:\/\/www.antwerpor.com\/pt-pt\/wp-json\/wp\/v2\/product_cat?post=30942"},{"taxonomy":"product_tag","embeddable":true,"href":"https:\/\/www.antwerpor.com\/pt-pt\/wp-json\/wp\/v2\/product_tag?post=30942"}],"curies":[{"name":"wp","href":"https:\/\/api.w.org\/{rel}","templated":true}]}}