{"id":30746,"date":"2016-12-04T15:04:00","date_gmt":"2016-12-04T15:04:00","guid":{"rendered":"https:\/\/www.antwerpor.com\/18k-gold\/custom-order\/pingente-de-diamante-de-ouro-rosa-de-0-28-quilates\/"},"modified":"2018-02-20T14:17:21","modified_gmt":"2018-02-20T14:17:21","slug":"pingente-de-diamante-de-ouro-rosa-de-0-28-quilates","status":"publish","type":"product","link":"https:\/\/www.antwerpor.com\/pt-pt\/18k-gold\/pingentes-de-diamante\/pingente-de-diamante-de-ouro-rosa-de-0-28-quilates\/","title":{"rendered":"Pingente de diamante de ouro rosa de 0.28 quilates"},"content":{"rendered":"","protected":false},"excerpt":{"rendered":"<p>Este elegante pingente de diamantes \u00e9 composto de 18 quilates de ouro rosa. O pingente de diamantes que voc\u00ea est\u00e1 vendo no momento Impressiona seus observadores com sua simplicidadeE ir\u00e1 iluminar o olhar de quem a usa. <\/p>\n[video width=\"1280\" height=\"720\" mp4=\"https:\/\/s3.amazonaws.com\/antwerporone\/video\/earrings\/november-december-2016\/The+18K+Rose+Gold+Leaf+Diamond+Pendant.mp4\"][\/video]\n<p>  [&#8230;]<\/p>\n","protected":false},"featured_media":12792,"template":"","meta":{"_acf_changed":false},"product_brand":[],"product_cat":[205],"product_tag":[665,646,569],"class_list":{"0":"post-30746","1":"product","2":"type-product","3":"status-publish","4":"has-post-thumbnail","6":"product_cat-pingentes-de-diamante","7":"product_tag-pingentes-de-diamante","8":"product_tag-pingentes-de-diamante-de-ouro-18k","9":"product_tag-pingentes-de-diamante-de-ouro-rosa","10":"odd","12":"first","13":"outofstock","14":"sold-individually","15":"taxable","16":"shipping-taxable","17":"purchasable","18":"product-type-simple"},"acf":[],"_links":{"self":[{"href":"https:\/\/www.antwerpor.com\/pt-pt\/wp-json\/wp\/v2\/product\/30746","targetHints":{"allow":["GET"]}}],"collection":[{"href":"https:\/\/www.antwerpor.com\/pt-pt\/wp-json\/wp\/v2\/product"}],"about":[{"href":"https:\/\/www.antwerpor.com\/pt-pt\/wp-json\/wp\/v2\/types\/product"}],"wp:featuredmedia":[{"embeddable":true,"href":"https:\/\/www.antwerpor.com\/pt-pt\/wp-json\/wp\/v2\/media\/12792"}],"wp:attachment":[{"href":"https:\/\/www.antwerpor.com\/pt-pt\/wp-json\/wp\/v2\/media?parent=30746"}],"wp:term":[{"taxonomy":"product_brand","embeddable":true,"href":"https:\/\/www.antwerpor.com\/pt-pt\/wp-json\/wp\/v2\/product_brand?post=30746"},{"taxonomy":"product_cat","embeddable":true,"href":"https:\/\/www.antwerpor.com\/pt-pt\/wp-json\/wp\/v2\/product_cat?post=30746"},{"taxonomy":"product_tag","embeddable":true,"href":"https:\/\/www.antwerpor.com\/pt-pt\/wp-json\/wp\/v2\/product_tag?post=30746"}],"curies":[{"name":"wp","href":"https:\/\/api.w.org\/{rel}","templated":true}]}}