{"id":30722,"date":"2016-12-04T15:04:16","date_gmt":"2016-12-04T15:04:16","guid":{"rendered":"https:\/\/www.antwerpor.com\/18k-gold\/custom-order\/pingente-de-diamante-de-ouro-branco-de-0-23-quilates\/"},"modified":"2016-12-04T15:04:16","modified_gmt":"2016-12-04T15:04:16","slug":"pingente-de-diamante-de-ouro-branco-de-0-23-quilates","status":"publish","type":"product","link":"https:\/\/www.antwerpor.com\/pt-pt\/18k-gold\/pingentes-de-diamante\/pingente-de-diamante-de-ouro-branco-de-0-23-quilates\/","title":{"rendered":"Pingente de diamante de ouro branco de 0.23 quilates"},"content":{"rendered":"","protected":false},"excerpt":{"rendered":"<p>Este glamouroso pingente de diamantes \u00e9 composto de 18 quilates de ouro branco. O pingente de diamantes que voc\u00ea est\u00e1 vendo no momento \u00c9 o acess\u00f3rio perfeito para uma festa black tieE est\u00e1 destinada a deslumbrar aqueles que a veem. [&#8230;]<\/p>\n","protected":false},"featured_media":12772,"template":"","meta":{"_acf_changed":false},"product_brand":[],"product_cat":[205],"product_tag":[665,646,575],"class_list":{"0":"post-30722","1":"product","2":"type-product","3":"status-publish","4":"has-post-thumbnail","6":"product_cat-pingentes-de-diamante","7":"product_tag-pingentes-de-diamante","8":"product_tag-pingentes-de-diamante-de-ouro-18k","9":"product_tag-pingentes-de-diamante-de-ouro-branco","10":"odd","12":"first","13":"outofstock","14":"sold-individually","15":"taxable","16":"shipping-taxable","17":"purchasable","18":"product-type-simple"},"acf":[],"_links":{"self":[{"href":"https:\/\/www.antwerpor.com\/pt-pt\/wp-json\/wp\/v2\/product\/30722","targetHints":{"allow":["GET"]}}],"collection":[{"href":"https:\/\/www.antwerpor.com\/pt-pt\/wp-json\/wp\/v2\/product"}],"about":[{"href":"https:\/\/www.antwerpor.com\/pt-pt\/wp-json\/wp\/v2\/types\/product"}],"wp:featuredmedia":[{"embeddable":true,"href":"https:\/\/www.antwerpor.com\/pt-pt\/wp-json\/wp\/v2\/media\/12772"}],"wp:attachment":[{"href":"https:\/\/www.antwerpor.com\/pt-pt\/wp-json\/wp\/v2\/media?parent=30722"}],"wp:term":[{"taxonomy":"product_brand","embeddable":true,"href":"https:\/\/www.antwerpor.com\/pt-pt\/wp-json\/wp\/v2\/product_brand?post=30722"},{"taxonomy":"product_cat","embeddable":true,"href":"https:\/\/www.antwerpor.com\/pt-pt\/wp-json\/wp\/v2\/product_cat?post=30722"},{"taxonomy":"product_tag","embeddable":true,"href":"https:\/\/www.antwerpor.com\/pt-pt\/wp-json\/wp\/v2\/product_tag?post=30722"}],"curies":[{"name":"wp","href":"https:\/\/api.w.org\/{rel}","templated":true}]}}