{"id":13293,"date":"2018-01-23T03:41:30","date_gmt":"2018-01-23T03:41:30","guid":{"rendered":"https:\/\/www.antwerpor.com\/aprendendo-sobre-ouro\/"},"modified":"2018-10-08T10:26:16","modified_gmt":"2018-10-08T10:26:16","slug":"aprendendo-sobre-ouro","status":"publish","type":"page","link":"https:\/\/www.antwerpor.com\/pt-pt\/aprendendo-sobre-ouro\/","title":{"rendered":"Aprendendo sobre Ouro"},"content":{"rendered":"<div class=\"education\">\n<style>.educationright {\nmax-width:200px;float: left!important;font-weight:bold !important;text-align:center!important;padding-bottom:20px!important;}<\/style>\n<div class = \"educationleft\" style = \"margin-bottom: 0px;\"><a name=\"gold-education\"><\/p>\n<h1> <\/a> <b> Aprendendo sobre Ouro<\/b> <\/h1>\n<\/div>\n<div class = \"clear\"> <\/div>\n<div class = \"h2\"> <a name=\"gold-production-and-mining\"><\/p>\n<h2> <\/a> \u00a0<br \/>\nProdu\u00e7\u00e3o e Minera\u00e7\u00e3o do Ouro<\/h2>\n<\/p><\/div>\n<div class = \"clear\"> <\/div>\n<div class = \"educationleft\">\nMuitos dos artefatos de ouro mais antigos encontrados s\u00e3o do Egito, datados desde 6000 AC. As principais fontes de ouro durante este tempo s\u00e3o chamadas Etbai. Os arque\u00f3logos descobriram v\u00e1rias instala\u00e7\u00f5es antigas nestas \u00e1reas que foram utilizadas para a minera\u00e7\u00e3o e produ\u00e7\u00e3o de ouro. O m\u00e9todo eg\u00edpcio para a minera\u00e7\u00e3o e produ\u00e7\u00e3o de ouro inclu\u00edam quebrar as pedras, inclusive derretendo o ouro. Estes blocos de pedra ainda eram pulverizados, facilitando a lavagem e filtragem dos materiais. O principal problema era adquirir grandes quantidades de \u00e1gua, e era muito ben\u00e9fico ter uma mina de ouro pr\u00f3xima a uma fonte de \u00e1gua, j\u00e1 que era um problema transferir grandes quantidades de \u00e1gua. Hoje em dia, o mesmo m\u00e9todo \u00e9 utilizado, s\u00f3 que muito mais preciso e cient\u00edfico, menos bruto e muito mais eficiente. An\u00e1lises do solo s\u00e3o feitas para estimar a quantidade de ouro no solo e se \u00e9 poss\u00edvel lucrar de sua minera\u00e7\u00e3o.<\/p>\n<\/div>\n<div class = \"educationright\"> <img src = \"https:\/\/www.antwerpor.com\/education\/20121026164056_1.jpg\"><br \/>\nOuro sendo minado\n <\/div>\n<div class = \"clear\"> <\/div>\n<div class = \"education\">\nEm geral, n\u00e3o vale a pena minar na maioria dos solos. Em vez dos m\u00e9todos manuais antigos, dutos podem ser utilizados em vez de estar pr\u00f3ximo a um rio, e as m\u00e1quinas substitu\u00edram a maior parte do trabalho manual.\n<\/div>\n<div class = \"clear\"> <\/div>\n<div class = \"educationleft\" style=\"float:right;\">\nOs solos mais ricos e minados para a aquisi\u00e7\u00e3o de ouro est\u00e3o localizados em uma parte relativamente pequena do Sul da \u00c1frica, como em Johanesburgo. Hoje em dia, as minas de ouro s\u00e3o cavadas a uma profundidade de v\u00e1rios quil\u00f4metros. Por estas raz\u00f5es, Johanesburgo \u00e9 onde se encontram as tecnologias e equipamentos de minera\u00e7\u00e3o mais avan\u00e7ados. Quase todo o ouro da terra est\u00e1 escondido em sua crosta. O motivo pelo qual esta \u00e1rea na \u00c1frica do Sul \u00e9 t\u00e3o rica em ouro se deve a um meteoro que atingiu a terra h\u00e1 cerca de 1 bilh\u00e3o de anos, trazendo muito do ouro que estava escondido sob a terra nesta \u00e1rea para as camadas mais superficiais. No entanto, \u00e9 importante notar que uma quantidade grande de ouro que circula hoje j\u00e1 estava circulando a centenas e \u00e0s vezes at\u00e9 milhares de anos, j\u00e1 que muitas vezes o ouro \u00e9 derretido e moldado em diferentes formas \u00e0 medida em que ocorrem mudan\u00e7as na moda e certos modelos n\u00e3o s\u00e3o mais desejados.<\/p>\n<\/div >\n<div class = \"educationright\"> <img src = \"https:\/\/businessnetworkswdotorg.files.wordpress.com\/2014\/01\/5b71f-gold-nugget-2.jpg\"> <br \/>\n Uma pepita de ouro\n <\/div >\n<div class = \"clear\"> <\/div>\n<div class = \"clear\"> <\/div>\n<div class = \"h2\"> <a name=\"gold-as-a-metal\"><\/p>\n<h2> <\/a> \u00a0<br \/>\nOuro como Metal<br \/>\n<\/h2>\n<\/p><\/div>\n<div class = \"clear\"> <\/div>\n<div class = \"educationleft\">\nO Ouro (Au) possui o n\u00famero 79 na tabela peri\u00f3dica. O n\u00facleo do \u00e1tomo do metal amarelo cont\u00e9m 79 pr\u00f3tons de carga positiva e 79 el\u00e9trons de carga negativa. O ouro possui um peso at\u00f4mico de 196,967. Ainda mais, o ouro possui 118 n\u00eautrons, o que significa que ele tem carga neutra. Apesar de que algumas rea\u00e7\u00f5es qu\u00edmicas possam acontecer em laborat\u00f3rio, o ouro em geral \u00e9 considerado como um dos metais menos reativos. Neste aspecto, ele \u00e9 um metal extremamente resistente e dur\u00e1vel. Ao contr\u00e1rio de ouros materiais, o ouro tamb\u00e9m \u00e9 imposs\u00edvel de ser diretamente oxidado. O ouro possui uma densidade relativamente alta, de cerca de 19.3g por cent\u00edmetro c\u00fabico (19.3g\/cm\u00b3). O ouro \u00e9 o s\u00e9timo elemento mais denso e o quinto metal mais denso no mundo. A pequena lista de elementos com uma densidade maior s\u00e3o (em ordem): \u00d3smio, Ir\u00eddio, Platino, R\u00e9nio, Net\u00fanio e Plut\u00f4nio. O ponto de ebuli\u00e7\u00e3o do ouro \u00e9 de 1063 \u0420C \/ 1336,16 K. Quando o ouro \u00e9 resfriado novamente para a temperatura ambiente, ele encolhe em cerca de 2%. Por isto, \u00e9 muito f\u00e1cil retir\u00e1-lo de um molde.\n<\/div>\n<div class = \"educationright\"> <img src = \"https:\/\/www.antwerpor.com\/education\/stylisedlithiumatom_1.png\"> <br \/>\nUm \u00e1tomo de ouro.\n <\/div>\n<div class = \"clear\"> <\/div>\n<div class = \"education\">\n<p>Outra propriedade qu\u00edmica muito importante do ouro \u00e9 que ele \u00e9 um dos melhores condutores. Existem condutores melhores, mas eles n\u00e3o s\u00e3o t\u00e3o n\u00e3o-reativos quimicamente. Por isto, quase todo aparelho eletr\u00f4nico possui ouro. Um computador pessoal normal possui cerca de 2g de ouro.\n <\/p><\/div>\n<div class = \"clear\"> <\/div>\n<div class = \"h2\"> <a name=\"gold-karats\"> <\/p>\n<h2> <\/a>  \u00a0<br \/>\nQuilates de Ouro e Pureza<br \/>\n <\/h2>\n<\/div>\n<div class = \"clear\"> <\/div>\n<div class = \"educationleft\" style=\"float:right;\">\nO quilate de ouro \u00e9 utilizado como uma medida para a pureza de joias de ouro. O ouro puro possui 24 quilates. O ouro de 24 quilates \u00e9 principalmente utilizado para sua comercializa\u00e7\u00e3o e \u00e9 um passo inicial para a produ\u00e7\u00e3o de joias. Nenhum joalheiro utiliza joias de ouro de 24 quilates por diversos motivos. Ouro de 24 quilates (ouro puro) \u00e9 muito dif\u00edcil de ser trabalhado devido \u00e0 sua fragilidade, fazendo com que ele seja dif\u00edcil de moldar. No entanto, assumindo que ele seja derramado em um molde e sem precisar de modifica\u00e7\u00f5es f\u00edsicas, o ouro puro ainda n\u00e3o \u00e9 recomendado para o uso em joias, porque ele \u00e9 muito f\u00e1cil. Considerar a longevidade de cada joia individual \u00e9 uma das maiores prioridades de cada joalheiro, e uma mistura de metais muito fortes \u00e9 feita, com metais como o tit\u00e2nio. A maioria dos joalheiros utiliza 18 quilates como o padr\u00e3o, j\u00e1 que \u00e9 um ouro de alta pureza, mas muito forte.<\/p><\/div>\n<div class = \"educationright\"> <img src = \"https:\/\/www.antwerpor.com\/education\/karat-scale.gif\"> <br \/> <br \/>\nEscala dos quilates de ouro<\/p>\n<\/div>\n<div class = \"clear\"> <\/div>\n<div class = \"educationleft\">\n&nbsp;<br \/>\n Joias de ouro com menos de 18 quilates, como um dos padr\u00f5es de 14 quilates, s\u00e3o consideradas muito baixas por joalheiros. Por outro lado, 22 quilates \u00e9 o padr\u00e3o que muitos pa\u00edses asi\u00e1ticos consideram como n\u00e3o sendo dur\u00e1veis o suficiente para serem utilizados por muito tempo. Muitas joias finas s\u00e3o ornamentadas com diamantes, aumentando a necessidade para que outros metais fortes mantenham a pedra valiosa em seu lugar. Resumindo, o ouro de 18 quilates assegura a alta pureza do ouro enquanto mant\u00e9m a durabilidade por muitos anos. Um fato muito interessante sobre o quilate do ouro \u00e9 que o ouro branco n\u00e3o existe em sua forma pura. O ouro branco na verdade \u00e9 ouro amarelo, mas uma mistura de metais brancos faz com que ele pare\u00e7a branco, diferenciando-o do ouro amarelo.<\/p>\n<\/div>\n<div class = \"educationright\" style = \"font-size: 15px; width:200px;\">\n<B> <i><br \/>\nQuilates &#038; Purezas do Ouro<br \/>\n <\/i> <\/b><\/p>\n<p>58.33% = 14k <br \/>\n75,00% = 18k <br \/>\n91,66% = 22k <br \/>\n95,83% = 23k <br \/>\n100% = 24k  <\/div>\n<div class = \"clear\"> <\/div>\n<p>\u00a0<br \/>\n\u00a0<\/p>\n<p>\u00a0\n<\/p><\/div>\n<p>\u00a0<br \/>\n\u00a0<\/p>\n<div class = \"clear\"> <\/div>\n<\/div>\n","protected":false},"excerpt":{"rendered":"<p> .educationright { max-width:200px;float: left!important;font-weight:bold !important;text-align:center!important;padding-bottom:20px!important;} <\/p>\n<p> Aprendendo sobre Ouro <\/p>\n<p> Produ\u00e7\u00e3o e Minera\u00e7\u00e3o do Ouro <\/p>\n<p> Muitos dos artefatos de ouro mais antigos encontrados s\u00e3o do Egito, datados desde 6000 AC. As principais fontes de ouro durante este tempo s\u00e3o chamadas Etbai. Os arque\u00f3logos descobriram v\u00e1rias instala\u00e7\u00f5es antigas nestas \u00e1reas que foram utilizadas para [&#8230;]<\/p>\n","protected":false},"author":1,"featured_media":0,"parent":0,"menu_order":0,"comment_status":"closed","ping_status":"closed","template":"","meta":{"_acf_changed":false,"footnotes":""},"class_list":["post-13293","page","type-page","status-publish","hentry","odd"],"acf":[],"_links":{"self":[{"href":"https:\/\/www.antwerpor.com\/pt-pt\/wp-json\/wp\/v2\/pages\/13293","targetHints":{"allow":["GET"]}}],"collection":[{"href":"https:\/\/www.antwerpor.com\/pt-pt\/wp-json\/wp\/v2\/pages"}],"about":[{"href":"https:\/\/www.antwerpor.com\/pt-pt\/wp-json\/wp\/v2\/types\/page"}],"author":[{"embeddable":true,"href":"https:\/\/www.antwerpor.com\/pt-pt\/wp-json\/wp\/v2\/users\/1"}],"replies":[{"embeddable":true,"href":"https:\/\/www.antwerpor.com\/pt-pt\/wp-json\/wp\/v2\/comments?post=13293"}],"version-history":[{"count":11,"href":"https:\/\/www.antwerpor.com\/pt-pt\/wp-json\/wp\/v2\/pages\/13293\/revisions"}],"predecessor-version":[{"id":40266,"href":"https:\/\/www.antwerpor.com\/pt-pt\/wp-json\/wp\/v2\/pages\/13293\/revisions\/40266"}],"wp:attachment":[{"href":"https:\/\/www.antwerpor.com\/pt-pt\/wp-json\/wp\/v2\/media?parent=13293"}],"curies":[{"name":"wp","href":"https:\/\/api.w.org\/{rel}","templated":true}]}}