{"id":13275,"date":"2018-01-22T11:43:10","date_gmt":"2018-01-22T11:43:10","guid":{"rendered":"https:\/\/www.antwerpor.com\/como-medir-seu-tamanho-de-anel-em-casa\/"},"modified":"2018-10-03T20:52:09","modified_gmt":"2018-10-03T20:52:09","slug":"como-medir-seu-tamanho-de-anel-em-casa","status":"publish","type":"page","link":"https:\/\/www.antwerpor.com\/pt-pt\/como-medir-seu-tamanho-de-anel-em-casa\/","title":{"rendered":"Como Medir seu Tamanho de Anel em Casa"},"content":{"rendered":"<div class=\"content2\">\n<style>.content2 p{text-align:left;}<\/style>\n<p>&nbsp;<\/p>\n<h2>\nComo Medir seu Tamanho de Anel em Casa<br \/>\n<\/h2>\n<p>As joias s\u00e3o um aspecto da vida que toda mulher adora. Seja um colar cativante ou an\u00e9is encantadores, as joias s\u00e3o simplesmente uma parte elegante da beleza feminina. Com o passar do tempo, ficou ainda mais f\u00e1cil obter as melhores joias. Voc\u00ea pode simplesmente comprar lindos acess\u00f3rios online sem precisar sair procurando nas lojas. No entanto, um problema comum que as mulheres encontram ao comprar joias, principalmente an\u00e9is, pela internet \u00e9 o tamanho. Como saber o di\u00e2metro dos seus dedos? Ningu\u00e9m quer errar na circunfer\u00eancia quando se trata de joias ex\u00f3ticas e lindos an\u00e9is de diamante. Ent\u00e3o, como fazer isto? Para ajudar voc\u00ea, compilamos tr\u00eas maneiras que voc\u00ea pode utilizar para encontrar seu tamanho de anel facilmente em casa.<br \/>\n\u00a0 <\/p>\n<h3>\nComo Medir Usando Tiras de Papel<br \/>\n<\/h3>\n<p>\u00a0<br \/>\nA forma mais f\u00e1cil de medir a circunfer\u00eancia do anel \u00e9 utilizando tiras de papel. Tudo o que voc\u00ea precisa \u00e9 de uma fina tira de papel, longa o suficiente para passar ao redor do seu dedo facilmente, e uma r\u00e9gua. Agora, o que voc\u00ea precisa fazer \u00e9 simples. Simplesmente enrole o peda\u00e7o de papel em seu dedo, logo acima de sua articula\u00e7\u00e3o. Esta \u00e9 a parte mais larga do seu dedo, e ela dir\u00e1 o tamanho que o seu anel deve ter. Marque o local onde a tira de papel acaba e ent\u00e3o me\u00e7a-a com uma r\u00e9gua. Isto lhe dar\u00e1 uma medida que voc\u00ea pode comparar com uma tabela online, como a que est\u00e1 abaixo.<br \/>\n\u00a0 <\/p>\n<h3>\nComo Medir o Tamanho do Anel com um Cord\u00e3o<br \/>\n<\/h3>\n<p>\u00a0<br \/>\nOutra forma de medir seu tamanho do anel \u00e9 colocando um cord\u00e3o ao redor da \u00e1rea do anel. Voc\u00ea precisa de um cord\u00e3o de 15cm, uma caneta, e claro, uma r\u00e9gua. Enrole o cord\u00e3o em seu dedo e marque com a caneta onde ele termina. Certifique-se de amarrar o cord\u00e3o loco acima de sua articula\u00e7\u00e3o, para medir a parte mais larga do dedo. Isto previne que voc\u00ea me\u00e7a seu dedo de maneira errada. Simplesmente coloque a corda na r\u00e9gua e encontre sua medida. Voc\u00ea ent\u00e3o pode encontrar o tamanho do anel ao comparar a medida com uma tabela online.<br \/>\n\u00a0 <\/p>\n<h3>\nComo Medir Utilizando Outros An\u00e9is<br \/>\n<\/h3>\n<p>\u00a0<br \/>\n\u00c0s vezes voc\u00ea pode querer fazer uma surpresa para sua namorada ou ente querido com um presente, sem que descubram. Nestes casos, pedir pelo tamanho do anel vai estragar a surpresa. Uma \u00f3tima forma de descobrir \u00e9 ao pegar um anel que ela j\u00e1 tenha e que voc\u00ea sabe que cabe bem. Coloque-o no seu dedo at\u00e9 chegar em um ponto em que ele n\u00e3o entre mais. Marque este local do seu dedo, e me\u00e7a com um cord\u00e3o ou peda\u00e7o de papel. Marque o local onde o cord\u00e3o ou papel termina e me\u00e7a com uma r\u00e9gua. Voc\u00ea pode buscar esta medida em uma tabela de tamanhos para encontrar a circunfer\u00eancia exata do anel.<br \/>\n\u00a0<br \/>\nUtilizando estes m\u00e9todos, voc\u00ea pode facilmente descobrir a circunfer\u00eancia do seu anel. Quer voc\u00ea precise comprar um anel para si mesmo, ou se quiser presentear algu\u00e9m que voc\u00ea ama, estes m\u00e9todos s\u00e3o os melhores para conseguir o tamanho de um anel facilmente. Comprar estas pe\u00e7as glamorosas de an\u00e9is brilhantes pela internet nunca foi t\u00e3o f\u00e1cil. Ent\u00e3o, por que esperar? Pe\u00e7a os an\u00e9is que voc\u00ea ama, no tamanho perfeito, e encante aqueles ao seu redor. <\/p>\n<p>\u00a0 <\/p>\n<h3>\nTabela de Convers\u00e3o de Tamanhos de Anel<br \/>\n<\/h3>\n<p>&nbsp;<br \/>\n<img decoding=\"async\" src=\"\/\/www.antwerpor.com\/images\/ring-size.png\" style=\"max-width:100%;\"><br \/>\n\u00a0<br \/>\n\u00a0\n<\/div>\n","protected":false},"excerpt":{"rendered":"<p> .content2 p{text-align:left;} <\/p>\n<p>&nbsp;<\/p>\n<p> Como Medir seu Tamanho de Anel em Casa <\/p>\n<p>As joias s\u00e3o um aspecto da vida que toda mulher adora. Seja um colar cativante ou an\u00e9is encantadores, as joias s\u00e3o simplesmente uma parte elegante da beleza feminina. Com o passar do tempo, ficou ainda mais f\u00e1cil obter as melhores joias. Voc\u00ea pode [&#8230;]<\/p>\n","protected":false},"author":1,"featured_media":0,"parent":0,"menu_order":0,"comment_status":"closed","ping_status":"closed","template":"","meta":{"_acf_changed":false,"footnotes":""},"class_list":["post-13275","page","type-page","status-publish","hentry","odd"],"acf":[],"_links":{"self":[{"href":"https:\/\/www.antwerpor.com\/pt-pt\/wp-json\/wp\/v2\/pages\/13275","targetHints":{"allow":["GET"]}}],"collection":[{"href":"https:\/\/www.antwerpor.com\/pt-pt\/wp-json\/wp\/v2\/pages"}],"about":[{"href":"https:\/\/www.antwerpor.com\/pt-pt\/wp-json\/wp\/v2\/types\/page"}],"author":[{"embeddable":true,"href":"https:\/\/www.antwerpor.com\/pt-pt\/wp-json\/wp\/v2\/users\/1"}],"replies":[{"embeddable":true,"href":"https:\/\/www.antwerpor.com\/pt-pt\/wp-json\/wp\/v2\/comments?post=13275"}],"version-history":[{"count":2,"href":"https:\/\/www.antwerpor.com\/pt-pt\/wp-json\/wp\/v2\/pages\/13275\/revisions"}],"predecessor-version":[{"id":40081,"href":"https:\/\/www.antwerpor.com\/pt-pt\/wp-json\/wp\/v2\/pages\/13275\/revisions\/40081"}],"wp:attachment":[{"href":"https:\/\/www.antwerpor.com\/pt-pt\/wp-json\/wp\/v2\/media?parent=13275"}],"curies":[{"name":"wp","href":"https:\/\/api.w.org\/{rel}","templated":true}]}}