{"id":13263,"date":"2018-01-22T10:30:19","date_gmt":"2018-01-22T10:30:19","guid":{"rendered":"https:\/\/www.antwerpor.com\/perguntas-frequentes\/"},"modified":"2018-11-14T13:02:59","modified_gmt":"2018-11-14T13:02:59","slug":"perguntas-frequentes","status":"publish","type":"page","link":"https:\/\/www.antwerpor.com\/pt-pt\/perguntas-frequentes\/","title":{"rendered":"Perguntas Frequentes"},"content":{"rendered":"<style>h2{font-size:32px!important}.education h2{top:51px;position:relative;font-size:22px!important;text-transform:uppercase}.gemstones,.gemstones2{padding-top:50px!important}.gemstones,.gemstones2{padding-top:50px!important}.gemstones a,.gemstones2 a{position:relative;top:30px}h3{padding:20px 0;font-family:verlag,arial,verdana!important;font-size:21px!important;line-height:1em;color:#332e2e;}.education p,.education h3 a,.education2 h3 a{line-height:1.2em;position:relative;top:45px;display:-webkit-inline-box}.education{padding-bottom:60px}<\/style>\n<style>@media only screen and (min-width:1px) and (max-width:480px){.education p, .education h3 a, .education2 h3 a{top:75px;}}<\/style>\n<div id=\"container\">\n<div class=\"education\" style=\"line-height:2em !important;\" style=\"text-align:right!important;\">\n<h2 style=\"font-size:40px !important\">Perguntas Frequentes<\/h2>\n<div class=\"gemstones\" style=\"text-align:left; margin-left:5px; list-style-type:none;\">\n<h2>\nPerguntas Sobre Diamantes<br \/>\n<\/h2>\n<p>\u00a0 <\/p>\n<p><a href=\"#how-do-i-grade-diamonds\"> <\/p>\n<li>\nComo avalio diamantes?<br \/>\n <\/a><\/li>\n<p><a href=\"#do-you-sell-loose-diamonds\"> <\/p>\n<li>\nComo os diamantes soltos s\u00e3o vendidos?<br \/>\n <\/a><\/li>\n<p><a href=\"#what-is-carat-diamonds\"> <\/p>\n<li>\nO que \u00e9 quilate? (diamantes)<br \/>\n <\/a><\/li>\n<p><a href=\"#what-is-your-standard-set-diamond-quality\"> <\/p>\n<li>\nQual a sua qualidade de diamante padr\u00e3o?<br \/>\n <\/a><\/li>\n<p><a href=\"#why-use-this-quality-standard-for-diamonds\"> <\/p>\n<li>\nPor que esta \u00e9 sua qualidade padr\u00e3o?<br \/>\n<\/a><\/li>\n<p>\u00a0 <\/p>\n<h2>\nCustomiza\u00e7\u00e3o de An\u00e9is<br \/>\n<\/h2>\n<p>\u00a0 <\/p>\n<p><a href=\"#how-do-i-use-the-ring-builder\"> <\/p>\n<li>\nComo uso o Construtor de An\u00e9is?<br \/>\n <\/a><\/li>\n<p><a href=\"#how-do-i-find-out-what-my-ring-size-is\"> <\/p>\n<li>\nComo descubro meu tamanho de anel?<br \/>\n <\/a><\/li>\n<p>\u00a0 <\/p>\n<h2>\nSobre a Empresa<br \/>\n<\/h2>\n<p>\u00a0 <\/p>\n<p><a href=\"#when-was-antwer-or-founded\"> <\/p>\n<li>\nQuando a Antwerp Or foi fundada?<\/p>\n<p> <\/a><\/li>\n<p><a href=\"#how-safe-is-online-shopping-at-antwerp-or\"> <\/p>\n<li>\nQu\u00e3o seguro \u00e9 comprar online na Antwerp Or?<br \/>\n<\/a><\/li>\n<p><a href=\"#do-you-have-a-physical-showroom-i-can-visit\"> <\/p>\n<li>\nVoc\u00eas possuem uma loja f\u00edsica que eu posso visitar?<br \/>\n<\/a><\/li>\n<\/div>\n<div class=\"gemstones2\" style=\"text-align:left; margin-right:5px; list-style-type:none; max-width:460px !important;\">\n<h2>\nPerguntas Sobre Ouro<\/p>\n<\/h2>\n<p>\u00a0 <\/p>\n<p><a href=\"#what-is-carat-gold\"> <\/p>\n<li>\nO que \u00e9 quilate? (ouro)<br \/>\n<\/a><\/li>\n<p><a href=\"#why-do-you-exclusively-sell-18-carat-gold\"> <\/p>\n<li>\nPor que voc\u00eas vendem apenas ouro de 18 quilates?<br \/>\n<\/a><\/li>\n<p><a href=\"#what-is-the-difference-between-18k-carat-gold-and-14-carat-gold\"> <\/p>\n<li>\nQual a diferen\u00e7a entre ouro de 14 quilates e ouro de 18 quilates?<br \/>\n<\/a><\/li>\n<p>\u00a0 <\/p>\n<h2>\nLimpando Joias de Diamante<br \/>\n<\/h2>\n<p>\u00a0 <\/p>\n<p><a href=\"#how-should-i-clean-my-jewels\"> <\/p>\n<li>\nComo devo limpar minhas joias?<br \/>\n<\/a><\/li>\n<p><a href=\"#guides-cleaning-jewelry\"> <\/p>\n<li>\nVoc\u00ea tem algum guia que explica como limpar joias de diamante?<br \/>\n<\/a><\/li>\n<p>\u00a0 <\/p>\n<h2>\nComprando Online na Antwerp Or<br \/>\n<\/h2>\n<p>\u00a0 <\/p>\n<p><a href=\"#are-my-orders-sent-insured\"> <\/p>\n<li>\nMeus pedidos s\u00e3o assegurados?<br \/>\n<\/a><\/li>\n<p><a href=\"#what-import-fees-can-i-expect\"> <\/p>\n<li>\nQue Taxas de Importa\u00e7\u00e3o posso precisar pagar?<\/p>\n<p><\/a><\/li>\n<p><a href=\"#what-countries-do-you-ship-to\"> <\/p>\n<li>\nPara quais pa\u00edses voc\u00eas enviam?<br \/>\n<\/a><\/li>\n<p><a href=\"#what-is-your-refund-policy\"> <\/p>\n<li>\nQual sua pol\u00edtica de reembolso?<br \/>\n<\/a><\/li>\n<p><a href=\"#what-is-the-estimated-delivery-time\"> <\/p>\n<li>\nQual o tempo estimado de entrega?<br \/>\n<\/a><\/li>\n<p><a href=\"#can-i-track-my-order\"> <\/p>\n<li>\nPosso rastrear meu pedido?<br \/>\n<\/a><\/li>\n<p><a href=\"#what-kind-of-payment-methods-do-you-accept\"> <\/p>\n<li>\nQue tipo de m\u00e9todos de pagamento voc\u00eas aceitam?<br \/>\n<\/a><\/li>\n<p><a href=\"#how-can-you-sell-tax-free\"> <\/p>\n<li>\nComo \u00e9 poss\u00edvel vender sem impostos?<\/p>\n<p><\/a><\/li>\n<\/div>\n<\/div>\n<div class=\"clear\"><\/div>\n<div class=\"education\">\n\u00a0<br \/>\n<a name=\"how-do-i-grade-diamonds\"> <\/p>\n<h3>\nComo avalio diamantes?<br \/>\n <\/a><\/h3>\n<p>Para aprender o b\u00e1sico da avalia\u00e7\u00e3o de diamantes, por favor, visite a se\u00e7\u00e3o de avalia\u00e7\u00e3o de diamantes em nossa p\u00e1gina educativa. Nesta se\u00e7\u00e3o de nossa p\u00e1gina educativa, explicamos os 4 C\u2019s da avalia\u00e7\u00e3o do diamante, que incluem Cor, Claridade, Quilate (Carat) e Corte.<\/p>\n<p>\u00a0<a name=\"do-you-sell-loose-diamonds\"> <\/p>\n<h3>\nVoc\u00eas vendem diamantes soltos?<br \/>\n<\/a><\/h3>\n<p>Sim, vendemos diamantes soltos online, certificados pela GIA. Voc\u00ea tamb\u00e9m pode v\u00ea-los em 3D. Clique aqui para comprar diamantes online. Al\u00e9m disso, qualquer diamante que voc\u00ea encontrar no Construtor de An\u00e9is de Noivado Customizados tamb\u00e9m s\u00e3o certificados pela GIA. Nesta p\u00e1gina, voc\u00ea pode comprar an\u00e9is de noivado customizados junto com seus diamantes.<\/p>\n<p>\u00a0<a name=\"what-is-carat-diamonds\"> <\/p>\n<h3>\nO que \u00e9 quilate? (diamantes)<br \/>\n<\/a><\/h3>\n<p>Quilate, assim como gramas, \u00e9 uma forma de contar o peso das pedras. Um quilate possui aproximadamente 0.2 g. Para aprender mais sobre quilates de diamantes, por favor visite a se\u00e7\u00e3o de quilates de nossa p\u00e1gina educacional, onde tamb\u00e9m explicamos sobre os outros 3 C\u2019s.<\/p>\n<p>\u00a0<a name=\"what-is-your-standard-set-diamond-quality\"> <\/p>\n<h3>\nQual sua qualidade de diamante padr\u00e3o?<br \/>\n <\/a><\/h3>\n<p>A qualidade padr\u00e3o de nossos diamantes \u00e9 VS-G. Isto significa \u201cInclus\u00f5es Muito Leves\u201d, e \u201cCor G\u201d, e ambos s\u00e3o altos crit\u00e9rios de qualidade. Por favor, note que o padr\u00e3o de qualidade n\u00e3o inclui diamantes maiores e centrais, mas aqueles colocados dentro do ouro.<\/p>\n<p>\u00a0<a name=\"why-use-this-quality-standard-for-diamonds\"> <\/p>\n<h3>\nPor que voc\u00eas utilizam este padr\u00e3o de qualidade para seus diamantes?<br \/>\n <\/a><\/h3>\n<p>Por que voc\u00eas utilizam este padr\u00e3o de qualidade para seus diamantes?<br \/>\nExistem muitas variedades de joias finas. Como nossos clientes est\u00e3o interessados em joias de diamantes em ouro de 18 quilates, que s\u00e3o ambos s\u00edmbolos de status, queremos ter certeza de que eles est\u00e3o comprando o melhor. Tamb\u00e9m \u00e9 crucial para n\u00f3s que as joias tenham o brilho certo e que reflitam sua beleza, o que \u00e9 dif\u00edcil de conseguir com diamantes de baixa qualidade. Resumindo, queremos oferecer apenas o melhor para nossos clientes.<\/p>\n<p>\u00a0<\/p>\n<h2>\nPerguntas Frequentes sobre Customiza\u00e7\u00e3o de An\u00e9is<br \/>\n<\/h2>\n<p>\u00a0<a name=\"how-do-i-use-the-ring-builder\"> <\/p>\n<h3>\nComo utilizo o Construtor de An\u00e9is?<br \/>\n<\/a><\/h3>\n<p>A parte de baixo da p\u00e1gina do Construtor de An\u00e9is possui um link azul que diz \u201ccomo utilizar nosso construtor de an\u00e9is\u201d. Clique neste link para expandir a parte de baixo da p\u00e1gina, que possui instru\u00e7\u00f5es para construir seu pr\u00f3prio anel.<\/p>\n<p>\u00a0<a name=\"how-do-i-find-out-what-my-ring-size-is\"> <\/p>\n<h3>\nComo descubro meu tamanho de anel?<br \/>\n<\/a><\/h3>\n<p>Se voc\u00ea j\u00e1 tem um anel que cabe em voc\u00ea, mas voc\u00ea n\u00e3o sabe qual o tamanho, recomendamos que voc\u00ea me\u00e7a o espa\u00e7o central. Se voc\u00ea n\u00e3o sabe seu tamanho de anel, por favor, entre em contato conosco por telefone, e-mail ou atendimento ao vivo, e enviaremos uma fita m\u00e9trica para an\u00e9is por correio de gra\u00e7a para voc\u00ea. Para maiores informa\u00e7\u00f5es sobre seu tamanho de anel, clique aqui.<br \/>\n\u00a0<\/p>\n<h2>\nPerguntas Frequentes Sobre a Empresa<br \/>\n<\/h2>\n<p>\u00a0<a name=\"when-was-antwer-or-founded\"> <\/p>\n<h3>\nQuando a Antwerp Or foi fundada?<br \/>\n<\/a><\/h3>\n<p>Antwerp Or em seu formato atual  com seu nome atual foi fundada originalmente no dia 30 de janeiro de 1991. No entanto, nossa fam\u00edlia j\u00e1 havia come\u00e7ado com outra loja de joias em 1978.<\/p>\n<p>\u00a0<a name=\"how-safe-is-online-shopping-at-antwerp-or\"> <\/p>\n<h3>\nQu\u00e3o seguro \u00e9 comprar online com a Antwerp Or?<br \/>\n <\/a><\/h3>\n<p>Comprar online com a Antwerp Or \u00e9 extremamente seguro. N\u00e3o s\u00f3 todas as nossas p\u00e1ginas s\u00e3o criptografadas, n\u00f3s tamb\u00e9m nunca armazenamos nenhuma informa\u00e7\u00e3o de pagamento como n\u00fameros de cart\u00e3o de cr\u00e9dito e c\u00f3digos de seguran\u00e7a em nossos servidores. Todas estas informa\u00e7\u00f5es passam exclusivamente por um servidor certificado para lidar com tais pedidos.<\/p>\n<p>\u00a0<a name=\"do-you-have-a-physical-showroom-i-can-visit\"> <\/p>\n<h3>\nVoc\u00eas possuem uma loja f\u00edsica que eu posso visitar?<br \/>\n<\/a><\/h3>\n<p>Sim! Voc\u00ea est\u00e1 convidado para visitar se estiver pela \u00e1rea. Por favor, visite a p\u00e1gina de contato para maiores informa\u00e7\u00f5es sobre nosso showroom, como sua localiza\u00e7\u00e3o e hor\u00e1rios de funcionamento.<br \/>\n\u00a0<\/p>\n<h2>\nPerguntas Frequentes Sobre Ouro<br \/>\n<\/h2>\n<p>\u00a0<a name=\"what-is-carat-gold\"> <\/p>\n<h3>\nO que \u00e9 quilate? (ouro)<br \/>\n<\/a><\/h3>\n<p>Quando falamos de quilates em termos de ouro, as pessoas se referem \u00e0 pureza do ouro. Ouro puro possui 24 quilates. No entanto, ouro de 24 quilates nunca \u00e9 utilizado porque o ouro em sua forma pura sem misturas \u00e9 muito fr\u00e1gil e facilmente danificado. Clique aqui para aprender mais sobre a pureza do quilate do ouro em detalhes. <\/p>\n<p>\u00a0<a name=\"why-do-you-exclusively-sell-18-carat-gold\"> <\/p>\n<h3>\nPor que voc\u00eas vendem apenas ouro de 18 quilates?<br \/>\n<\/a><\/h3>\n<p>Acreditamos que existem muitos problemas associados com ouro de 14 quilates e com pureza acima de 18 quilates. O ouro de 14 quilates n\u00e3o possui o prest\u00edgio da pureza do ouro, e ele s\u00f3 possui aproximadamente 50% de ouro. Em um exemplo oposto, o ouro de 24 quilates \u00e9 quase inutiliz\u00e1vel, e mesmo quando um item foi acabado com altos padr\u00f5es, \u00e9 muito mais prov\u00e1vel que ele perda seu formado ao receber press\u00e3o em certos locais. O ouro de 18 quilates \u00e9 o que acreditamos ser a mistura apropriada para representar o prest\u00edgio associado com alta pureza do ouro enquanto ainda mantemos o ouro s\u00f3lido, forte e pronto para uso a longo-prazo.<\/p>\n<p>\u00a0<a name=\"what-is-the-difference-between-18k-carat-gold-and-14-carat-gold\"> <\/p>\n<h3>\nQual a diferen\u00e7a entre o ouro de 14 quilates e o ouro de 18 quilates?<br \/>\n<\/a><\/h3>\n<p>Brevemente explicado na resposta acima, a principal diferen\u00e7a entre o ouro de 14 quilates e o ouro de 18 quilates \u00e9 a porcentagem de ouro consistente no metal. O ouro de 14 quilates possui aproximadamente 58%, enquanto o ouro de 18 quilates possui aproximadamente 75% de ouro.<\/p>\n<p>\u00a0<\/p>\n<h2>\nPerguntas Frequentes Sobre Limpar Joias de Diamante<br \/>\n<\/h2>\n<p>\u00a0<a name=\"how-should-i-clean-my-jewels\"> <\/p>\n<h3>\nComo posso limpar minhas joias?<br \/>\n<\/a><\/h3>\n<p>Recomendamos utilizar uma escova de dentes, \u00e1gua quente e algo que seja bom em remover manchas de gordura. Recomendamos especialmente detergentes l\u00edquidos.<\/p>\n<p>\u00a0<a name=\"guides-cleaning-jewelry\"> <\/p>\n<h3>\nVoc\u00eas possuem guias explicando como limpar joias de diamante?<\/p>\n<p><\/a><\/h3>\n<p>Temos um guia que explica como limpar brincos de diamante, e outra explicando como limpar an\u00e9is de diamante.<br \/>\n\u00a0<\/p>\n<h2>\nPerguntas Frequentes Sobre Comprar na Antwerp Or<br \/>\n<\/h2>\n<p>\u00a0<a name=\"are-my-orders-sent-insured\"> <\/p>\n<h3>\nMeus pedidos enviados s\u00e3o assegurados?<br \/>\n<\/a><\/h3>\n<p>Todos os nossos pedidos s\u00e3o assegurados. Compramos seguros para cada envio e utilizamos apenas transportadoras reconhecidas internacionalmente, al\u00e9m de declararmos o valor e natureza das joias que enviamos.<\/p>\n<p>\u00a0<a name=\"what-import-fees-can-i-expect\"> <\/p>\n<h3>\nQue Taxas de Importa\u00e7\u00e3o posso precisar pagar?<br \/>\n<\/a><\/h3>\n<p>As taxas de importa\u00e7\u00e3o atualmente s\u00e3o de 2.5% para o Reino Unido, 5.5% para os Estados Unidos, 6.5% para o Canad\u00e1 e 5% para a Austr\u00e1lia.<\/p>\n<p>\u00a0<a name=\"what-countries-do-you-ship-to\"> <\/p>\n<h3>\nPara que pa\u00edses voc\u00eas enviam?<\/a><\/h3>\n<p>Argentina, Austr\u00e1lia, \u00c1ustria, Bermuda, Bulg\u00e1ria, Canad\u00e1, China, Chipre, Rep\u00fablica Tcheca, Dinamarca, Est\u00f4nia, Finl\u00e2ndia, Fran\u00e7a, Alemanha, Gibraltar, Gr\u00e9cia, Hong Kong, Hungria, Irlanda, It\u00e1lia, Jap\u00e3o, Let\u00f4nia, Litu\u00e2nia, Luxemburgo, Maced\u00f4nia, Mal\u00e1sia, Malta, M\u00e9xico, Holanda, Nova Zel\u00e2ndia, Noruega, Panam\u00e1, Pol\u00f4nia, Porutgal, Rom\u00eania, Cingapura, Eslov\u00e1quia, Eslov\u00eania, Cor\u00e9ia do Sul, Espanha, Sri Lanka, Su\u00e9cia, Su\u00ed\u00e7a, Taiwan, Tail\u00e2ndia, Reino Unido, Estado Unidos Vietn\u00e3<\/p>\n<p>Enviaremos seu item para qualquer lugar no mundo \u2013 de gra\u00e7a! No entanto, note que qualquer cliente comprando diamantes ou joias de diamantes de nossa loja ter\u00e1 que pagar 21% a mais em impostos.<br \/>\n\u00a0<a name=\"what-is-your-refund-policy\"> <\/p>\n<h3>\nQuelle est votre politique de remboursement en ligne ?<br \/>\n<\/a><\/h3>\n<p>Se, por qualquer motivo, voc\u00ea decidir devolver sua joia, voc\u00ea pode fazer isto por um total de 30 dias e receber um reembolso. Para ler mais sobre nossa pol\u00edtica de envio &#038; devolu\u00e7\u00e3o, por favor, clique aqui.<\/p>\n<p>\u00a0<a name=\"what-is-the-estimated-delivery-time\"> <\/p>\n<h3>\nQual o tempo estimado de entrega?<br \/>\n<\/a><\/h3>\n<p>Cada item \u00e0 venda em nosso site est\u00e1 dispon\u00edvel e em estoque. O tempo de entrega levar\u00e1 algumas semanas na maioria dos casos, mas com certeza n\u00e3o muito mais do que isto para joias normais. O construtor de an\u00e9is, no entanto, \u00e9 uma exce\u00e7\u00e3o. Os modelos do construtor de an\u00e9is n\u00e3o est\u00e3o dispon\u00edveis naquele momento, e as pe\u00e7as podem demorar at\u00e9 duas semanas para serem criadas. \u00c9 por este motivo que algumas entregas do construtor de an\u00e9is podem demorar at\u00e9 tr\u00eas semanas para serem entregues. <\/p>\n<p>\u00a0<a name=\"can-i-track-my-order\"> <\/p>\n<h3>\nPosso rastrear meu pedido?<\/p>\n<p><\/a><\/h3>\n<p>Sim. Cada cliente que faz um pedido recebe informa\u00e7\u00f5es sobre como rastrear o pedido.<br \/>\n\u00a0<\/p>\n<p>\u00a0<a name=\"what-kind-of-payment-methods-do-you-accept\"> <\/p>\n<h3>\nQue tipo de m\u00e9todos de pagamento voc\u00ea aceita?<br \/>\n<\/a><\/h3>\n<p>Atualmente, aceitamos Visa, Mastercard, Bitcoin, American Express e transfer\u00eancia banc\u00e1ria. Aceitamos todos estes cart\u00f5es e dinheiro em nosso showroom. <\/p>\n<p>\u00a0<a name=\"how-can-you-sell-tax-free\"> <\/p>\n<h3>\nComo \u00e9 poss\u00edvel vender sem impostos?<br \/>\n<\/a><\/h3>\n<p>A lei permite que pa\u00edses fora da Uni\u00e3o Europeia exportem joias de ouro e diamantes sem impostos. Clientes que s\u00e3o cidad\u00e3os da Europa n\u00e3o podem aproveitar esta isen\u00e7\u00e3o.\n<\/p><\/div>\n<\/div>\n<div class=\"clear\"><\/div>\n","protected":false},"excerpt":{"rendered":"<p>h2{font-size:32px!important}.education h2{top:51px;position:relative;font-size:22px!important;text-transform:uppercase}.gemstones,.gemstones2{padding-top:50px!important}.gemstones,.gemstones2{padding-top:50px!important}.gemstones a,.gemstones2 a{position:relative;top:30px}h3{padding:20px 0;font-family:verlag,arial,verdana!important;font-size:21px!important;line-height:1em;color:#332e2e;}.education p,.education h3 a,.education2 h3 a{line-height:1.2em;position:relative;top:45px;display:-webkit-inline-box}.education{padding-bottom:60px} @media only screen and (min-width:1px) and (max-width:480px){.education p, .education h3 a, .education2 h3 a{top:75px;}} Perguntas Frequentes Perguntas Sobre Diamantes <\/p>\n<\/p>\n<p> Como avalio diamantes? <\/p>\n<p> Como os diamantes soltos s\u00e3o vendidos? <\/p>\n<p> O que \u00e9 quilate? (diamantes) <\/p>\n<p> Qual a [&#8230;]<\/p>\n","protected":false},"author":1,"featured_media":0,"parent":0,"menu_order":0,"comment_status":"closed","ping_status":"closed","template":"","meta":{"_acf_changed":false,"footnotes":""},"class_list":["post-13263","page","type-page","status-publish","hentry","odd"],"acf":[],"_links":{"self":[{"href":"https:\/\/www.antwerpor.com\/pt-pt\/wp-json\/wp\/v2\/pages\/13263","targetHints":{"allow":["GET"]}}],"collection":[{"href":"https:\/\/www.antwerpor.com\/pt-pt\/wp-json\/wp\/v2\/pages"}],"about":[{"href":"https:\/\/www.antwerpor.com\/pt-pt\/wp-json\/wp\/v2\/types\/page"}],"author":[{"embeddable":true,"href":"https:\/\/www.antwerpor.com\/pt-pt\/wp-json\/wp\/v2\/users\/1"}],"replies":[{"embeddable":true,"href":"https:\/\/www.antwerpor.com\/pt-pt\/wp-json\/wp\/v2\/comments?post=13263"}],"version-history":[{"count":22,"href":"https:\/\/www.antwerpor.com\/pt-pt\/wp-json\/wp\/v2\/pages\/13263\/revisions"}],"predecessor-version":[{"id":40444,"href":"https:\/\/www.antwerpor.com\/pt-pt\/wp-json\/wp\/v2\/pages\/13263\/revisions\/40444"}],"wp:attachment":[{"href":"https:\/\/www.antwerpor.com\/pt-pt\/wp-json\/wp\/v2\/media?parent=13263"}],"curies":[{"name":"wp","href":"https:\/\/api.w.org\/{rel}","templated":true}]}}