{"id":13231,"date":"2018-01-21T09:53:24","date_gmt":"2018-01-21T09:53:24","guid":{"rendered":"https:\/\/www.antwerpor.com\/politica-de-privacidade\/"},"modified":"2018-06-15T21:43:21","modified_gmt":"2018-06-15T21:43:21","slug":"politica-de-privacidade","status":"publish","type":"page","link":"https:\/\/www.antwerpor.com\/pt-pt\/politica-de-privacidade\/","title":{"rendered":"Pol\u00edtica de Privacidade"},"content":{"rendered":"<div class=\"content2\">\n<h2 id=\"ppHeader\">Pol\u00edtica de Privacidade<\/h2>\n<div class=\"privacy\" style=\"height:auto; padding:20px; display: block; line-height: 1.6em; text-align: left; font-size: 17px;text-align:left!important;\">\n<div id=\"ppBody\">\nEsta pol\u00edtica de privacidade foi compilada para melhor servir \u00e0queles que est\u00e3o preocupados com como sua \u2018Informa\u00e7\u00e3o Pessoal Identific\u00e1vel\u2019 (PPI) est\u00e1 sendo utilizada online. A PPI, como utilizada na lei Americana de privacidade e seguran\u00e7a da informa\u00e7\u00e3o, \u00e9 a informa\u00e7\u00e3o que pode ser utilizada isoladamente ou com outras informa\u00e7\u00f5es para identificar, contatar ou localizar uma pessoa, ou para identificar um indiv\u00edduo em um contexto. Por favor, leia nossa pol\u00edtica de privacidade com cuidado para entender bem o que coletamos, utilizamos, protegemos ou lidamos de sua Informa\u00e7\u00e3o Pessoal Identific\u00e1vel em nosso site.<br \/>\n &nbsp;<br \/>\n<strong>Que informa\u00e7\u00f5es pessoais coletamos das pessoas que visitam nosso blog, site ou app?<\/strong><br \/>\nQuando voc\u00ea compra ou se registra em nosso site, podemos pedir que voc\u00ea insira seu nome, endere\u00e7o de e-mail, endere\u00e7o postal, n\u00famero de telefone ou outros detalhes para ajud\u00e1-lo com sua experi\u00eancia.<br \/>\n &nbsp;<br \/>\n<strong>Quando coletamos informa\u00e7\u00f5es?<\/strong><br \/>\nColetamos suas informa\u00e7\u00f5es quando voc\u00ea se registra em nosso site, faz um pedido ou insere informa\u00e7\u00f5es em nosso site.<br \/>\n &nbsp;<br \/>\n<strong>Como utilizamos sua informa\u00e7\u00e3o?<\/strong><br \/>\nPodemos utilizar as informa\u00e7\u00f5es que coletamos quando voc\u00ea se registra, realiza uma compra, se inscreve para nossa newsletter, responde a uma pesquisa ou comunica\u00e7\u00e3o de marketing, navega no site ou usa um certo tipo de caracter\u00edstica do site das seguintes maneiras:<br \/>\n      \u2022 Para personalizar a experi\u00eancia do usu\u00e1rio e nos permitir entregar o tipo de conte\u00fado e ofertas de produtos que voc\u00ea est\u00e1 interessado.<br \/>\n      \u2022 Para nos permitir fornecer um melhor servi\u00e7o ao responder \u00e0s suas perguntas no servi\u00e7o ao consumidor.<br \/>\n      \u2022 Para realizar um concurso, promo\u00e7\u00e3o, pesquisa ou outros.<br \/>\n      \u2022 Para processar suas transa\u00e7\u00f5es rapidamente.<br \/>\n &nbsp;<br \/>\n<strong>Como protegemos as informa\u00e7\u00f5es dos visitantes?<\/strong><br \/>\nN\u00e3o utilizamos varreduras de vulnerabilidade e\/ou varreduras nos padr\u00f5es PCI.<br \/>\nUtilizamos Varreduras de Malware normais.<br \/>\nSuas informa\u00e7\u00f5es pessoais est\u00e3o contidas atr\u00e1s de redes seguras que s\u00f3 podem ser acessadas por um n\u00famero limitado de pessoas que possuem direitos especiais de acesso a estes sistemas, e exigimos que estas pessoas mantenham a confidencialidade das informa\u00e7\u00f5es. Al\u00e9m disso, todas as informa\u00e7\u00f5es sens\u00edveis\/de cr\u00e9dito que voc\u00ea fornece s\u00e3o criptografadas por meio da tecnologia Secure Socket Layer (SSL).<br \/>\nImplementamos uma variedade de medidas de seguran\u00e7a quando um usu\u00e1rio faz um pedido, insere, envia ou acessa suas informa\u00e7\u00f5es para manter a seguran\u00e7a de suas informa\u00e7\u00f5es pessoais.<br \/>\nTodas as transa\u00e7\u00f5es s\u00e3o processadas por meio de um provedor de gateway e n\u00e3o s\u00e3o armazenadas ou processadas em nossos servidores.<br \/>\n &nbsp;<br \/>\n<strong>Utilizamos \u2018cookies\u2019?<\/strong><br \/>\nSim. Cookies s\u00e3o pequenos arquivos que um site ou seu provedor de servi\u00e7os transfere para o disco duro do computador por meio de seu navegador de internet (se voc\u00ea permitir). Isto permite que o sistema do site ou do provedor de servi\u00e7os reconhe\u00e7a seu navegador e capture e se lembre de certas informa\u00e7\u00f5es. Por exemplo, utilizamos cookies para nos ajudar a lembrar e processar os itens em seu carrinho de compras. Eles tamb\u00e9m s\u00e3o utilizados para nos ajudar a entender suas prefer\u00eancias baseadas em suas atividades atuais e anteriores no site, o que nos permite fornecer servi\u00e7os melhores.<br \/>\n &nbsp;<br \/>\nUtilizamos cookies para:<br \/>\n      \u2022 Ajudar a lembrar e processar os itens no carrinho de compras<br \/>\n      \u2022 Armazenar o idioma do site que o usu\u00e1rio escolheu<br \/>\n      \u2022 Deixar o usu\u00e1rio ajustar suas sele\u00e7\u00f5es de filtros de moeda e pre\u00e7o<br \/>\nVoc\u00ea pode decidir receber um aviso do seu computador sempre que um cookie est\u00e1 sendo enviado, ou voc\u00ea pode escolher desligar todos os cookies. Voc\u00ea pode fazer isto nas configura\u00e7\u00f5es do seu navegador (como o Google Chrome). Cada navegador \u00e9 um pouco diferente, ent\u00e3o visite o menu de Ajuda do seu navegador para aprender a forma correta de modificar seus cookies.<br \/>\nSe voc\u00ea desligar os cookies, algumas fun\u00e7\u00f5es ser\u00e3o desativadas. Isto afetar\u00e1 a experi\u00eancia do usu\u00e1rio, assim como as fun\u00e7\u00f5es que tornam a experi\u00eancia do site mais eficiente e alguns de nossos servi\u00e7os n\u00e3o funcionar\u00e3o como deveriam.<br \/>\nNo entanto, voc\u00ea ainda poder\u00e1 fazer pedidos.<br \/>\n &nbsp;<br \/>\n<strong>Divulga\u00e7\u00e3o a Terceiros<\/strong><br \/>\nN\u00f3s n\u00e3o vendemos, trocamos ou transferimos suas informa\u00e7\u00f5es pessoais identific\u00e1veis para terceiros a n\u00e3o ser em ocasi\u00f5es onde o avisamos anteriormente. Isto n\u00e3o inclui parceiros de hospedagem do site e outras partes que nos ajudam na opera\u00e7\u00e3o do site, na condu\u00e7\u00e3o dos nossos neg\u00f3cios e no nosso servi\u00e7o, a n\u00e3o ser que estas partes concordem em manter a confidencialidade destas informa\u00e7\u00f5es. N\u00f3s tamb\u00e9m podemos liberar suas informa\u00e7\u00f5es quando acreditarmos que seja apropriado para cumprir com a lei, refor\u00e7ar as pol\u00edticas do nosso site e proteger nossos direitos, propriedades ou seguran\u00e7a, ou os direitos, propriedades e seguran\u00e7a de outros. N\u00e3o vendemos nem compartilhamos informa\u00e7\u00f5es n\u00e3o-pessoais identific\u00e1veis de visitantes que podem ser fornecidas para outras partes para marketing, publicidade ou outro uso.<br \/>\n &nbsp;<br \/>\n<strong>Links de terceiros<\/strong><br \/>\nN\u00e3o inclu\u00edmos ou oferecemos produtos ou servi\u00e7os terceirizados em nosso site.<br \/>\n &nbsp;<br \/>\n<strong>Google<\/strong><br \/>\nAo contr\u00e1rio da maioria dos outros sites, n\u00e3o utilizamos Google Analytics nem qualquer outro software terceirizado de monitoramento. N\u00f3s temos v\u00eddeos no YouTube, que \u00e9 um servi\u00e7o do Google, em muitas de nossas p\u00e1ginas de produtos, mas utilizamos este v\u00eddeo no formato \u201cyoutube-noncookie.com\u201d, que permite que o usu\u00e1rio assista um v\u00eddeo em nosso site sem qualquer cookie do servi\u00e7o Google. Tamb\u00e9m utilizamos o Google Maps, mas este servi\u00e7o n\u00e3o utiliza nenhum cookie, j\u00e1 que \u00e9 feito pela API do Google Maps. Estes dois servi\u00e7os s\u00e3o utilizados de acordo com as leis de privacidade europeias. Por favor, note que visitar qualquer link externo nesta p\u00e1gina como o YouTube, Facebook, Instagram, Twitter ou Pinterest o levar\u00e1 a sites com cookies.<\/p>\n<p> &nbsp;<br \/>\n<strong>Ato de Prote\u00e7\u00e3o \u00e0 Privacidade Online da Calif\u00f3rnia<\/strong><br \/>\nCalOPPA \u00e9 a primeira lei estadual da na\u00e7\u00e3o a exigir que sites comerciais e servi\u00e7os online postem uma pol\u00edtica de privacidade. A lei vai muito al\u00e9m da Calif\u00f3rnia e exige que uma pessoa ou empresa nos Estados Unidos (e possivelmente no mundo inteiro) que opera com sites que coletam informa\u00e7\u00f5es pessoais identific\u00e1veis de consumidores da Calif\u00f3rnia postem uma consp\u00edcua pol\u00edtica de privacidade em seu site, dizendo exatamente que informa\u00e7\u00f5es est\u00e3o sendo coletadas e com que indiv\u00edduos ela est\u00e1 sendo compartilhada. Veja mais em: http:\/\/consumercal.org\/california-online-privacy-protection-act-caloppa\/#sthash.0FdRbT51.dpuf<br \/>\n &nbsp;<br \/>\n<strong>De acordo com a CalOPPA, concordamos com o seguinte:<\/strong><br \/>\nUsu\u00e1rios podem visitar nosso site anonimamente<br \/>\nUma vez que esta pol\u00edtica de privacidade for criada, adicionaremos um link para ela em nossa p\u00e1gina inicial, ou pelo menos na primeira p\u00e1gina importante ap\u00f3s entrar em nosso site.<br \/>\nNosso link da Pol\u00edtica de Privacidade inclui a palavra \u201cPrivacidade\u201d e pode ser facilmente encontrado na p\u00e1gina acima especificada.<br \/>\n &nbsp;<br \/>\nOs usu\u00e1rios ser\u00e3o notificados de qualquer mudan\u00e7a na pol\u00edtica de privacidade:<br \/>\n      \u2022 Via E-mail<br \/>\n  &nbsp;<br \/>\nOs usu\u00e1rios podem mudar suas informa\u00e7\u00f5es pessoais:<br \/>\n      \u2022 Ao entrar em suas contas<br \/>\n &nbsp;<br \/>\n<strong>Como nosso site lida com sinais \u201cn\u00e3o rastrear\u201d?<\/strong><br \/>\nN\u00f3s obedecemos aos sinais \u201cn\u00e3o rastrear\u201d, e n\u00e3o rastreamos, plantamos cookies ou utilizamos an\u00fancios quando um mecanismo \u201cn\u00e3o rastrear\u201d de um navegador est\u00e1 ativado.<br \/>\n &nbsp;<br \/>\n<strong>Seu site permite rastreamento comportamental terceirizado?<\/strong><br \/>\nTamb\u00e9m \u00e9 importante ressaltar que n\u00e3o permitimos rastreamento comportamental terceirizado<br \/>\n &nbsp;<br \/>\n<strong>COPPA (Ato de Prote\u00e7\u00e3o \u00e0 Privacidade Online de Crian\u00e7as)<\/strong><br \/>\nQuando se trata da coleta de informa\u00e7\u00f5es pessoais de crian\u00e7as com menos de 13 anos, o Ato de Prote\u00e7\u00e3o \u00e0 Privacidade Online de Crian\u00e7as (COPPA) deixa os pais no controle. A Comiss\u00e3o Federal de Com\u00e9rcio, a ag\u00eancia de prote\u00e7\u00e3o ao consumidor americana, refor\u00e7a a Regra COPPA, que explica o que operadores de sites e servi\u00e7os online precisam fazer para proteger a privacidade e seguran\u00e7a de crian\u00e7as online.<br \/>\nN\u00f3s n\u00e3o vendemos para crian\u00e7as com menos de 13 anos.<br \/>\n &nbsp;<br \/>\n<strong>Pr\u00e1ticas Justas de Informa\u00e7\u00e3o<\/strong><br \/>\nOs Princ\u00edpios das Pr\u00e1ticas Justas de Informa\u00e7\u00e3o formam a base da lei de privacidade nos Estados Unidos e os conceitos inclu\u00eddos nela possuem um grande papel no desenvolvimento de leis de prote\u00e7\u00e3o de dados em todo o mundo. Entender os Princ\u00edpios das Pr\u00e1ticas Justas de Informa\u00e7\u00e3o e como eles devem ser implementados \u00e9 muito importante para obedecer \u00e0s diversas leis de privacidade que protegem informa\u00e7\u00f5es pessoais.<br \/>\nPara estarmos alinhados \u00e0s Pr\u00e1ticas Justas de Informa\u00e7\u00e3o, tomaremos a seguinte iniciativa se ocorrer alguma viola\u00e7\u00e3o de dados:<br \/>\n  &nbsp;<br \/>\nNotificaremos os usu\u00e1rios via e-mail<br \/>\n      \u2022 Dentro de 1 dia \u00fatil<br \/>\nTamb\u00e9m concordamos com o princ\u00edpio de compensa\u00e7\u00e3o individual, que requer que os indiv\u00edduos tenham o direito de legalmente buscar direitos execut\u00f3rios contra coletores e processadores de dados que n\u00e3o obedecem \u00e0 lei. Este princ\u00edpio requer n\u00e3o s\u00f3 que indiv\u00edduos tenham direitos execut\u00f3rios contra usu\u00e1rios de dados, mas que os indiv\u00edduos tamb\u00e9m possam recorrer ao tribunal ou uma ag\u00eancia governamental para investigar e\/ou perseguir processadores de dados que n\u00e3o obedecerem a lei.<br \/>\n &nbsp;<br \/>\n<strong>Lei CAN SPAM <\/strong><br \/>\nA lei CAN-SPAM \u00e9 uma lei que lista regras para e-mails comerciais, estabelece requerimentos para mensagens comerciais, d\u00e1 aos recipientes o direito de parar de receber e-mails, e descreve as penalidades para tais viola\u00e7\u00f5es.<br \/>\n &nbsp;<br \/>\n<strong>Para estar de acordo com a CANSPAM, concordamos com o seguinte:<\/strong><br \/>\nSe a qualquer momento voc\u00ea quiser parar de receber futuros e-mails, voc\u00ea pode enviar um e-mail no atendimento ao consumidor do site antwerpor.com e imediatamente removeremos voc\u00ea de TODAS as nossas correspond\u00eancias.<br \/>\n &nbsp;<br \/>\nSe h\u00e1 qualquer d\u00favida sobre esta pol\u00edtica de privacidade, voc\u00ea pode nos contatar utilizando as informa\u00e7\u00f5es abaixo:<br \/>\n  &nbsp;<br \/>\nAntwerp Or<br \/>\nVestingstraat #83<br \/>\n2018 Antwerp, Belgium<br \/>\n &nbsp;<br \/>\n\u00daltima Atualiza\u00e7\u00e3o no dia 23 de maio de 2017<\/p>\n<\/div>\n<\/div>\n<p> &nbsp;<br \/>\n &nbsp;<\/p>\n","protected":false},"excerpt":{"rendered":"<p> Pol\u00edtica de Privacidade Esta pol\u00edtica de privacidade foi compilada para melhor servir \u00e0queles que est\u00e3o preocupados com como sua \u2018Informa\u00e7\u00e3o Pessoal Identific\u00e1vel\u2019 (PPI) est\u00e1 sendo utilizada online. A PPI, como utilizada na lei Americana de privacidade e seguran\u00e7a da informa\u00e7\u00e3o, \u00e9 a informa\u00e7\u00e3o que pode ser utilizada isoladamente ou com outras informa\u00e7\u00f5es para identificar, [&#8230;]<\/p>\n","protected":false},"author":1,"featured_media":0,"parent":0,"menu_order":0,"comment_status":"closed","ping_status":"closed","template":"","meta":{"_acf_changed":false,"footnotes":""},"class_list":["post-13231","page","type-page","status-publish","hentry","odd"],"acf":[],"_links":{"self":[{"href":"https:\/\/www.antwerpor.com\/pt-pt\/wp-json\/wp\/v2\/pages\/13231","targetHints":{"allow":["GET"]}}],"collection":[{"href":"https:\/\/www.antwerpor.com\/pt-pt\/wp-json\/wp\/v2\/pages"}],"about":[{"href":"https:\/\/www.antwerpor.com\/pt-pt\/wp-json\/wp\/v2\/types\/page"}],"author":[{"embeddable":true,"href":"https:\/\/www.antwerpor.com\/pt-pt\/wp-json\/wp\/v2\/users\/1"}],"replies":[{"embeddable":true,"href":"https:\/\/www.antwerpor.com\/pt-pt\/wp-json\/wp\/v2\/comments?post=13231"}],"version-history":[{"count":2,"href":"https:\/\/www.antwerpor.com\/pt-pt\/wp-json\/wp\/v2\/pages\/13231\/revisions"}],"predecessor-version":[{"id":32698,"href":"https:\/\/www.antwerpor.com\/pt-pt\/wp-json\/wp\/v2\/pages\/13231\/revisions\/32698"}],"wp:attachment":[{"href":"https:\/\/www.antwerpor.com\/pt-pt\/wp-json\/wp\/v2\/media?parent=13231"}],"curies":[{"name":"wp","href":"https:\/\/api.w.org\/{rel}","templated":true}]}}