{"id":13174,"date":"2018-01-18T16:32:55","date_gmt":"2018-01-18T16:32:55","guid":{"rendered":"https:\/\/www.antwerpor.com\/sobre-nosotros\/"},"modified":"2018-10-04T16:48:46","modified_gmt":"2018-10-04T16:48:46","slug":"sobre-nosotros","status":"publish","type":"page","link":"https:\/\/www.antwerpor.com\/pt-pt\/sobre-nosotros\/","title":{"rendered":"Sobre Nosotros"},"content":{"rendered":"<p>&nbsp; <\/p>\n<div id=\"container\">\n<div class=\"education\">\n<h2>Sobre Antwerp Or<\/h2>\n<p>\u00a0 <\/p>\n<p><strong>Terceira Gera\u00e7\u00e3o de Joalheiros<\/strong><br \/>\nSomos uma loja de joias de diamante localizada no centro da Antu\u00e9rpia, a apenas alguns minutos da Esta\u00e7\u00e3o Central de Trens. Somos uma joalheria especializada em joias de diamante femininas feitas com ouro branco, amarelo e rosa de 18 quilates. Vendemos uma grande variedade de pingentes de diamante, an\u00e9is de diamante, pulseiras de diamante, colares de diamante e brincos de diamante. Trabalhamos com joias h\u00e1 tr\u00eas gera\u00e7\u00f5es, e nossa expertise dura a mesma quantidade de tempo. Temos orgulho de nossa requintada sele\u00e7\u00e3o de joias de diamantes, que v\u00e3o de novos a antigos, modernos a cl\u00e1ssicos. Durante este tempo, aprendemos bastante sobre o que os clientes est\u00e3o buscando e como agrad\u00e1-los. Temos uma alta fidelidade dos nossos clientes, j\u00e1 que eles sentem que somos uma joalheria extremamente competitiva.<\/p>\n<p>\u00a0<br \/>\n<strong>Vendedores Especializados em Diamantes<br \/>\n <\/strong><br \/>\nSomos avaliadores de diamantes certificados com v\u00e1rios anos de experi\u00eancia no mercado. Oferecemos diamantes certificados pela GIA, HRD e IGI (voc\u00ea escolhe) por pre\u00e7os muito abaixo do valor de mercado. Tamb\u00e9m oferecemos diamantes que acabaram de chegar no mercado e ainda n\u00e3o possuem certificados por pre\u00e7os ainda mais baixos, avaliados em nossa loja sob os padr\u00f5es mais exigentes da GIA. Estamos em contato com dezenas de empresas de diamantes, desde as mineradoras aos mercados, e estaremos sempre dispostos a encontrar o que voc\u00ea deseja comprar, por um \u00f3timo pre\u00e7o e em um intervalo curto de tempo.<br \/>\n \u00a0<\/p>\n<p><strong>Uma Grande Sele\u00e7\u00e3o de Pingentes de Diamantes, Colares de Diamantes, Pulseiras de Diamantes, Brincos de Diamantes e An\u00e9is de Diamantes<\/strong><\/p>\n<p>Nosso site cont\u00e9m apenas uma fra\u00e7\u00e3o dos itens que voc\u00ea pode encontrar em nosso showroom. Temos uma grande sele\u00e7\u00e3o de an\u00e9is de diamante, pingentes de diamante, colares de diamante, brincos de diamante e pulseiras de diamante em nosso showroom! Nossos clientes passam uma quantidade consider\u00e1vel de tempo vendo o nosso invent\u00e1rio, e temos orgulho da sele\u00e7\u00e3o que podemos oferecer. Todas as nossas joias s\u00e3o feitas de ouro 18 quilates. Para aprender mais sobre o motivo pelo qual escolhemos esta classifica\u00e7\u00e3o, por favor, clique em nossa p\u00e1gina de perguntas frequentes.<\/p>\n<p> \u00a0<br \/>\n<strong>Experts em Joias Customizadas<br \/>\n <\/strong><br \/>\nCriamos um programa que permite que voc\u00ea crie seu pr\u00f3prio anel de diamante personalizado, o que levou bastante tempo para terminarmos, porque acreditamos que um neg\u00f3cio nestes tempos modernos deve sempre evoluir. Por isto, oferecemos aos nossos clientes a possibilidade de personalizar qualquer coisa que imaginarem. Um simples desenho \u00e9 suficiente para discutirmos com nosso mestre ourives e obter uma estimativa do pre\u00e7o. Seja um anel de diamante que voc\u00ea quer criar fora da variedade oferecida pela loja, ou qualquer modelo de colar, pingente, pulseira ou brinco que voc\u00ea imaginar. Contate-nos e ser\u00e1 nosso prazer ajud\u00e1-lo.<br \/>\n \u00a0<\/p>\n<p><strong>Margens de Lucro Reduzidas<\/strong><\/p>\n<p>Enquanto a maioria das lojas de joias vendem com lucro de 100% ou mais, enquanto mant\u00eam um pre\u00e7o mais baixo com diamantes inferiores, vendemos diamantes de alta qualidade com pouco lucro. Quando nosso neg\u00f3cio foi fundado tr\u00eas gera\u00e7\u00f5es atr\u00e1s, seu pilar principal era poder oferecer aos clientes a maior qualidade pelo menor pre\u00e7o poss\u00edvel. Na Antwerp Or, n\u00e3o somos gananciosos, e n\u00e3o temos v\u00e1rias opera\u00e7\u00f5es terceirizadas ou trabalhadores ineficientes. Por isto, podemos passar nossas economias para voc\u00ea. Nunca trairemos este princ\u00edpio de vender com margens de lucro reduzidas, j\u00e1 que ele \u00e9 muito importante para n\u00f3s. Para aprender mais sobre nossa perspectiva, visite nossa p\u00e1gina de Miss\u00e3o &#038; Vis\u00e3o.\n<\/p><\/div>\n<\/div>\n","protected":false},"excerpt":{"rendered":"<p>&nbsp; <\/p>\n<p> Sobre Antwerp Or <\/p>\n<p>Terceira Gera\u00e7\u00e3o de Joalheiros Somos uma loja de joias de diamante localizada no centro da Antu\u00e9rpia, a apenas alguns minutos da Esta\u00e7\u00e3o Central de Trens. Somos uma joalheria especializada em joias de diamante femininas feitas com ouro branco, amarelo e rosa de 18 quilates. Vendemos uma grande variedade [&#8230;]<\/p>\n","protected":false},"author":1,"featured_media":0,"parent":0,"menu_order":0,"comment_status":"closed","ping_status":"closed","template":"","meta":{"_acf_changed":false,"footnotes":""},"class_list":["post-13174","page","type-page","status-publish","hentry","odd"],"acf":[],"_links":{"self":[{"href":"https:\/\/www.antwerpor.com\/pt-pt\/wp-json\/wp\/v2\/pages\/13174","targetHints":{"allow":["GET"]}}],"collection":[{"href":"https:\/\/www.antwerpor.com\/pt-pt\/wp-json\/wp\/v2\/pages"}],"about":[{"href":"https:\/\/www.antwerpor.com\/pt-pt\/wp-json\/wp\/v2\/types\/page"}],"author":[{"embeddable":true,"href":"https:\/\/www.antwerpor.com\/pt-pt\/wp-json\/wp\/v2\/users\/1"}],"replies":[{"embeddable":true,"href":"https:\/\/www.antwerpor.com\/pt-pt\/wp-json\/wp\/v2\/comments?post=13174"}],"version-history":[{"count":3,"href":"https:\/\/www.antwerpor.com\/pt-pt\/wp-json\/wp\/v2\/pages\/13174\/revisions"}],"predecessor-version":[{"id":40170,"href":"https:\/\/www.antwerpor.com\/pt-pt\/wp-json\/wp\/v2\/pages\/13174\/revisions\/40170"}],"wp:attachment":[{"href":"https:\/\/www.antwerpor.com\/pt-pt\/wp-json\/wp\/v2\/media?parent=13174"}],"curies":[{"name":"wp","href":"https:\/\/api.w.org\/{rel}","templated":true}]}}