{"id":13150,"date":"2018-01-18T15:12:38","date_gmt":"2018-01-18T15:12:38","guid":{"rendered":"https:\/\/www.antwerpor.com\/compre-diamantes-soltos-e-joias-de-diamante-com-bitcoin\/"},"modified":"2019-08-18T01:00:15","modified_gmt":"2019-08-18T01:00:15","slug":"compre-diamantes-soltos-e-joias-de-diamante-com-bitcoin","status":"publish","type":"page","link":"https:\/\/www.antwerpor.com\/pt-pt\/compre-diamantes-soltos-e-joias-de-diamante-com-bitcoin\/","title":{"rendered":"Compre diamantes soltos e j\u00f3ias de diamante com Bitcoin"},"content":{"rendered":"<\/div>\n<\/div>\n<\/div>\n<style>.content2 p {text-align:left !important;}.fxmb1 {width:75%;}.fxmb1 p, .fxmb2 p {max-width:100%;}.fxmb2 {width:25%;}@media only screen and (max-device-width:480px){.fixmobile { margin-top: 9px !important;}.fxmb1 p, .fxmb2 p {margin-right:0; margin-left:0;}.fxmb1, .fxmb1 p {width:100%;}.fxmb1{padding-left: 20px;}.fxmb2, .fxmb2 p {display:none !important;}.splashbg{margin-top: -30px!important;}.text-slide p {width: 400px;}}<\/style>\n<div class=\"splashbg\" style=\"margin-top:-17px;\">\n<div class=\"flexslider\">\n<ul class=\"slides\">\n<li style=\"background-image: url('\/\/www.antwerpor.com\/images\/bitcoinlogo.jpg'); width: 100%; float: left; margin-right: -100%; position: relative; display: block; z-index: 2; opacity: 1;\" class=\"flex-active-slide\">\n<div class=\"inner\">\n<div class=\"text-slide\" style=\"padding-top:10px;\">\n<div class=\"slide-content\">\n<p><h1 style=\"    color: white;\n    font-size: 30px !important;\n    padding-left: 0;\n    text-shadow: 1px 1px 1px black;\n    padding-bottom: 25px;\">Antwerp Or agora aceita pagamentos em <span style=\"color: #ffec86;\">Bitcoin <\/span><\/h1>\n<p>Temos o prazer de anunciar que somos uma das primeiras lojas de diamantes a aceitar a moeda, que \u00e9 uma moeda digital inventiva e descentralizada.<\/p>\n<\/div>\n<\/div>\n<\/div>\n<\/li>\n<\/ul>\n<ol class=\"flex-control-nav flex-control-paging\"><\/ol>\n<\/div>\n<\/div>\n<div id=\"main\" class=\"fixmobile\">\n<div id=\"wrapper\">\n<div id=\"container\">\n<div class=\"content2\" style=\"text-align:left;\">\n<div class=\"fxmb1\" style=\"float:left; display:block; position:relative;\">\n<\/p>\n<h2>Antwerp Or agora aceita Bitcoin<\/h2>\n<div style=\"width:90%;\">\n\u00a0<br \/>\n<a href=\"https:\/\/www.antwerpor.com\/pr\/diamantes\/\">Estamos felizes em avis\u00e1-los que come\u00e7amos a aceitar este m\u00e9todo de pagamento para clientes que desejam comprar diamantes com bitcoin online a pre\u00e7os de atacado<\/a>. Voc\u00ea tamb\u00e9m pode utilizar esta moeda para comprar joias de diamante.<\/p>\n<h2>O que \u00e9 e como a utilizo?<br \/>\n<\/h2>\n<p>\u00a0<br \/>\nA Bitcoin \u00e9 uma moeda descentralizada que permite pagamentos r\u00e1pidos com taxas de transa\u00e7\u00e3o baixas. Qualquer um no mundo pode utiliz\u00e1-la, contanto que tenha uma conex\u00e3o de internet e uma carteira instalada. Voc\u00ea pode aprender mais sobre a bitcoin visitando <a href=\"https:\/\/www.bitcoin.org\">bitcoin.org<\/a>.<\/p>\n<h2>Por que decidimos aceitar pagamentos em Bitcoin?<br \/>\n<\/h2>\n<p>\u00a0<br \/>\nNossa empresa sempre tem se esfor\u00e7ado para ficar \u00e0 frente da concorr\u00eancia em rela\u00e7\u00e3o \u00e0s tend\u00eancias modernas, especialmente as tecnol\u00f3gicas. Por exemplo, somos um dos \u00fanicos sites onde voc\u00ea pode ver os diamantes em 3D. Nos esfor\u00e7amos ao m\u00e1ximo para dar o melhor servi\u00e7o poss\u00edvel, e a flexibilidade nos m\u00e9todos com os quais nossos clientes querem pagar \u00e9 nossa maior prioridade. \u00c9 importante para n\u00f3s que voc\u00ea saiba que nos esfor\u00e7amos para agrad\u00e1-lo.<br \/>\n\u00a0\u00a0<br \/>\nEla \u00e9 r\u00e1pida, segura, confi\u00e1vel e possui baixos custos de transa\u00e7\u00e3o. Sempre estaremos nos esfor\u00e7ando para nos mantermos atualizados sobre vendas online, an\u00e9is de noivado customizados, as joias mais bonitas e muito mais.  <\/p>\n<p>\u00a0\n<\/div>\n<p>\u00a0<\/p>\n<\/div>\n<div class=\"fxmb2\" style=\"float:right; display:block; position:relative;\">\n\u00a0<\/p>\n<div style=\"width: 85%;border:1px solid #e4e8e4; background-image: url(https:\/\/www.antwerpor.com\/images\/bgsplashmain.jpg);border-radius: 7px;background-position-x: 872px;background-position-y: 223px;\">\n<h3 style=\"color:white; text-align:center !important; padding-top:10px; text-shadow: 1px 1px 1px black;\">Come\u00e7ando<br \/>\n<\/h3>\n<div style=\"padding: 10px 15px;\">Tudo o que voc\u00ea precisa fazer \u00e9 iniciar uma transfer\u00eancia de uma carteira com fundos ativos para processarmos seu pagamento. \u00c9 simples assim.<\/div>\n<\/div>\n<p>\u00a0<\/p>\n<div style=\"    width: 85%;border: 1px solid #e8e8e8;background: #EEEEEE; border-radius: 5px;\">\n<h3 style=\"color:white; width:100%; background:     url(https:\/\/www.antwerpor.com\/images\/bgsplashmain.jpg); background-position-x: 673px;\n    background-position-y: 249px; text-align:center; padding:10px 0; text-shadow: 1px 1px 1px black; border-radius:5px;\">Outras Informa\u00e7\u00f5es \u00dateis<\/h3>\n<div style=\"padding: 10px 15px; font-size:0.90em;\">\nPara comprar com o BTC on-line usando nosso terminal de pagamento on-line, basta selecionar seu item e selecionar a op\u00e7\u00e3o no checkout. Tamb\u00e9m aceitamos as seguintes moedas criptogr\u00e1ficas: Ethereum, Litecoin, Dash &#038; Bitcoin Cash. Sinta-se livre para nos contactar com qualquer d\u00favida.<\/p><\/div>\n<\/div>\n<\/div>\n","protected":false},"excerpt":{"rendered":"<p> .content2 p {text-align:left !important;}.fxmb1 {width:75%;}.fxmb1 p, .fxmb2 p {max-width:100%;}.fxmb2 {width:25%;}@media only screen and (max-device-width:480px){.fixmobile { margin-top: 9px !important;}.fxmb1 p, .fxmb2 p {margin-right:0; margin-left:0;}.fxmb1, .fxmb1 p {width:100%;}.fxmb1{padding-left: 20px;}.fxmb2, .fxmb2 p {display:none !important;}.splashbg{margin-top: -30px!important;}.text-slide p {width: 400px;}} <\/p>\n<p>Antwerp Or agora aceita pagamentos em Bitcoin <\/p>\n<p>Temos o prazer de anunciar que somos uma das primeiras lojas de [&#8230;]<\/p>\n","protected":false},"author":1,"featured_media":0,"parent":0,"menu_order":0,"comment_status":"closed","ping_status":"closed","template":"","meta":{"_acf_changed":false,"footnotes":""},"class_list":["post-13150","page","type-page","status-publish","hentry","odd"],"acf":[],"_links":{"self":[{"href":"https:\/\/www.antwerpor.com\/pt-pt\/wp-json\/wp\/v2\/pages\/13150","targetHints":{"allow":["GET"]}}],"collection":[{"href":"https:\/\/www.antwerpor.com\/pt-pt\/wp-json\/wp\/v2\/pages"}],"about":[{"href":"https:\/\/www.antwerpor.com\/pt-pt\/wp-json\/wp\/v2\/types\/page"}],"author":[{"embeddable":true,"href":"https:\/\/www.antwerpor.com\/pt-pt\/wp-json\/wp\/v2\/users\/1"}],"replies":[{"embeddable":true,"href":"https:\/\/www.antwerpor.com\/pt-pt\/wp-json\/wp\/v2\/comments?post=13150"}],"version-history":[{"count":2,"href":"https:\/\/www.antwerpor.com\/pt-pt\/wp-json\/wp\/v2\/pages\/13150\/revisions"}],"predecessor-version":[{"id":40876,"href":"https:\/\/www.antwerpor.com\/pt-pt\/wp-json\/wp\/v2\/pages\/13150\/revisions\/40876"}],"wp:attachment":[{"href":"https:\/\/www.antwerpor.com\/pt-pt\/wp-json\/wp\/v2\/media?parent=13150"}],"curies":[{"name":"wp","href":"https:\/\/api.w.org\/{rel}","templated":true}]}}