{"id":30886,"date":"2015-12-26T14:59:08","date_gmt":"2015-12-26T14:59:08","guid":{"rendered":"https:\/\/www.antwerpor.com\/18k-gold\/custom-order\/0-16%e3%82%ab%e3%83%a9%e3%83%83%e3%83%88%e3%83%9b%e3%83%af%e3%82%a4%e3%83%88%e3%82%b4%e3%83%bc%e3%83%ab%e3%83%89%e3%83%80%e3%82%a4%e3%83%a4%e3%83%a2%e3%83%b3%e3%83%89%e3%83%9a%e3%83%b3%e3%83%80\/"},"modified":"2015-12-26T14:59:08","modified_gmt":"2015-12-26T14:59:08","slug":"0-16%e3%82%ab%e3%83%a9%e3%83%83%e3%83%88%e3%83%9b%e3%83%af%e3%82%a4%e3%83%88%e3%82%b4%e3%83%bc%e3%83%ab%e3%83%89%e3%83%80%e3%82%a4%e3%83%a4%e3%83%a2%e3%83%b3%e3%83%89%e3%83%9a%e3%83%b3%e3%83%80","status":"publish","type":"product","link":"https:\/\/www.antwerpor.com\/ja\/18k-gold\/%e3%83%80%e3%82%a4%e3%83%a4%e3%83%a2%e3%83%b3%e3%83%89%e3%83%9a%e3%83%b3%e3%83%80%e3%83%b3%e3%83%88\/0-16%e3%82%ab%e3%83%a9%e3%83%83%e3%83%88%e3%83%9b%e3%83%af%e3%82%a4%e3%83%88%e3%82%b4%e3%83%bc%e3%83%ab%e3%83%89%e3%83%80%e3%82%a4%e3%83%a4%e3%83%a2%e3%83%b3%e3%83%89%e3%83%9a%e3%83%b3%e3%83%80\/","title":{"rendered":"0.16\u30ab\u30e9\u30c3\u30c8\u30db\u30ef\u30a4\u30c8\u30b4\u30fc\u30eb\u30c9\u30c0\u30a4\u30e4\u30e2\u30f3\u30c9\u30da\u30f3\u30c0\u30f3\u30c8"},"content":{"rendered":"","protected":false},"excerpt":{"rendered":"<p>Este gracioso pingente de diamantes \u00e9 composto de 18 quilates de ouro branco. O pingente de diamantes que voc\u00ea est\u00e1 vendo no momento \u00c9 uma pe\u00e7a cl\u00e1ssica de joia fina E brilha de v\u00e1rios \u00e2ngulos diferentes. [&#8230;]<\/p>\n","protected":false},"featured_media":11568,"template":"","meta":{"_acf_changed":false},"product_brand":[],"product_cat":[204],"product_tag":[645,664,574],"class_list":{"0":"post-30886","1":"product","2":"type-product","3":"status-publish","4":"has-post-thumbnail","6":"product_cat-204","7":"product_tag-xa1-18k","8":"product_tag-xa1-","10":"odd","12":"first","13":"outofstock","14":"sold-individually","15":"taxable","16":"shipping-taxable","17":"purchasable","18":"product-type-simple"},"acf":[],"_links":{"self":[{"href":"https:\/\/www.antwerpor.com\/ja\/wp-json\/wp\/v2\/product\/30886","targetHints":{"allow":["GET"]}}],"collection":[{"href":"https:\/\/www.antwerpor.com\/ja\/wp-json\/wp\/v2\/product"}],"about":[{"href":"https:\/\/www.antwerpor.com\/ja\/wp-json\/wp\/v2\/types\/product"}],"wp:featuredmedia":[{"embeddable":true,"href":"https:\/\/www.antwerpor.com\/ja\/wp-json\/wp\/v2\/media\/11568"}],"wp:attachment":[{"href":"https:\/\/www.antwerpor.com\/ja\/wp-json\/wp\/v2\/media?parent=30886"}],"wp:term":[{"taxonomy":"product_brand","embeddable":true,"href":"https:\/\/www.antwerpor.com\/ja\/wp-json\/wp\/v2\/product_brand?post=30886"},{"taxonomy":"product_cat","embeddable":true,"href":"https:\/\/www.antwerpor.com\/ja\/wp-json\/wp\/v2\/product_cat?post=30886"},{"taxonomy":"product_tag","embeddable":true,"href":"https:\/\/www.antwerpor.com\/ja\/wp-json\/wp\/v2\/product_tag?post=30886"}],"curies":[{"name":"wp","href":"https:\/\/api.w.org\/{rel}","templated":true}]}}