{"id":32344,"date":"2014-12-19T07:52:31","date_gmt":"2014-12-19T07:52:31","guid":{"rendered":"https:\/\/www.antwerpor.com\/18k-gold\/custom-order\/collier-en-or-rose-de-0-36-carat\/"},"modified":"2018-02-26T22:04:15","modified_gmt":"2018-02-26T22:04:15","slug":"collier-en-or-rose-de-0-36-carat","status":"publish","type":"product","link":"https:\/\/www.antwerpor.com\/fr\/18k-gold\/colliers-en-diamants\/collier-en-or-rose-de-0-36-carat\/","title":{"rendered":"Collier en or rose de 0.36 carat"},"content":{"rendered":"","protected":false},"excerpt":{"rendered":"<p>Cette pi\u00e8ce magnifique est un collier en diamant. C&rsquo;est un bijou compos\u00e9 d&rsquo;or rose de 18 carats. C&rsquo;est un collier en diamant qui dispose d&rsquo;une allure simple mais \u00e9l\u00e9gante et fabriqu\u00e9 \u00e0 la perfection.[video width=\"1280\" height=\"720\" mp4=\"https:\/\/s3.amazonaws.com\/antwerporone\/video\/necklaces\/0.36+Ct+Yellow+Gold+Heart+Diamond+Pendant.mp4\"][\/video]  [&#8230;]<\/p>\n","protected":false},"featured_media":11728,"template":"","meta":{"_acf_changed":false},"product_brand":[],"product_cat":[274],"product_tag":[661,619,634],"class_list":{"0":"post-32344","1":"product","2":"type-product","3":"status-publish","4":"has-post-thumbnail","6":"product_cat-colliers-en-diamants","7":"product_tag-colliers-de-diamants","8":"product_tag-colliers-de-diamants-en-or-rose","9":"product_tag-colliers-en-or-18-carats","10":"odd","12":"first","13":"instock","14":"sold-individually","15":"taxable","16":"shipping-taxable","17":"purchasable","18":"product-type-simple"},"acf":[],"_links":{"self":[{"href":"https:\/\/www.antwerpor.com\/fr\/wp-json\/wp\/v2\/product\/32344","targetHints":{"allow":["GET"]}}],"collection":[{"href":"https:\/\/www.antwerpor.com\/fr\/wp-json\/wp\/v2\/product"}],"about":[{"href":"https:\/\/www.antwerpor.com\/fr\/wp-json\/wp\/v2\/types\/product"}],"wp:featuredmedia":[{"embeddable":true,"href":"https:\/\/www.antwerpor.com\/fr\/wp-json\/wp\/v2\/media\/11728"}],"wp:attachment":[{"href":"https:\/\/www.antwerpor.com\/fr\/wp-json\/wp\/v2\/media?parent=32344"}],"wp:term":[{"taxonomy":"product_brand","embeddable":true,"href":"https:\/\/www.antwerpor.com\/fr\/wp-json\/wp\/v2\/product_brand?post=32344"},{"taxonomy":"product_cat","embeddable":true,"href":"https:\/\/www.antwerpor.com\/fr\/wp-json\/wp\/v2\/product_cat?post=32344"},{"taxonomy":"product_tag","embeddable":true,"href":"https:\/\/www.antwerpor.com\/fr\/wp-json\/wp\/v2\/product_tag?post=32344"}],"curies":[{"name":"wp","href":"https:\/\/api.w.org\/{rel}","templated":true}]}}