{"id":32329,"date":"2014-12-19T07:53:54","date_gmt":"2014-12-19T07:53:54","guid":{"rendered":"https:\/\/www.antwerpor.com\/18k-gold\/custom-order\/collier-en-or-jaune-avec-diamants-de-0-38-carat\/"},"modified":"2018-02-26T21:53:17","modified_gmt":"2018-02-26T21:53:17","slug":"collier-en-or-jaune-avec-diamants-de-0-38-carat","status":"publish","type":"product","link":"https:\/\/www.antwerpor.com\/fr\/18k-gold\/colliers-en-diamants\/collier-en-or-jaune-avec-diamants-de-0-38-carat\/","title":{"rendered":"Collier en or jaune avec diamants de 0.38 carat"},"content":{"rendered":"","protected":false},"excerpt":{"rendered":"<p>Cette pi\u00e8ce splendide est un collier en diamant. C&rsquo;est un bijou compos\u00e9 d&rsquo;or jaune de 18 carats. C&rsquo;est un collier en diamant qui se distingue absolument et qui assure que vous ne passerez pas inaper\u00e7u et ne manquera pas d&rsquo;ajouter un air raffin\u00e9 \u00e0 toute tenue que vous porteriez.  [&#8230;]<\/p>\n","protected":false},"featured_media":7734,"template":"","meta":{"_acf_changed":false},"product_brand":[],"product_cat":[274],"product_tag":[661,624,634],"class_list":{"0":"post-32329","1":"product","2":"type-product","3":"status-publish","4":"has-post-thumbnail","6":"product_cat-colliers-en-diamants","7":"product_tag-colliers-de-diamants","8":"product_tag-colliers-de-diamants-en-or-jaune","9":"product_tag-colliers-en-or-18-carats","10":"odd","12":"first","13":"outofstock","14":"sold-individually","15":"taxable","16":"shipping-taxable","17":"purchasable","18":"product-type-simple"},"acf":[],"_links":{"self":[{"href":"https:\/\/www.antwerpor.com\/fr\/wp-json\/wp\/v2\/product\/32329","targetHints":{"allow":["GET"]}}],"collection":[{"href":"https:\/\/www.antwerpor.com\/fr\/wp-json\/wp\/v2\/product"}],"about":[{"href":"https:\/\/www.antwerpor.com\/fr\/wp-json\/wp\/v2\/types\/product"}],"wp:featuredmedia":[{"embeddable":true,"href":"https:\/\/www.antwerpor.com\/fr\/wp-json\/wp\/v2\/media\/7734"}],"wp:attachment":[{"href":"https:\/\/www.antwerpor.com\/fr\/wp-json\/wp\/v2\/media?parent=32329"}],"wp:term":[{"taxonomy":"product_brand","embeddable":true,"href":"https:\/\/www.antwerpor.com\/fr\/wp-json\/wp\/v2\/product_brand?post=32329"},{"taxonomy":"product_cat","embeddable":true,"href":"https:\/\/www.antwerpor.com\/fr\/wp-json\/wp\/v2\/product_cat?post=32329"},{"taxonomy":"product_tag","embeddable":true,"href":"https:\/\/www.antwerpor.com\/fr\/wp-json\/wp\/v2\/product_tag?post=32329"}],"curies":[{"name":"wp","href":"https:\/\/api.w.org\/{rel}","templated":true}]}}