{"id":32270,"date":"2016-07-14T02:45:11","date_gmt":"2016-07-14T02:45:11","guid":{"rendered":"https:\/\/www.antwerpor.com\/18k-gold\/custom-order\/collier-en-or-jaune-avec-diamants-de-0-21-carat\/"},"modified":"2016-07-14T02:45:11","modified_gmt":"2016-07-14T02:45:11","slug":"collier-en-or-jaune-avec-diamants-de-0-21-carat","status":"publish","type":"product","link":"https:\/\/www.antwerpor.com\/fr\/18k-gold\/colliers-en-diamants\/collier-en-or-jaune-avec-diamants-de-0-21-carat\/","title":{"rendered":"Collier en or jaune avec diamants de 0.21 carat"},"content":{"rendered":"","protected":false},"excerpt":{"rendered":"<p>Cette pi\u00e8ce magnifique est un collier en diamant. C&rsquo;est un bijou compos\u00e9 d&rsquo;or jaune de 18 carats. C&rsquo;est un collier en diamant qui \u00e0 la beaut\u00e9 intemporelle et illuminera l&rsquo;apparence de la personne qui le porte. [&#8230;]<\/p>\n","protected":false},"featured_media":12439,"template":"","meta":{"_acf_changed":false},"product_brand":[],"product_cat":[274],"product_tag":[661,624,634],"class_list":{"0":"post-32270","1":"product","2":"type-product","3":"status-publish","4":"has-post-thumbnail","6":"product_cat-colliers-en-diamants","7":"product_tag-colliers-de-diamants","8":"product_tag-colliers-de-diamants-en-or-jaune","9":"product_tag-colliers-en-or-18-carats","10":"odd","12":"first","13":"outofstock","14":"sale","15":"sold-individually","16":"taxable","17":"shipping-taxable","18":"purchasable","19":"product-type-simple"},"acf":[],"_links":{"self":[{"href":"https:\/\/www.antwerpor.com\/fr\/wp-json\/wp\/v2\/product\/32270","targetHints":{"allow":["GET"]}}],"collection":[{"href":"https:\/\/www.antwerpor.com\/fr\/wp-json\/wp\/v2\/product"}],"about":[{"href":"https:\/\/www.antwerpor.com\/fr\/wp-json\/wp\/v2\/types\/product"}],"wp:featuredmedia":[{"embeddable":true,"href":"https:\/\/www.antwerpor.com\/fr\/wp-json\/wp\/v2\/media\/12439"}],"wp:attachment":[{"href":"https:\/\/www.antwerpor.com\/fr\/wp-json\/wp\/v2\/media?parent=32270"}],"wp:term":[{"taxonomy":"product_brand","embeddable":true,"href":"https:\/\/www.antwerpor.com\/fr\/wp-json\/wp\/v2\/product_brand?post=32270"},{"taxonomy":"product_cat","embeddable":true,"href":"https:\/\/www.antwerpor.com\/fr\/wp-json\/wp\/v2\/product_cat?post=32270"},{"taxonomy":"product_tag","embeddable":true,"href":"https:\/\/www.antwerpor.com\/fr\/wp-json\/wp\/v2\/product_tag?post=32270"}],"curies":[{"name":"wp","href":"https:\/\/api.w.org\/{rel}","templated":true}]}}