{"id":32263,"date":"2016-07-14T02:58:05","date_gmt":"2016-07-14T02:58:05","guid":{"rendered":"https:\/\/www.antwerpor.com\/18k-gold\/custom-order\/collier-en-or-rose-de-0-15-carat\/"},"modified":"2018-10-16T14:14:28","modified_gmt":"2018-10-16T14:14:28","slug":"collier-en-or-rose-de-0-15-carat","status":"publish","type":"product","link":"https:\/\/www.antwerpor.com\/fr\/18k-gold\/colliers-en-diamants\/collier-en-or-rose-de-0-15-carat\/","title":{"rendered":"Collier en or rose de 0.15 carat"},"content":{"rendered":"","protected":false},"excerpt":{"rendered":"<p>Cette pi\u00e8ce splendide est un collier en diamant. C&rsquo;est un bijou compos\u00e9 d&rsquo;or rose de 18 carats. C&rsquo;est un collier en diamant qui est un bijou fait \u00e0 la main, fabriqu\u00e9 \u00e0 la perfection par des experts et est une pi\u00e8ce parfaite pour n&rsquo;importe quelle tenue.[video width=\"1280\" height=\"720\" mp4=\"https:\/\/s3.amazonaws.com\/antwerporone\/video\/necklaces\/The+Black+Diamond+Butterfly+Necklace-Pendant+in+Rose+Gold.mp4\"][\/video]  [&#8230;]<\/p>\n","protected":false},"featured_media":11791,"template":"","meta":{"_acf_changed":false},"product_brand":[],"product_cat":[274],"product_tag":[654,661,619,634],"class_list":{"0":"post-32263","1":"product","2":"type-product","3":"status-publish","4":"has-post-thumbnail","6":"product_cat-colliers-en-diamants","7":"product_tag-bijoux-avec-diamants-noirs","8":"product_tag-colliers-de-diamants","9":"product_tag-colliers-de-diamants-en-or-rose","10":"product_tag-colliers-en-or-18-carats","11":"odd","13":"first","14":"instock","15":"sale","16":"sold-individually","17":"taxable","18":"shipping-taxable","19":"purchasable","20":"product-type-simple"},"acf":[],"_links":{"self":[{"href":"https:\/\/www.antwerpor.com\/fr\/wp-json\/wp\/v2\/product\/32263","targetHints":{"allow":["GET"]}}],"collection":[{"href":"https:\/\/www.antwerpor.com\/fr\/wp-json\/wp\/v2\/product"}],"about":[{"href":"https:\/\/www.antwerpor.com\/fr\/wp-json\/wp\/v2\/types\/product"}],"wp:featuredmedia":[{"embeddable":true,"href":"https:\/\/www.antwerpor.com\/fr\/wp-json\/wp\/v2\/media\/11791"}],"wp:attachment":[{"href":"https:\/\/www.antwerpor.com\/fr\/wp-json\/wp\/v2\/media?parent=32263"}],"wp:term":[{"taxonomy":"product_brand","embeddable":true,"href":"https:\/\/www.antwerpor.com\/fr\/wp-json\/wp\/v2\/product_brand?post=32263"},{"taxonomy":"product_cat","embeddable":true,"href":"https:\/\/www.antwerpor.com\/fr\/wp-json\/wp\/v2\/product_cat?post=32263"},{"taxonomy":"product_tag","embeddable":true,"href":"https:\/\/www.antwerpor.com\/fr\/wp-json\/wp\/v2\/product_tag?post=32263"}],"curies":[{"name":"wp","href":"https:\/\/api.w.org\/{rel}","templated":true}]}}