{"id":32256,"date":"2016-07-14T12:02:49","date_gmt":"2016-07-14T12:02:49","guid":{"rendered":"https:\/\/www.antwerpor.com\/18k-gold\/custom-order\/collier-en-or-blanc-de-0-19-carat\/"},"modified":"2018-02-26T16:10:22","modified_gmt":"2018-02-26T16:10:22","slug":"collier-en-or-blanc-de-0-19-carat","status":"publish","type":"product","link":"https:\/\/www.antwerpor.com\/fr\/18k-gold\/colliers-en-diamants\/collier-en-or-blanc-de-0-19-carat\/","title":{"rendered":"Collier en or blanc de 0.19 carat"},"content":{"rendered":"","protected":false},"excerpt":{"rendered":"<p>Cette pi\u00e8ce somptueuse est un collier en diamant. C&rsquo;est un bijou compos\u00e9 d&rsquo;or blanc de 18 carats. C&rsquo;est un collier en diamant qui est quelque chose d&rsquo;un dernier mod\u00e8le des derni\u00e8res modes et illuminera l&rsquo;apparence de la personne qui le porte.[video width=\"1280\" height=\"720\" mp4=\"https:\/\/s3.amazonaws.com\/antwerporone\/video\/necklaces\/The+Butterfly+Outline+Diamond+Necklace-Pendant.mp4\"][\/video] [&#8230;]<\/p>\n","protected":false},"featured_media":11798,"template":"","meta":{"_acf_changed":false},"product_brand":[],"product_cat":[274],"product_tag":[661,627,634],"class_list":{"0":"post-32256","1":"product","2":"type-product","3":"status-publish","4":"has-post-thumbnail","6":"product_cat-colliers-en-diamants","7":"product_tag-colliers-de-diamants","8":"product_tag-colliers-de-diamants-en-or-blanc","9":"product_tag-colliers-en-or-18-carats","10":"odd","12":"first","13":"outofstock","14":"sold-individually","15":"taxable","16":"shipping-taxable","17":"purchasable","18":"product-type-simple"},"acf":[],"_links":{"self":[{"href":"https:\/\/www.antwerpor.com\/fr\/wp-json\/wp\/v2\/product\/32256","targetHints":{"allow":["GET"]}}],"collection":[{"href":"https:\/\/www.antwerpor.com\/fr\/wp-json\/wp\/v2\/product"}],"about":[{"href":"https:\/\/www.antwerpor.com\/fr\/wp-json\/wp\/v2\/types\/product"}],"wp:featuredmedia":[{"embeddable":true,"href":"https:\/\/www.antwerpor.com\/fr\/wp-json\/wp\/v2\/media\/11798"}],"wp:attachment":[{"href":"https:\/\/www.antwerpor.com\/fr\/wp-json\/wp\/v2\/media?parent=32256"}],"wp:term":[{"taxonomy":"product_brand","embeddable":true,"href":"https:\/\/www.antwerpor.com\/fr\/wp-json\/wp\/v2\/product_brand?post=32256"},{"taxonomy":"product_cat","embeddable":true,"href":"https:\/\/www.antwerpor.com\/fr\/wp-json\/wp\/v2\/product_cat?post=32256"},{"taxonomy":"product_tag","embeddable":true,"href":"https:\/\/www.antwerpor.com\/fr\/wp-json\/wp\/v2\/product_tag?post=32256"}],"curies":[{"name":"wp","href":"https:\/\/api.w.org\/{rel}","templated":true}]}}