{"id":32220,"date":"2016-09-29T15:36:13","date_gmt":"2016-09-29T15:36:13","guid":{"rendered":"https:\/\/www.antwerpor.com\/18k-gold\/custom-order\/collier-en-or-jaune-avec-diamants-de-0-31-carat\/"},"modified":"2018-02-26T15:45:25","modified_gmt":"2018-02-26T15:45:25","slug":"collier-en-or-blanc-de-0-31-carat","status":"publish","type":"product","link":"https:\/\/www.antwerpor.com\/fr\/18k-gold\/colliers-en-diamants\/collier-en-or-blanc-de-0-31-carat\/","title":{"rendered":"Collier en or blanc de 0.31 carat"},"content":{"rendered":"","protected":false},"excerpt":{"rendered":"<p>Cette pi\u00e8ce magnifique est un bracelet en diamant. C&rsquo;est un bijou compos\u00e9 d&rsquo;or blanc de 18 carats. C&rsquo;est un bracelet en diamant qui impressionne quiconque avec son \u00e9l\u00e9gance et fabriqu\u00e9 \u00e0 la perfection. [video width=\"1280\" height=\"720\" mp4=\"https:\/\/s3.amazonaws.com\/antwerporone\/video\/Amethyst+White+Gold+0.31+Ct+Diamond+Necklace.mp4\"][\/video]  [&#8230;]<\/p>\n","protected":false},"featured_media":12064,"template":"","meta":{"_acf_changed":false},"product_brand":[],"product_cat":[274],"product_tag":[649,661,627,634],"class_list":{"0":"post-32220","1":"product","2":"type-product","3":"status-publish","4":"has-post-thumbnail","6":"product_cat-colliers-en-diamants","7":"product_tag-bijoux-en-diamants-amethyste","8":"product_tag-colliers-de-diamants","9":"product_tag-colliers-de-diamants-en-or-blanc","10":"product_tag-colliers-en-or-18-carats","11":"odd","13":"first","14":"outofstock","15":"sold-individually","16":"taxable","17":"shipping-taxable","18":"purchasable","19":"product-type-simple"},"acf":[],"_links":{"self":[{"href":"https:\/\/www.antwerpor.com\/fr\/wp-json\/wp\/v2\/product\/32220","targetHints":{"allow":["GET"]}}],"collection":[{"href":"https:\/\/www.antwerpor.com\/fr\/wp-json\/wp\/v2\/product"}],"about":[{"href":"https:\/\/www.antwerpor.com\/fr\/wp-json\/wp\/v2\/types\/product"}],"wp:featuredmedia":[{"embeddable":true,"href":"https:\/\/www.antwerpor.com\/fr\/wp-json\/wp\/v2\/media\/12064"}],"wp:attachment":[{"href":"https:\/\/www.antwerpor.com\/fr\/wp-json\/wp\/v2\/media?parent=32220"}],"wp:term":[{"taxonomy":"product_brand","embeddable":true,"href":"https:\/\/www.antwerpor.com\/fr\/wp-json\/wp\/v2\/product_brand?post=32220"},{"taxonomy":"product_cat","embeddable":true,"href":"https:\/\/www.antwerpor.com\/fr\/wp-json\/wp\/v2\/product_cat?post=32220"},{"taxonomy":"product_tag","embeddable":true,"href":"https:\/\/www.antwerpor.com\/fr\/wp-json\/wp\/v2\/product_tag?post=32220"}],"curies":[{"name":"wp","href":"https:\/\/api.w.org\/{rel}","templated":true}]}}