{"id":32213,"date":"2016-09-29T15:36:13","date_gmt":"2016-09-29T15:36:13","guid":{"rendered":"https:\/\/www.antwerpor.com\/18k-gold\/custom-order\/collier-en-or-jaune-avec-diamants-de-0-17-carat\/"},"modified":"2018-02-26T15:36:57","modified_gmt":"2018-02-26T15:36:57","slug":"collier-en-or-jaune-avec-diamants-de-0-17-carat","status":"publish","type":"product","link":"https:\/\/www.antwerpor.com\/fr\/18k-gold\/colliers-en-diamants\/collier-en-or-jaune-avec-diamants-de-0-17-carat\/","title":{"rendered":"Collier en or jaune avec diamants de 0.17 carat"},"content":{"rendered":"","protected":false},"excerpt":{"rendered":"<p>Cette pi\u00e8ce splendide est un bracelet en diamant. C&rsquo;est un bijou compos\u00e9 d&rsquo;or jaune de 18 carats. C&rsquo;est un bracelet en diamant qui est un tr\u00e9sor sans pareil et fabriqu\u00e9 \u00e0 la perfection. [video width=\"1280\" height=\"720\" mp4=\"https:\/\/s3.amazonaws.com\/antwerporone\/video\/0.64+Ct+Ruby+0.17+Ct+Yellow+Gold+Diamond+Necklace.mp4\"][\/video] [&#8230;]<\/p>\n","protected":false},"featured_media":12059,"template":"","meta":{"_acf_changed":false},"product_brand":[],"product_cat":[274],"product_tag":[661,624,634],"class_list":{"0":"post-32213","1":"product","2":"type-product","3":"status-publish","4":"has-post-thumbnail","6":"product_cat-colliers-en-diamants","7":"product_tag-colliers-de-diamants","8":"product_tag-colliers-de-diamants-en-or-jaune","9":"product_tag-colliers-en-or-18-carats","10":"odd","12":"first","13":"instock","14":"sold-individually","15":"taxable","16":"shipping-taxable","17":"purchasable","18":"product-type-simple"},"acf":[],"_links":{"self":[{"href":"https:\/\/www.antwerpor.com\/fr\/wp-json\/wp\/v2\/product\/32213","targetHints":{"allow":["GET"]}}],"collection":[{"href":"https:\/\/www.antwerpor.com\/fr\/wp-json\/wp\/v2\/product"}],"about":[{"href":"https:\/\/www.antwerpor.com\/fr\/wp-json\/wp\/v2\/types\/product"}],"wp:featuredmedia":[{"embeddable":true,"href":"https:\/\/www.antwerpor.com\/fr\/wp-json\/wp\/v2\/media\/12059"}],"wp:attachment":[{"href":"https:\/\/www.antwerpor.com\/fr\/wp-json\/wp\/v2\/media?parent=32213"}],"wp:term":[{"taxonomy":"product_brand","embeddable":true,"href":"https:\/\/www.antwerpor.com\/fr\/wp-json\/wp\/v2\/product_brand?post=32213"},{"taxonomy":"product_cat","embeddable":true,"href":"https:\/\/www.antwerpor.com\/fr\/wp-json\/wp\/v2\/product_cat?post=32213"},{"taxonomy":"product_tag","embeddable":true,"href":"https:\/\/www.antwerpor.com\/fr\/wp-json\/wp\/v2\/product_tag?post=32213"}],"curies":[{"name":"wp","href":"https:\/\/api.w.org\/{rel}","templated":true}]}}