{"id":32199,"date":"2014-12-15T13:02:38","date_gmt":"2014-12-15T13:02:38","guid":{"rendered":"https:\/\/www.antwerpor.com\/18k-gold\/custom-order\/bague-en-or-jaune-avec-diamants-de-1-42-carats\/"},"modified":"2018-02-26T15:24:56","modified_gmt":"2018-02-26T15:24:56","slug":"1-42-carats-bracelet-en-or-jaune-avec-diamants","status":"publish","type":"product","link":"https:\/\/www.antwerpor.com\/fr\/18k-gold\/bracelets-en-diamants\/1-42-carats-bracelet-en-or-jaune-avec-diamants\/","title":{"rendered":"1.42 Carats Bracelet en or jaune avec diamants"},"content":{"rendered":"","protected":false},"excerpt":{"rendered":"<p>Cette pi\u00e8ce magnifique est un bracelet en diamant. C&rsquo;est un bijou compos\u00e9 d&rsquo;or jaune de 18 carats. C&rsquo;est un bracelet en diamant qui s\u00e9duira les spectateurs avec sa beaut\u00e9 et est le bijou parfait pour une soir\u00e9e habill\u00e9e.  [&#8230;]<\/p>\n","protected":false},"featured_media":11476,"template":"","meta":{"_acf_changed":false},"product_brand":[],"product_cat":[270],"product_tag":[554,589,556],"class_list":{"0":"post-32199","1":"product","2":"type-product","3":"status-publish","4":"has-post-thumbnail","6":"product_cat-bracelets-en-diamants","7":"product_tag-bracelets-de-diamants","8":"product_tag-bracelets-de-diamants-en-or-jaune","9":"product_tag-bracelets-en-or-18-carats","10":"odd","12":"first","13":"instock","14":"sale","15":"sold-individually","16":"taxable","17":"shipping-taxable","18":"purchasable","19":"product-type-simple"},"acf":[],"_links":{"self":[{"href":"https:\/\/www.antwerpor.com\/fr\/wp-json\/wp\/v2\/product\/32199","targetHints":{"allow":["GET"]}}],"collection":[{"href":"https:\/\/www.antwerpor.com\/fr\/wp-json\/wp\/v2\/product"}],"about":[{"href":"https:\/\/www.antwerpor.com\/fr\/wp-json\/wp\/v2\/types\/product"}],"wp:featuredmedia":[{"embeddable":true,"href":"https:\/\/www.antwerpor.com\/fr\/wp-json\/wp\/v2\/media\/11476"}],"wp:attachment":[{"href":"https:\/\/www.antwerpor.com\/fr\/wp-json\/wp\/v2\/media?parent=32199"}],"wp:term":[{"taxonomy":"product_brand","embeddable":true,"href":"https:\/\/www.antwerpor.com\/fr\/wp-json\/wp\/v2\/product_brand?post=32199"},{"taxonomy":"product_cat","embeddable":true,"href":"https:\/\/www.antwerpor.com\/fr\/wp-json\/wp\/v2\/product_cat?post=32199"},{"taxonomy":"product_tag","embeddable":true,"href":"https:\/\/www.antwerpor.com\/fr\/wp-json\/wp\/v2\/product_tag?post=32199"}],"curies":[{"name":"wp","href":"https:\/\/api.w.org\/{rel}","templated":true}]}}