{"id":32159,"date":"2014-12-16T00:32:13","date_gmt":"2014-12-16T00:32:13","guid":{"rendered":"https:\/\/www.antwerpor.com\/18k-gold\/custom-order\/bracelet-en-or-blanc-0-08-carats\/"},"modified":"2014-12-16T00:32:13","modified_gmt":"2014-12-16T00:32:13","slug":"bracelet-en-or-blanc-0-08-carats","status":"publish","type":"product","link":"https:\/\/www.antwerpor.com\/fr\/18k-gold\/bracelets-en-diamants\/bracelet-en-or-blanc-0-08-carats\/","title":{"rendered":"Bracelet en or blanc 0.08 carats"},"content":{"rendered":"","protected":false},"excerpt":{"rendered":"<p>Cette pi\u00e8ce splendide est un bracelet en diamant. C&rsquo;est un bijou compos\u00e9 d&rsquo;or blanc de 18 carats. C&rsquo;est un bracelet en diamant qui est un bijou fait \u00e0 la main, fabriqu\u00e9 \u00e0 la perfection par des experts et attirera certainement l&rsquo;attention.<\/p>\n<div class=\"youtube\"><iframe loading=\"lazy\" class=\"youtube\" src=\"https:\/\/www.youtube-nocookie.com\/embed\/dqzH9H9K8ao?rel=0&amp;showinfo=0;vq=hd1080;autoplay=1\" width=\"300\" height=\"150\" frameborder=\"0\" allowfullscreen=\"allowfullscreen\"><\/iframe><\/div>\n<p> [&#8230;]<\/p>\n","protected":false},"featured_media":7517,"template":"","meta":{"_acf_changed":false},"product_brand":[],"product_cat":[270],"product_tag":[554,586,556],"class_list":{"0":"post-32159","1":"product","2":"type-product","3":"status-publish","4":"has-post-thumbnail","6":"product_cat-bracelets-en-diamants","7":"product_tag-bracelets-de-diamants","8":"product_tag-bracelets-de-diamants-en-or-blanc-fr","9":"product_tag-bracelets-en-or-18-carats","10":"odd","12":"first","13":"outofstock","14":"sold-individually","15":"taxable","16":"shipping-taxable","17":"purchasable","18":"product-type-simple"},"acf":[],"_links":{"self":[{"href":"https:\/\/www.antwerpor.com\/fr\/wp-json\/wp\/v2\/product\/32159","targetHints":{"allow":["GET"]}}],"collection":[{"href":"https:\/\/www.antwerpor.com\/fr\/wp-json\/wp\/v2\/product"}],"about":[{"href":"https:\/\/www.antwerpor.com\/fr\/wp-json\/wp\/v2\/types\/product"}],"wp:featuredmedia":[{"embeddable":true,"href":"https:\/\/www.antwerpor.com\/fr\/wp-json\/wp\/v2\/media\/7517"}],"wp:attachment":[{"href":"https:\/\/www.antwerpor.com\/fr\/wp-json\/wp\/v2\/media?parent=32159"}],"wp:term":[{"taxonomy":"product_brand","embeddable":true,"href":"https:\/\/www.antwerpor.com\/fr\/wp-json\/wp\/v2\/product_brand?post=32159"},{"taxonomy":"product_cat","embeddable":true,"href":"https:\/\/www.antwerpor.com\/fr\/wp-json\/wp\/v2\/product_cat?post=32159"},{"taxonomy":"product_tag","embeddable":true,"href":"https:\/\/www.antwerpor.com\/fr\/wp-json\/wp\/v2\/product_tag?post=32159"}],"curies":[{"name":"wp","href":"https:\/\/api.w.org\/{rel}","templated":true}]}}