{"id":32082,"date":"2015-11-15T22:28:16","date_gmt":"2015-11-15T22:28:16","guid":{"rendered":"https:\/\/www.antwerpor.com\/18k-gold\/custom-order\/bracelet-en-or-jaune-0-16-carats-2\/"},"modified":"2018-10-16T13:40:11","modified_gmt":"2018-10-16T13:40:11","slug":"bracelet-en-or-jaune-0-16-carats-2","status":"publish","type":"product","link":"https:\/\/www.antwerpor.com\/fr\/18k-gold\/bracelets-en-diamants\/bracelet-en-or-jaune-0-16-carats-2\/","title":{"rendered":"Bracelet en or jaune 0.16 carats"},"content":{"rendered":"","protected":false},"excerpt":{"rendered":"<p>Cette pi\u00e8ce somptueuse est un bracelet en diamant. C&rsquo;est un bijou compos\u00e9 d&rsquo;or jaune de 18 carats. C&rsquo;est un bracelet en diamant qui illumine le visage de toute femme qui y pose les yeux et est un joli bijou fait \u00e0 la main, fabriqu\u00e9 \u00e0 la perfection par des experts.  [&#8230;]<\/p>\n","protected":false},"featured_media":7440,"template":"","meta":{"_acf_changed":false},"product_brand":[],"product_cat":[270],"product_tag":[554,589,556],"class_list":{"0":"post-32082","1":"product","2":"type-product","3":"status-publish","4":"has-post-thumbnail","6":"product_cat-bracelets-en-diamants","7":"product_tag-bracelets-de-diamants","8":"product_tag-bracelets-de-diamants-en-or-jaune","9":"product_tag-bracelets-en-or-18-carats","10":"odd","12":"first","13":"instock","14":"sold-individually","15":"taxable","16":"shipping-taxable","17":"purchasable","18":"product-type-simple"},"acf":[],"_links":{"self":[{"href":"https:\/\/www.antwerpor.com\/fr\/wp-json\/wp\/v2\/product\/32082","targetHints":{"allow":["GET"]}}],"collection":[{"href":"https:\/\/www.antwerpor.com\/fr\/wp-json\/wp\/v2\/product"}],"about":[{"href":"https:\/\/www.antwerpor.com\/fr\/wp-json\/wp\/v2\/types\/product"}],"wp:featuredmedia":[{"embeddable":true,"href":"https:\/\/www.antwerpor.com\/fr\/wp-json\/wp\/v2\/media\/7440"}],"wp:attachment":[{"href":"https:\/\/www.antwerpor.com\/fr\/wp-json\/wp\/v2\/media?parent=32082"}],"wp:term":[{"taxonomy":"product_brand","embeddable":true,"href":"https:\/\/www.antwerpor.com\/fr\/wp-json\/wp\/v2\/product_brand?post=32082"},{"taxonomy":"product_cat","embeddable":true,"href":"https:\/\/www.antwerpor.com\/fr\/wp-json\/wp\/v2\/product_cat?post=32082"},{"taxonomy":"product_tag","embeddable":true,"href":"https:\/\/www.antwerpor.com\/fr\/wp-json\/wp\/v2\/product_tag?post=32082"}],"curies":[{"name":"wp","href":"https:\/\/api.w.org\/{rel}","templated":true}]}}