{"id":31970,"date":"2016-07-16T01:13:09","date_gmt":"2016-07-16T01:13:09","guid":{"rendered":"https:\/\/www.antwerpor.com\/18k-gold\/custom-order\/bracelet-en-or-rose-1-32-carats\/"},"modified":"2018-02-23T09:02:53","modified_gmt":"2018-02-23T09:02:53","slug":"bracelet-en-or-rose-1-32-carats","status":"publish","type":"product","link":"https:\/\/www.antwerpor.com\/fr\/18k-gold\/bracelets-en-diamants\/bracelet-en-or-rose-1-32-carats\/","title":{"rendered":"Bracelet en or rose 1.32 carats"},"content":{"rendered":"","protected":false},"excerpt":{"rendered":"<p>Cette pi\u00e8ce sublime est un bracelet en diamant. C&rsquo;est un bijou compos\u00e9 d&rsquo;or rose de 18 carats. C&rsquo;est un bracelet en diamant qui est le bijou parfait pour une soir\u00e9e habill\u00e9e et ne manquera pas d&rsquo;ajouter un look classique \u00e0 toute tenue que vous porteriez.<\/p>\n<div class=\"youtube\"> <iframe class=\"youtube\" src=\"https:\/\/www.youtube-nocookie.com\/embed\/-wanXVwlBPA?rel=0&amp;showinfo=0;vq=hd1080;autoplay=1\" frameborder=\"0\" allowfullscreen><\/iframe> <\/div>\n<p> [&#8230;]<\/p>\n","protected":false},"featured_media":11831,"template":"","meta":{"_acf_changed":false},"product_brand":[],"product_cat":[270],"product_tag":[554,556,555],"class_list":{"0":"post-31970","1":"product","2":"type-product","3":"status-publish","4":"has-post-thumbnail","6":"product_cat-bracelets-en-diamants","7":"product_tag-bracelets-de-diamants","8":"product_tag-bracelets-en-or-18-carats","9":"product_tag-bracelets-en-or-rose","10":"odd","12":"first","13":"outofstock","14":"sold-individually","15":"taxable","16":"shipping-taxable","17":"purchasable","18":"product-type-simple"},"acf":[],"_links":{"self":[{"href":"https:\/\/www.antwerpor.com\/fr\/wp-json\/wp\/v2\/product\/31970","targetHints":{"allow":["GET"]}}],"collection":[{"href":"https:\/\/www.antwerpor.com\/fr\/wp-json\/wp\/v2\/product"}],"about":[{"href":"https:\/\/www.antwerpor.com\/fr\/wp-json\/wp\/v2\/types\/product"}],"wp:featuredmedia":[{"embeddable":true,"href":"https:\/\/www.antwerpor.com\/fr\/wp-json\/wp\/v2\/media\/11831"}],"wp:attachment":[{"href":"https:\/\/www.antwerpor.com\/fr\/wp-json\/wp\/v2\/media?parent=31970"}],"wp:term":[{"taxonomy":"product_brand","embeddable":true,"href":"https:\/\/www.antwerpor.com\/fr\/wp-json\/wp\/v2\/product_brand?post=31970"},{"taxonomy":"product_cat","embeddable":true,"href":"https:\/\/www.antwerpor.com\/fr\/wp-json\/wp\/v2\/product_cat?post=31970"},{"taxonomy":"product_tag","embeddable":true,"href":"https:\/\/www.antwerpor.com\/fr\/wp-json\/wp\/v2\/product_tag?post=31970"}],"curies":[{"name":"wp","href":"https:\/\/api.w.org\/{rel}","templated":true}]}}