{"id":31643,"date":"2015-10-30T13:33:51","date_gmt":"2015-10-30T13:33:51","guid":{"rendered":"https:\/\/www.antwerpor.com\/18k-gold\/custom-order\/bague-avec-diamant-en-or-rose-de-0-26-carats\/"},"modified":"2018-10-16T12:02:12","modified_gmt":"2018-10-16T12:02:12","slug":"bague-avec-diamant-en-or-rose-de-0-26-carats","status":"publish","type":"product","link":"https:\/\/www.antwerpor.com\/fr\/18k-gold\/bagues-en-diamant\/bague-avec-diamant-en-or-rose-de-0-26-carats\/","title":{"rendered":"Bague avec diamant en or rose de 0.26 carats"},"content":{"rendered":"","protected":false},"excerpt":{"rendered":"<p>Cette pi\u00e8ce magnifique est une bague en diamant. C&rsquo;est un bijou compos\u00e9 d&rsquo;or rose de 18 carats. C&rsquo;est une bague en diamant qui met en valeur votre go\u00fbt en mati\u00e8re de bijoux et a \u00e9t\u00e9 inspir\u00e9 par une allure antique.  [&#8230;]<\/p>\n","protected":false},"featured_media":7090,"template":"","meta":{"_acf_changed":false},"product_brand":[],"product_cat":[278],"product_tag":[669,639,604,649],"class_list":{"0":"post-31643","1":"product","2":"type-product","3":"status-publish","4":"has-post-thumbnail","6":"product_cat-bagues-en-diamant","7":"product_tag-bagues-en-diamant","8":"product_tag-bagues-en-or-18-carats","9":"product_tag-bagues-en-or-rose","10":"product_tag-bijoux-en-diamants-amethyste","11":"pa_ring-size-f-fr","12":"pa_ring-size-uk-g--usa-3-1-2-fr","13":"pa_ring-size-g-fr","14":"pa_ring-size-uk-h--usa-4-fr","15":"pa_ring-size-uk-h-usa-3-3-4-fr","16":"pa_ring-size-uk-i--usa-4-1-2-fr","17":"pa_ring-size-uk-i-usa-4-1-4-fr","18":"pa_ring-size-uk-j--usa-5-fr","19":"pa_ring-size-uk-j-usa-4-5-8-fr","20":"pa_ring-size-uk-k--usa-5-1-2-fr","21":"pa_ring-size-uk-k-usa-5-1-4-fr","22":"pa_ring-size-uk-l--usa-6-fr","23":"pa_ring-size-uk-l-usa-5-1-2-fr","24":"pa_ring-size-uk-m--usa-6-1-2-fr","25":"pa_ring-size-uk-n--usa-7-fr","26":"pa_ring-size-uk-n-usa-6-3-4-fr","27":"pa_ring-size-uk-o--usa-7-1-2-fr","28":"pa_ring-size-uk-o-usa-7-1-4-fr","29":"pa_ring-size-uk-p--usa-8-fr","30":"pa_ring-size-uk-p-usa-7-3-4-fr","31":"pa_ring-size-uk-q--usa-8-1-2-fr","32":"pa_ring-size-uk-q-usa-8-1-3-fr","33":"pa_ring-size-uk-r--usa-9-fr","34":"pa_ring-size-uk-r-usa-8-3-4-fr","35":"pa_ring-size-uk-s-usa-9-1-4-fr","36":"odd","38":"first","39":"outofstock","40":"sold-individually","41":"taxable","42":"shipping-taxable","43":"product-type-variable"},"acf":[],"_links":{"self":[{"href":"https:\/\/www.antwerpor.com\/fr\/wp-json\/wp\/v2\/product\/31643","targetHints":{"allow":["GET"]}}],"collection":[{"href":"https:\/\/www.antwerpor.com\/fr\/wp-json\/wp\/v2\/product"}],"about":[{"href":"https:\/\/www.antwerpor.com\/fr\/wp-json\/wp\/v2\/types\/product"}],"wp:featuredmedia":[{"embeddable":true,"href":"https:\/\/www.antwerpor.com\/fr\/wp-json\/wp\/v2\/media\/7090"}],"wp:attachment":[{"href":"https:\/\/www.antwerpor.com\/fr\/wp-json\/wp\/v2\/media?parent=31643"}],"wp:term":[{"taxonomy":"product_brand","embeddable":true,"href":"https:\/\/www.antwerpor.com\/fr\/wp-json\/wp\/v2\/product_brand?post=31643"},{"taxonomy":"product_cat","embeddable":true,"href":"https:\/\/www.antwerpor.com\/fr\/wp-json\/wp\/v2\/product_cat?post=31643"},{"taxonomy":"product_tag","embeddable":true,"href":"https:\/\/www.antwerpor.com\/fr\/wp-json\/wp\/v2\/product_tag?post=31643"}],"curies":[{"name":"wp","href":"https:\/\/api.w.org\/{rel}","templated":true}]}}