{"id":31564,"date":"2016-02-04T13:31:22","date_gmt":"2016-02-04T13:31:22","guid":{"rendered":"https:\/\/www.antwerpor.com\/18k-gold\/custom-order\/bague-en-or-blanc-avec-diamants-de-1-49-carats\/"},"modified":"2016-02-04T13:31:22","modified_gmt":"2016-02-04T13:31:22","slug":"bague-en-or-blanc-avec-diamants-de-1-49-carats","status":"publish","type":"product","link":"https:\/\/www.antwerpor.com\/fr\/18k-gold\/bagues-en-diamant\/bague-en-or-blanc-avec-diamants-de-1-49-carats\/","title":{"rendered":"Bague en or blanc avec diamants de 1.49 carats"},"content":{"rendered":"","protected":false},"excerpt":{"rendered":"<p>Cette pi\u00e8ce splendide est une bague en diamant. C&rsquo;est un bijou compos\u00e9 d&rsquo;or blanc de 18 carats. C&rsquo;est une bague en diamant qui \u00e9blouira quiconque y posera le regard et brille sous de nombreux angles.  [&#8230;]<\/p>\n","protected":false},"featured_media":11532,"template":"","meta":{"_acf_changed":false},"product_brand":[],"product_cat":[278],"product_tag":[669,639,614],"class_list":{"0":"post-31564","1":"product","2":"type-product","3":"status-publish","4":"has-post-thumbnail","6":"product_cat-bagues-en-diamant","7":"product_tag-bagues-en-diamant","8":"product_tag-bagues-en-or-18-carats","9":"product_tag-bagues-en-or-blanc","10":"odd","12":"first","13":"outofstock","14":"sold-individually","15":"taxable","16":"shipping-taxable","17":"purchasable","18":"product-type-simple"},"acf":[],"_links":{"self":[{"href":"https:\/\/www.antwerpor.com\/fr\/wp-json\/wp\/v2\/product\/31564","targetHints":{"allow":["GET"]}}],"collection":[{"href":"https:\/\/www.antwerpor.com\/fr\/wp-json\/wp\/v2\/product"}],"about":[{"href":"https:\/\/www.antwerpor.com\/fr\/wp-json\/wp\/v2\/types\/product"}],"wp:featuredmedia":[{"embeddable":true,"href":"https:\/\/www.antwerpor.com\/fr\/wp-json\/wp\/v2\/media\/11532"}],"wp:attachment":[{"href":"https:\/\/www.antwerpor.com\/fr\/wp-json\/wp\/v2\/media?parent=31564"}],"wp:term":[{"taxonomy":"product_brand","embeddable":true,"href":"https:\/\/www.antwerpor.com\/fr\/wp-json\/wp\/v2\/product_brand?post=31564"},{"taxonomy":"product_cat","embeddable":true,"href":"https:\/\/www.antwerpor.com\/fr\/wp-json\/wp\/v2\/product_cat?post=31564"},{"taxonomy":"product_tag","embeddable":true,"href":"https:\/\/www.antwerpor.com\/fr\/wp-json\/wp\/v2\/product_tag?post=31564"}],"curies":[{"name":"wp","href":"https:\/\/api.w.org\/{rel}","templated":true}]}}