{"id":31337,"date":"2014-12-22T00:05:13","date_gmt":"2014-12-22T00:05:13","guid":{"rendered":"https:\/\/www.antwerpor.com\/18k-gold\/custom-order\/boucles-doreilles-en-or-rose-et-diamants-de-0-67-carat\/"},"modified":"2014-12-22T00:05:13","modified_gmt":"2014-12-22T00:05:13","slug":"boucles-doreilles-en-or-rose-et-diamants-de-0-67-carat","status":"publish","type":"product","link":"https:\/\/www.antwerpor.com\/fr\/18k-gold\/boucles-doreille-en-diamants\/boucles-doreilles-en-or-rose-et-diamants-de-0-67-carat\/","title":{"rendered":"Boucles d&rsquo;oreilles en or rose et diamants de 0.67 carat"},"content":{"rendered":"","protected":false},"excerpt":{"rendered":"<p>Cette pi\u00e8ce magnifique est une paire de boucles d&rsquo;oreilles en diamants. C&rsquo;est un bijou compos\u00e9 d&rsquo;or rose de 18 carats. C&rsquo;est une paire de boucles d&rsquo;oreilles en diamants qui \u00e9blouira quiconque y posera le regard et est une pi\u00e8ce parfaite pour une jolie tenue. [&#8230;]<\/p>\n","protected":false},"featured_media":8221,"template":"","meta":{"_acf_changed":false},"product_brand":[],"product_cat":[272],"product_tag":[282,280,599],"class_list":{"0":"post-31337","1":"product","2":"type-product","3":"status-publish","4":"has-post-thumbnail","6":"product_cat-boucles-doreille-en-diamants","7":"product_tag-boucles-doreilles-en-diamants","8":"product_tag-boucles-doreilles-en-or-18-carats","9":"product_tag-boucles-doreilles-en-or-rose","10":"odd","12":"first","13":"outofstock","14":"sold-individually","15":"taxable","16":"shipping-taxable","17":"purchasable","18":"product-type-simple"},"acf":[],"_links":{"self":[{"href":"https:\/\/www.antwerpor.com\/fr\/wp-json\/wp\/v2\/product\/31337","targetHints":{"allow":["GET"]}}],"collection":[{"href":"https:\/\/www.antwerpor.com\/fr\/wp-json\/wp\/v2\/product"}],"about":[{"href":"https:\/\/www.antwerpor.com\/fr\/wp-json\/wp\/v2\/types\/product"}],"wp:featuredmedia":[{"embeddable":true,"href":"https:\/\/www.antwerpor.com\/fr\/wp-json\/wp\/v2\/media\/8221"}],"wp:attachment":[{"href":"https:\/\/www.antwerpor.com\/fr\/wp-json\/wp\/v2\/media?parent=31337"}],"wp:term":[{"taxonomy":"product_brand","embeddable":true,"href":"https:\/\/www.antwerpor.com\/fr\/wp-json\/wp\/v2\/product_brand?post=31337"},{"taxonomy":"product_cat","embeddable":true,"href":"https:\/\/www.antwerpor.com\/fr\/wp-json\/wp\/v2\/product_cat?post=31337"},{"taxonomy":"product_tag","embeddable":true,"href":"https:\/\/www.antwerpor.com\/fr\/wp-json\/wp\/v2\/product_tag?post=31337"}],"curies":[{"name":"wp","href":"https:\/\/api.w.org\/{rel}","templated":true}]}}